{"id":741112,"date":"2025-08-28T00:42:11","date_gmt":"2025-08-27T21:42:11","guid":{"rendered":"https:\/\/roveyayinevi.com.tr\/index.php\/urun\/mahes\/"},"modified":"2026-04-16T02:52:13","modified_gmt":"2026-04-15T23:52:13","slug":"mahes","status":"publish","type":"product","link":"https:\/\/roveyayinevi.com.tr\/index.php\/urun\/mahes\/","title":{"rendered":"Mahes"},"content":{"rendered":"<p>Hain planlar\u0131n\u0131 ger\u00e7ekle\u015ftiren bir Krali\u00e7e\u2026 Karanl\u0131\u011fa do\u011fan ve intikamla yan\u0131p tutu\u015fan bir tanr\u0131\u00e7a\u2026 Her ge\u00e7en g\u00fcn i\u00e7indeki iyili\u011fi yitiren bir adam\u2026 Ve kaderin girdab\u0131na kap\u0131lan bir a\u015fk\u2026     Krali\u00e7e Neftis\u2019in as\u0131rlard\u0131r s\u00fcregelen saplant\u0131l\u0131 planlar\u0131 ger\u00e7ekle\u015fti\u011finde her \u015feyini kaybeden Ayliz olmu\u015ftu. Ancak tanr\u0131lar\u0131n tanr\u0131s\u0131 oyuna dahil oldu\u011funda t\u00fcm dengeler de\u011fi\u015fecekve \u00e7\u00f6l\u00fcn sert f\u0131rt\u0131nalar\u0131n\u0131n aras\u0131nda yeni ittifaklar kurulacakt\u0131.   Antik s\u0131rlar\u0131n aras\u0131ndaki yerini \u00f6\u011frenen Ayliz K\u0131l\u0131\u00e7\u2019\u0131n art\u0131k kabullenmesi gereken yeni bir kimli\u011fi ortaya\u00e7\u0131kacak ve Y\u00fcce Ra taraf\u0131ndan yeni M\u0131s\u0131r Tanr\u0131\u00e7al\u0131\u011f\u0131 ile g\u00f6revlendirildi\u011finde kendini bu yeni s\u0131fat\u0131naal\u0131\u015ft\u0131rmas\u0131 gerekecekti. Bir yandan ona bah\u015fedilen unvanla ba\u015fa \u00e7\u0131kmaya \u00e7al\u0131\u015facak bir yandan ise Krali\u00e7etaraf\u0131ndan al\u0131konulan Aytun\u2019u arayacakt\u0131. Soyu cehennem ate\u015fine dayanan g\u00fc\u00e7leri g\u00fcn ge\u00e7tik\u00e7e artarkenAyliz kendini ba\u015f d\u00fc\u015fman\u0131n\u0131n kar\u015f\u0131s\u0131na \u00e7\u0131kmak i\u00e7in haz\u0131rlayacak ve yeni dostluklar kuracakt\u0131.Ait olmad\u0131klar\u0131 bedenlerde yeniden var olan azapruhlar\u0131, Tanr\u0131lar ve Tanr\u0131\u00e7alar\u2026   Kader, son s\u00f6zlerini s\u00f6yledi\u011finde yazg\u0131 ipleri kimlere da\u011f\u0131t\u0131lacakt\u0131?<\/p>\n","protected":false},"excerpt":{"rendered":"<p>Hain planlar\u0131n\u0131 ger\u00e7ekle\u015ftiren bir Krali\u00e7e\u2026 Karanl\u0131\u011fa do\u011fan ve intikamla yan\u0131p tutu\u015fan bir tanr\u0131\u00e7a\u2026 Her ge\u00e7en g\u00fcn i\u00e7indeki iyili\u011fi yitiren bir adam\u2026 Ve kaderin girdab\u0131na kap\u0131lan bir<span class=\"excerpt-hellip\"> [\u2026]<\/span><\/p>\n","protected":false},"featured_media":0,"template":"","meta":{"_monsterinsights_skip_tracking":false,"_monsterinsights_sitenote_active":false,"_monsterinsights_sitenote_note":"","_monsterinsights_sitenote_category":0},"product_brand":[],"product_cat":[12291,12711],"product_tag":[],"class_list":{"0":"post-741112","1":"product","2":"type-product","3":"status-publish","5":"product_cat-edebiyat","6":"product_cat-roman-oyku","7":"pa_cilt-ciltsiz","8":"pa_tur-kitap","9":"pa_yayinevi-ephesus-yayinlari","10":"pa_yazar-gamze-celik","12":"first","13":"instock","14":"sale","15":"shipping-taxable","16":"purchasable","17":"product-type-simple"},"_links":{"self":[{"href":"https:\/\/roveyayinevi.com.tr\/index.php\/wp-json\/wp\/v2\/product\/741112","targetHints":{"allow":["GET"]}}],"collection":[{"href":"https:\/\/roveyayinevi.com.tr\/index.php\/wp-json\/wp\/v2\/product"}],"about":[{"href":"https:\/\/roveyayinevi.com.tr\/index.php\/wp-json\/wp\/v2\/types\/product"}],"wp:attachment":[{"href":"https:\/\/roveyayinevi.com.tr\/index.php\/wp-json\/wp\/v2\/media?parent=741112"}],"wp:term":[{"taxonomy":"product_brand","embeddable":true,"href":"https:\/\/roveyayinevi.com.tr\/index.php\/wp-json\/wp\/v2\/product_brand?post=741112"},{"taxonomy":"product_cat","embeddable":true,"href":"https:\/\/roveyayinevi.com.tr\/index.php\/wp-json\/wp\/v2\/product_cat?post=741112"},{"taxonomy":"product_tag","embeddable":true,"href":"https:\/\/roveyayinevi.com.tr\/index.php\/wp-json\/wp\/v2\/product_tag?post=741112"}],"curies":[{"name":"wp","href":"https:\/\/api.w.org\/{rel}","templated":true}]}}