{"id":741111,"date":"2025-08-28T00:42:10","date_gmt":"2025-08-27T21:42:10","guid":{"rendered":"https:\/\/roveyayinevi.com.tr\/index.php\/urun\/muhtesem-filmler\/"},"modified":"2026-04-16T02:52:13","modified_gmt":"2026-04-15T23:52:13","slug":"muhtesem-filmler","status":"publish","type":"product","link":"https:\/\/roveyayinevi.com.tr\/index.php\/urun\/muhtesem-filmler\/","title":{"rendered":"Muhte\u015fem Filmler"},"content":{"rendered":"<p>Perdenin arkas\u0131nda neler var? \u0130lk olarak, karanl\u0131k odada ger\u00e7ekle\u015fen garip \u00e7al\u0131\u015fmalar sonunda resimlerin ger\u00e7ekten hareket etmesi sa\u011fland\u0131. Sonra sinema d\u00fcnyas\u0131 patlama ya\u015fad\u0131 ve Hollywood denilen uykulu \u015fehir birdenbire son zamanlar\u0131n en b\u00fcy\u00fck \u00e7\u0131k\u0131\u015f\u0131n\u0131 yapt\u0131. \u015eimdi g\u00f6r\u00fclmeye de\u011fer \u00f6zel efektler sayesinde her \u015fey m\u00fcmk\u00fcn&#8230; Dinozorlar geri d\u00f6nebiliyor ve bir goril d\u00fcnyaca \u00fcnl\u00fc bir y\u0131ld\u0131z olabiliyor. Y\u0131ld\u0131zlarla dolu bu kitap ile beyazperdenin arkas\u0131na ge\u00e7in; kaprisli akt\u00f6rler ve \u00e7\u0131lg\u0131n y\u00f6netmenlerle tan\u0131\u015f\u0131n&#8230; Perdenin arkas\u0131ndaki ilgin\u00e7 d\u00fcnyaya yolculuk yapmaya haz\u0131r m\u0131s\u0131n\u0131z?<\/p>\n","protected":false},"excerpt":{"rendered":"<p>Perdenin arkas\u0131nda neler var? \u0130lk olarak, karanl\u0131k odada ger\u00e7ekle\u015fen garip \u00e7al\u0131\u015fmalar sonunda resimlerin ger\u00e7ekten hareket etmesi sa\u011fland\u0131. Sonra sinema d\u00fcnyas\u0131 patlama ya\u015fad\u0131 ve Hollywood denilen uykulu<span class=\"excerpt-hellip\"> [\u2026]<\/span><\/p>\n","protected":false},"featured_media":0,"template":"","meta":{"_monsterinsights_skip_tracking":false,"_monsterinsights_sitenote_active":false,"_monsterinsights_sitenote_note":"","_monsterinsights_sitenote_category":0},"product_brand":[],"product_cat":[12274,15842],"product_tag":[],"class_list":{"0":"post-741111","1":"product","2":"type-product","3":"status-publish","5":"product_cat-cocuk-ve-genclik-kitaplari","6":"product_cat-egitici-kitaplar","7":"pa_cilt-ciltsiz","8":"pa_tur-kitap","9":"pa_yayinevi-eglenceli-bilgi-yayinlari","10":"pa_yazar-martin-oliver","12":"first","13":"instock","14":"sale","15":"shipping-taxable","16":"purchasable","17":"product-type-simple"},"_links":{"self":[{"href":"https:\/\/roveyayinevi.com.tr\/index.php\/wp-json\/wp\/v2\/product\/741111","targetHints":{"allow":["GET"]}}],"collection":[{"href":"https:\/\/roveyayinevi.com.tr\/index.php\/wp-json\/wp\/v2\/product"}],"about":[{"href":"https:\/\/roveyayinevi.com.tr\/index.php\/wp-json\/wp\/v2\/types\/product"}],"wp:attachment":[{"href":"https:\/\/roveyayinevi.com.tr\/index.php\/wp-json\/wp\/v2\/media?parent=741111"}],"wp:term":[{"taxonomy":"product_brand","embeddable":true,"href":"https:\/\/roveyayinevi.com.tr\/index.php\/wp-json\/wp\/v2\/product_brand?post=741111"},{"taxonomy":"product_cat","embeddable":true,"href":"https:\/\/roveyayinevi.com.tr\/index.php\/wp-json\/wp\/v2\/product_cat?post=741111"},{"taxonomy":"product_tag","embeddable":true,"href":"https:\/\/roveyayinevi.com.tr\/index.php\/wp-json\/wp\/v2\/product_tag?post=741111"}],"curies":[{"name":"wp","href":"https:\/\/api.w.org\/{rel}","templated":true}]}}