{"id":741109,"date":"2025-08-28T00:42:07","date_gmt":"2025-08-27T21:42:07","guid":{"rendered":"https:\/\/roveyayinevi.com.tr\/index.php\/urun\/deyimler-ve-hikayeleri-2\/"},"modified":"2026-04-16T02:52:13","modified_gmt":"2026-04-15T23:52:13","slug":"deyimler-ve-hikayeleri-2","status":"publish","type":"product","link":"https:\/\/roveyayinevi.com.tr\/index.php\/urun\/deyimler-ve-hikayeleri-2\/","title":{"rendered":"Deyimler ve Hikayeleri -2"},"content":{"rendered":"<p>Dikkat! Son bin y\u0131l\u0131n en \u00f6nemli havadislerini sak\u0131n ka\u00e7\u0131rmay\u0131n! Deyimlerin s\u0131r perdesi aralan\u0131yor, arkalar\u0131nda yatan olaylar g\u00fcn y\u00fcz\u00fcne \u00e7\u0131k\u0131yor&#8230; Kap\u0131dan kovulsa bacadan giren ars\u0131z ked\u0130 ni\u00e7in renk de\u011fi\u015ftirdi? Hocas\u0131n\u0131n anlatt\u0131klar\u0131 bir kula\u011f\u0131ndan girip \u00f6b\u00fcr kula\u011f\u0131ndan \u00e7\u0131kan talebenin d\u00e2hiyane fikri neydi? Pire i\u00e7in yorgan yakan gelinin \u00e7eyiz g\u00fcn\u00fcnde neler ya\u015fand\u0131? G\u00fcnleri say\u0131l\u0131 olan adam kefeni y\u0131rtmay\u0131 nas\u0131l ba\u015fard\u0131? Bitmek bilmeyen y\u0131lan hik\u00e2yesindeki o y\u0131lana ne oldu? Dertsiz ba\u015f\u0131n\u0131 derde sokan delikanl\u0131 asl\u0131nda masum muydu? Hepsi ve daha fazlas\u0131 i\u015fte bu kitapta! &#8230; Deyimler bir dilin zenginli\u011fidir. Anlat\u0131ma g\u00fczellik, g\u00fc\u00e7 ve canl\u0131l\u0131k katarlar. Yazarken ve konu\u015furken do\u011fru \u015fekilde ne kadar \u00e7ok deyim kullan\u0131rsak ifadelerimiz o kadar g\u00fczel, kendimiz de o kadar haval\u0131 oluruz. B\u00f6ylece bizi dinleyenlerin hayranl\u0131ktan a\u011fz\u0131 a\u00e7\u0131k kal\u0131r, sevenlerimizin g\u00f6\u011fs\u00fc kabar\u0131r, bize de be\u015flik simit gibi kurulmak kal\u0131r. \u0130\u015fte, bu kitapta deyimlerin anlamlar\u0131n\u0131 ve kullan\u0131mlar\u0131n\u0131 kolay kavraman\u0131z i\u00e7in birbirinden g\u00fczel hik\u00e2yeler okuyacaks\u0131n\u0131z. Okurken kimi zaman kilolarca tur\u015fuluk aras\u0131nda kaybolacak, kimi zaman \u00e7orbaya atacak tuz bulamayacaks\u0131n\u0131z. Bazen medrese \u00f6\u011frencileriyle laflayacak, bazen bir \u00e7ift\u00e7inin ba\u011f\u0131nda dolanacaks\u0131n\u0131z. \u00c7enesi d\u00fc\u015f\u00fck k\u0131z\u0131n neler konu\u015ftu\u011funu, di\u015fleri d\u00f6k\u00fck ninenin nasihatlerini ve y\u0131lan hik\u00e2yesinin sonunun nas\u0131l bitti\u011fini merak ediyorsan\u0131z buyurun cenaze namaz\u0131na! \u015eey, aman buyurun deyimlerin ilgin\u00e7 ve e\u011flenceli d\u00fcnyas\u0131na!<\/p>\n","protected":false},"excerpt":{"rendered":"<p>Dikkat! Son bin y\u0131l\u0131n en \u00f6nemli havadislerini sak\u0131n ka\u00e7\u0131rmay\u0131n! Deyimlerin s\u0131r perdesi aralan\u0131yor, arkalar\u0131nda yatan olaylar g\u00fcn y\u00fcz\u00fcne \u00e7\u0131k\u0131yor&#8230; Kap\u0131dan kovulsa bacadan giren ars\u0131z ked\u0130 ni\u00e7in<span class=\"excerpt-hellip\"> [\u2026]<\/span><\/p>\n","protected":false},"featured_media":0,"template":"","meta":{"_monsterinsights_skip_tracking":false,"_monsterinsights_sitenote_active":false,"_monsterinsights_sitenote_note":"","_monsterinsights_sitenote_category":0},"product_brand":[],"product_cat":[12274,12284],"product_tag":[],"class_list":{"0":"post-741109","1":"product","2":"type-product","3":"status-publish","5":"product_cat-cocuk-ve-genclik-kitaplari","6":"product_cat-hikayeler","7":"pa_cilt-ciltsiz","8":"pa_tur-kitap","9":"pa_yayinevi-carpe-diem-kitaplari","10":"pa_yazar-selcen-yuksel-arvas","12":"first","13":"instock","14":"sale","15":"shipping-taxable","16":"purchasable","17":"product-type-simple"},"_links":{"self":[{"href":"https:\/\/roveyayinevi.com.tr\/index.php\/wp-json\/wp\/v2\/product\/741109","targetHints":{"allow":["GET"]}}],"collection":[{"href":"https:\/\/roveyayinevi.com.tr\/index.php\/wp-json\/wp\/v2\/product"}],"about":[{"href":"https:\/\/roveyayinevi.com.tr\/index.php\/wp-json\/wp\/v2\/types\/product"}],"wp:attachment":[{"href":"https:\/\/roveyayinevi.com.tr\/index.php\/wp-json\/wp\/v2\/media?parent=741109"}],"wp:term":[{"taxonomy":"product_brand","embeddable":true,"href":"https:\/\/roveyayinevi.com.tr\/index.php\/wp-json\/wp\/v2\/product_brand?post=741109"},{"taxonomy":"product_cat","embeddable":true,"href":"https:\/\/roveyayinevi.com.tr\/index.php\/wp-json\/wp\/v2\/product_cat?post=741109"},{"taxonomy":"product_tag","embeddable":true,"href":"https:\/\/roveyayinevi.com.tr\/index.php\/wp-json\/wp\/v2\/product_tag?post=741109"}],"curies":[{"name":"wp","href":"https:\/\/api.w.org\/{rel}","templated":true}]}}