{"id":741106,"date":"2025-08-28T00:42:04","date_gmt":"2025-08-27T21:42:04","guid":{"rendered":"https:\/\/roveyayinevi.com.tr\/index.php\/urun\/sufizm-islamin-mistik-gelenegine-giris\/"},"modified":"2026-04-16T02:52:13","modified_gmt":"2026-04-15T23:52:13","slug":"sufizm-islamin-mistik-gelenegine-giris","status":"publish","type":"product","link":"https:\/\/roveyayinevi.com.tr\/index.php\/urun\/sufizm-islamin-mistik-gelenegine-giris\/","title":{"rendered":"Sufizm \u0130slam&#8217;\u0131n Mistik Gelene\u011fine Giri\u015f"},"content":{"rendered":"<p>D\u00fcnyaca \u00fcnl\u00fc tasavvuf ara\u015ft\u0131rmac\u0131s\u0131 Prof. Carl Ernst\u2019in, uzun s\u00fcredir terc\u00fcmesi intizar edilen, Sufizm \u0130slam\u2019\u0131n Mistik Gelene\u011fine Giri\u015f adl\u0131 m\u00fckemmel eseri nihayet Sufi Kitap etiketiyle g\u00fczel dilimize kazand\u0131r\u0131ld\u0131. Tasavvuf ara\u015ft\u0131rmac\u0131lar\u0131 i\u00e7in bir ba\u015fucu kitab\u0131 \u015feklinde tan\u0131mlanan bu eser sufizmi anlamak isteyenler i\u00e7in de adeta bir rehber i\u015flevi g\u00f6rmekte. Tasavvuf olgusuna ne oryantalistler ne de modernist M\u00fcsl\u00fcman ayd\u0131nlar gibi bakan Ernst, bu iki ak\u0131m\u0131n yakla\u015f\u0131m tarzlar\u0131na olduk\u00e7a sahih ve esasl\u0131 ele\u015ftiriler getirmekte. Tasavvufun ortaya \u00e7\u0131kt\u0131\u011f\u0131 ve tarikatlar\u0131n kurumsalla\u015ft\u0131\u011f\u0131 s\u00fcre\u00e7leri en ana hatlar\u0131yla ortaya koyan bu eser \u0130slam co\u011frafyas\u0131n\u0131n muhtelif b\u00f6lgelerinden verdi\u011fi zengin \u00f6rnekler ile tasavvufi mistik anlay\u0131\u015f\u0131n tarihsel arka plandaki g\u00fc\u00e7l\u00fc dilini ve etkileyici g\u00f6r\u00fcnt\u00fcs\u00fcn\u00fc sa\u011flam tahliller e\u015fli\u011finde tasvir etmekte. Veli, m\u00fcr\u015fid, m\u00fcrid, Cenab-\u0131 Hakk\u2019\u0131n y\u00fcce isimleri, zikir, halvet, z\u00fchd, takva gibi daha \u00e7ok say\u0131da tasavvufi kavrama \u0131\u015f\u0131k tutarken, \u015fiir, edebiyat, musiki, yay\u0131nc\u0131l\u0131k, sanat gibi olgular\u0131n sufizmle olan ili\u015fkilerinin ilgin\u00e7 tezah\u00fcrlerini vurgulamakta. B\u00fct\u00fcn bunlara ilaveten \u00e7a\u011fda\u015f d\u00fcnyada tasavvufun sosyal bir olgu olarak d\u00fcnyadaki konumu m\u00fcstakil bir ba\u015fl\u0131k alt\u0131nda i\u015flenmekte. Tassavufu merak eden, anlamaya \u00e7al\u0131\u015fan ve hatta bu olgu \u00fczerine ilmi ara\u015ft\u0131rmalar yapan her insan\u0131n sufizme y\u00f6nelik bu \u201cefr\u00e2d\u0131n\u0131 c\u00e2mi, a\u011fy\u00e2r\u0131n\u0131 m\u00e2ni\u201d g\u00fczide \u00e7al\u0131\u015fmay\u0131 muhakkak okumas\u0131 gerekti\u011fine inan\u0131yoruz.<\/p>\n","protected":false},"excerpt":{"rendered":"<p>D\u00fcnyaca \u00fcnl\u00fc tasavvuf ara\u015ft\u0131rmac\u0131s\u0131 Prof. Carl Ernst\u2019in, uzun s\u00fcredir terc\u00fcmesi intizar edilen, Sufizm \u0130slam\u2019\u0131n Mistik Gelene\u011fine Giri\u015f adl\u0131 m\u00fckemmel eseri nihayet Sufi Kitap etiketiyle g\u00fczel dilimize<span class=\"excerpt-hellip\"> [\u2026]<\/span><\/p>\n","protected":false},"featured_media":0,"template":"","meta":{"_monsterinsights_skip_tracking":false,"_monsterinsights_sitenote_active":false,"_monsterinsights_sitenote_note":"","_monsterinsights_sitenote_category":0},"product_brand":[],"product_cat":[12718,12719],"product_tag":[],"class_list":{"0":"post-741106","1":"product","2":"type-product","3":"status-publish","5":"product_cat-din","6":"product_cat-islam","7":"pa_cilt-ciltsiz","8":"pa_tur-kitap","9":"pa_yayinevi-sufi-kitap","10":"pa_yazar-carl-w-ernst","12":"first","13":"instock","14":"sale","15":"shipping-taxable","16":"purchasable","17":"product-type-simple"},"_links":{"self":[{"href":"https:\/\/roveyayinevi.com.tr\/index.php\/wp-json\/wp\/v2\/product\/741106","targetHints":{"allow":["GET"]}}],"collection":[{"href":"https:\/\/roveyayinevi.com.tr\/index.php\/wp-json\/wp\/v2\/product"}],"about":[{"href":"https:\/\/roveyayinevi.com.tr\/index.php\/wp-json\/wp\/v2\/types\/product"}],"wp:attachment":[{"href":"https:\/\/roveyayinevi.com.tr\/index.php\/wp-json\/wp\/v2\/media?parent=741106"}],"wp:term":[{"taxonomy":"product_brand","embeddable":true,"href":"https:\/\/roveyayinevi.com.tr\/index.php\/wp-json\/wp\/v2\/product_brand?post=741106"},{"taxonomy":"product_cat","embeddable":true,"href":"https:\/\/roveyayinevi.com.tr\/index.php\/wp-json\/wp\/v2\/product_cat?post=741106"},{"taxonomy":"product_tag","embeddable":true,"href":"https:\/\/roveyayinevi.com.tr\/index.php\/wp-json\/wp\/v2\/product_tag?post=741106"}],"curies":[{"name":"wp","href":"https:\/\/api.w.org\/{rel}","templated":true}]}}