{"id":741105,"date":"2025-08-28T00:42:03","date_gmt":"2025-08-27T21:42:03","guid":{"rendered":"https:\/\/roveyayinevi.com.tr\/index.php\/urun\/osmanli-ve-dunya\/"},"modified":"2026-04-16T02:52:13","modified_gmt":"2026-04-15T23:52:13","slug":"osmanli-ve-dunya","status":"publish","type":"product","link":"https:\/\/roveyayinevi.com.tr\/index.php\/urun\/osmanli-ve-dunya\/","title":{"rendered":"Osmanl\u0131 Ve D\u00fcnya"},"content":{"rendered":"<p>\u201cD\u00fcnya tarihi neden Osmanl\u0131 tarihi olmadan eksik kal\u0131r?\u201d  Osmanl\u0131 d\u00f6nemini farkl\u0131 bir a\u00e7\u0131dan ele alarak T\u00fcrklerin d\u00fcnya tarihinde oynad\u0131\u011f\u0131 \u00f6nemli rol\u00fc belirtmek ve bilhassa modern Avrupa\u2019n\u0131n do\u011fu\u015funu haz\u0131rlad\u0131\u011f\u0131n\u0131 vurgulamak\u2026 Geri kald\u0131\u011f\u0131 d\u00fc\u015f\u00fcn\u00fclen Osmanl\u0131\u2019n\u0131n \u00f6tesinde, k\u00f6kl\u00fc bir varl\u0131\u011f\u0131 olan ve d\u00fcnya \u00e7ap\u0131nda etkilerini Avrupa ve Ortado\u011fu\u2019da s\u00fcrd\u00fcren bir ba\u015fka Osmanl\u0131\u2019n\u0131n bulundu\u011funu anlatmak\u2026 Osmanl\u0131 Devleti\u2019nin tarihini ve idare sistemini inceleyip anlamak ve elde edilen tecr\u00fcbe ve bilgileri bug\u00fcn\u00fcn sorunlar\u0131n\u0131 \u00e7\u00f6zmek i\u00e7in kullanmak\u2026  Ve daha fazlas\u0131\u2026 Ba\u015fta, bu kitab\u0131n yay\u0131na haz\u0131rlanmas\u0131nda eme\u011fi ge\u00e7en ve yurtd\u0131\u015f\u0131nda Osmanl\u0131 tarihi \u00e7al\u0131\u015fmalar\u0131 ile sa\u011flad\u0131\u011f\u0131 katk\u0131lar a\u015fik\u00e2r olan Kemal Karpat olmak \u00fczere, Halil \u0130nalc\u0131k, Stanford J. Shaw, Arnold Toynbee, William McNeil, Albert Hourani, Charles Issawi\u2019nin kalemiyle Osmanl\u0131 tarihi ve d\u00fcnya ile ili\u015fkilerine d\u0131\u015far\u0131dan bir bak\u0131\u015f\u2026 Osmanl\u0131 ve D\u00fcnya, Osmanl\u0131 Devleti\u2019nin d\u00fcnya tarihindeki yerini oldu\u011fu kadar, modern tarihin olu\u015fumundaki rol\u00fcn\u00fc de ortaya \u00e7\u0131karmaya y\u00f6nelik ilk giri\u015fimlerden biri: Osmanl\u0131 ve D\u00fcnya <\/p>\n","protected":false},"excerpt":{"rendered":"<p>\u201cD\u00fcnya tarihi neden Osmanl\u0131 tarihi olmadan eksik kal\u0131r?\u201d Osmanl\u0131 d\u00f6nemini farkl\u0131 bir a\u00e7\u0131dan ele alarak T\u00fcrklerin d\u00fcnya tarihinde oynad\u0131\u011f\u0131 \u00f6nemli rol\u00fc belirtmek ve bilhassa modern Avrupa\u2019n\u0131n<span class=\"excerpt-hellip\"> [\u2026]<\/span><\/p>\n","protected":false},"featured_media":0,"template":"","meta":{"_monsterinsights_skip_tracking":false,"_monsterinsights_sitenote_active":false,"_monsterinsights_sitenote_note":"","_monsterinsights_sitenote_category":0},"product_brand":[],"product_cat":[13517,12304],"product_tag":[],"class_list":{"0":"post-741105","1":"product","2":"type-product","3":"status-publish","5":"product_cat-osmanli-tarihi","6":"product_cat-tarih","7":"pa_cilt-ciltsiz","8":"pa_tur-kitap","9":"pa_yayinevi-timas-akademi-yayinlari","10":"pa_yazar-kemal-karpat","12":"first","13":"instock","14":"sale","15":"shipping-taxable","16":"purchasable","17":"product-type-simple"},"_links":{"self":[{"href":"https:\/\/roveyayinevi.com.tr\/index.php\/wp-json\/wp\/v2\/product\/741105","targetHints":{"allow":["GET"]}}],"collection":[{"href":"https:\/\/roveyayinevi.com.tr\/index.php\/wp-json\/wp\/v2\/product"}],"about":[{"href":"https:\/\/roveyayinevi.com.tr\/index.php\/wp-json\/wp\/v2\/types\/product"}],"wp:attachment":[{"href":"https:\/\/roveyayinevi.com.tr\/index.php\/wp-json\/wp\/v2\/media?parent=741105"}],"wp:term":[{"taxonomy":"product_brand","embeddable":true,"href":"https:\/\/roveyayinevi.com.tr\/index.php\/wp-json\/wp\/v2\/product_brand?post=741105"},{"taxonomy":"product_cat","embeddable":true,"href":"https:\/\/roveyayinevi.com.tr\/index.php\/wp-json\/wp\/v2\/product_cat?post=741105"},{"taxonomy":"product_tag","embeddable":true,"href":"https:\/\/roveyayinevi.com.tr\/index.php\/wp-json\/wp\/v2\/product_tag?post=741105"}],"curies":[{"name":"wp","href":"https:\/\/api.w.org\/{rel}","templated":true}]}}