{"id":741103,"date":"2025-08-28T00:42:01","date_gmt":"2025-08-27T21:42:01","guid":{"rendered":"https:\/\/roveyayinevi.com.tr\/index.php\/urun\/osmanli-bahriyesinde-lojistik\/"},"modified":"2026-04-16T02:52:13","modified_gmt":"2026-04-15T23:52:13","slug":"osmanli-bahriyesinde-lojistik","status":"publish","type":"product","link":"https:\/\/roveyayinevi.com.tr\/index.php\/urun\/osmanli-bahriyesinde-lojistik\/","title":{"rendered":"Osmanl\u0131 Bahriyesinde Lojistik"},"content":{"rendered":"<p>Dr. Funda Songur\u2019un Osmanl\u0131 Bahriyesinde Lojistik ad\u0131n\u0131 verdi\u011fi bu eser, 1867 il\u00e2 1914 y\u0131llar\u0131 aras\u0131na odaklanarak Osmanl\u0131 Bahriyesinin lojistik imk\u00e2n ve kabiliyetlerini ortaya \u00e7\u0131karmak ve Osmanl\u0131 Devleti\u2019nin h\u00fck\u00fcm s\u00fcrd\u00fc\u011f\u00fc co\u011frafi s\u0131n\u0131rlar kapsam\u0131nda donanma \u00fcslerinin modernle\u015fme yeterlili\u011fini incelemek \u00fczere \u201cmodern donanmalar \u00e7a\u011f\u0131n\u0131n ba\u015flang\u0131c\u0131nda Osmanl\u0131 Devleti\u2019nde bahriye lojisti\u011fi nas\u0131l y\u00f6netiliyordu?\u201d sorusuna cevap aramaktad\u0131r. Kitap ayr\u0131ca Osmanl\u0131 Bahriyesinin lojistik anlay\u0131\u015f\u0131n\u0131 ortaya \u00e7\u0131karmak ve ayn\u0131 zamanda Osmanl\u0131 sular\u0131nda seyir halinde bulunan yabanc\u0131 devletlerin donanma gemileri taraf\u0131ndan ger\u00e7ekle\u015ftirilen lojistik faaliyetlerini incelemektedir.Songur bu \u00e7al\u0131\u015fmas\u0131nda, Osmanl\u0131 Bahriyesinin lojistik anlay\u0131\u015f\u0131n\u0131 d\u00f6rt temel ad\u0131m \u0131\u015f\u0131\u011f\u0131nda a\u00e7\u0131klam\u0131\u015f ve alt\u0131 ana faaliyet alan\u0131nda \u00f6rneklendirmi\u015ftir. B\u00f6ylece Osmanl\u0131 Bahriyesinde ikmal sisteminin yap\u0131sal analizini ortaya koymu\u015ftur. Yazar ayr\u0131ca ileri s\u00fcrd\u00fc\u011f\u00fc bahriye lojisti\u011fi y\u00f6netimi kavram\u0131n\u0131n her bir alt s\u00fcrecini Osmanl\u0131 Bahriyesinde inceleyerek; planlama, organizasyon ve denetim kif\u00e2yeti s\u00fcre\u00e7lerini genel tarihsel neticelere dayanarak a\u00e7\u0131klam\u0131\u015ft\u0131r. Bunu yaparken de Osmanl\u0131 Devleti\u2019nin jeostratejik konumu ve bu nedenle Osmanl\u0131 sular\u0131ndaki yabanc\u0131 unsurlar\u0131n varl\u0131\u011f\u0131n\u0131 dikkate alarak deniz g\u00fcc\u00fcn\u00fcn tarihin ak\u0131\u015f\u0131 \u00fczerindeki etkisini bir kez daha kan\u0131tlam\u0131\u015ft\u0131r.Osmanl\u0131 deniz g\u00fcc\u00fcn\u00fcn en \u00f6nemli yap\u0131sal sacayaklar\u0131ndan biri olan lojistik kavram\u0131 hi\u00e7 bu kadar kapsaml\u0131 \u00e7al\u0131\u015f\u0131lmad\u0131.<\/p>\n","protected":false},"excerpt":{"rendered":"<p>Dr. Funda Songur\u2019un Osmanl\u0131 Bahriyesinde Lojistik ad\u0131n\u0131 verdi\u011fi bu eser, 1867 il\u00e2 1914 y\u0131llar\u0131 aras\u0131na odaklanarak Osmanl\u0131 Bahriyesinin lojistik imk\u00e2n ve kabiliyetlerini ortaya \u00e7\u0131karmak ve Osmanl\u0131<span class=\"excerpt-hellip\"> [\u2026]<\/span><\/p>\n","protected":false},"featured_media":0,"template":"","meta":{"_monsterinsights_skip_tracking":false,"_monsterinsights_sitenote_active":false,"_monsterinsights_sitenote_note":"","_monsterinsights_sitenote_category":0},"product_brand":[],"product_cat":[13517,12304],"product_tag":[],"class_list":{"0":"post-741103","1":"product","2":"type-product","3":"status-publish","5":"product_cat-osmanli-tarihi","6":"product_cat-tarih","7":"pa_cilt-ciltsiz","8":"pa_tur-kitap","9":"pa_yayinevi-timas-akademi-yayinlari","10":"pa_yazar-funda-sungur","12":"first","13":"instock","14":"sale","15":"shipping-taxable","16":"purchasable","17":"product-type-simple"},"_links":{"self":[{"href":"https:\/\/roveyayinevi.com.tr\/index.php\/wp-json\/wp\/v2\/product\/741103","targetHints":{"allow":["GET"]}}],"collection":[{"href":"https:\/\/roveyayinevi.com.tr\/index.php\/wp-json\/wp\/v2\/product"}],"about":[{"href":"https:\/\/roveyayinevi.com.tr\/index.php\/wp-json\/wp\/v2\/types\/product"}],"wp:attachment":[{"href":"https:\/\/roveyayinevi.com.tr\/index.php\/wp-json\/wp\/v2\/media?parent=741103"}],"wp:term":[{"taxonomy":"product_brand","embeddable":true,"href":"https:\/\/roveyayinevi.com.tr\/index.php\/wp-json\/wp\/v2\/product_brand?post=741103"},{"taxonomy":"product_cat","embeddable":true,"href":"https:\/\/roveyayinevi.com.tr\/index.php\/wp-json\/wp\/v2\/product_cat?post=741103"},{"taxonomy":"product_tag","embeddable":true,"href":"https:\/\/roveyayinevi.com.tr\/index.php\/wp-json\/wp\/v2\/product_tag?post=741103"}],"curies":[{"name":"wp","href":"https:\/\/api.w.org\/{rel}","templated":true}]}}