{"id":741102,"date":"2025-08-28T00:41:59","date_gmt":"2025-08-27T21:41:59","guid":{"rendered":"https:\/\/roveyayinevi.com.tr\/index.php\/urun\/kanli-ay-2-kayip-melek\/"},"modified":"2026-04-16T02:52:13","modified_gmt":"2026-04-15T23:52:13","slug":"kanli-ay-2-kayip-melek","status":"publish","type":"product","link":"https:\/\/roveyayinevi.com.tr\/index.php\/urun\/kanli-ay-2-kayip-melek\/","title":{"rendered":"Kanl\u0131 Ay 2 \u2013 Kay\u0131p Melek"},"content":{"rendered":"<p>&#8220;Gece nereye giderseniz gidin siyaht\u0131r. Ve ac\u0131n\u0131n tek bir rengi vard\u0131r; kur\u015funi&#8230; &#8221;  Ante, Bedenimi \u0131s\u0131tman\u0131n bir yolunu buldular. Ancak ruhum, \u00fczerinde solukland\u0131\u011f\u0131m\u0131z buz k\u00fctleleri kadar so\u011fuk ve devinimsiz. Beni izledi\u011fin anlar\u0131 an\u0131msad\u0131\u011f\u0131mda, belle\u011fimde belirenlerin birer sanr\u0131dan ibaret oldu\u011funu bile bile elimi uzat\u0131yorum. Ah Ante, dokunam\u0131yorum. S\u0131nand\u0131\u011f\u0131m \u015fey ac\u0131yla yo\u011frulmu\u015f devasa bir bo\u015fluk. O bo\u015flu\u011fun ucunda bir bez bebek gibi sallan\u0131yorum. Bedenimi kurtar\u0131rken, ruhumu esir eden anahtar\u0131 heybende g\u00f6t\u00fcrd\u00fc\u011f\u00fcn\u00fc biliyor musun? Belki de bir yerlerden, dudaklar\u0131nda d\u00fczmece bir tebess\u00fcmle beni izliyorsun. Buraday\u0131m. Her gece ay \u0131\u015f\u0131\u011f\u0131n\u0131n alt\u0131nda durup, ya\u015fad\u0131klar\u0131m\u0131zla ba\u015f etmeye \u00e7al\u0131\u015f\u0131yorum. Beni o dipsiz mezara nas\u0131l diri diri g\u00f6md\u00fc\u011f\u00fcn\u00fc, sonra parmaklar\u0131nla kaz\u0131yarak nas\u0131l \u00e7\u0131kard\u0131\u011f\u0131n\u0131 d\u00fc\u015f\u00fcn\u00fcyorum. Hi\u00e7 kimse inanm\u0131yor; karanl\u0131k g\u00f6zlerini \u00fczerinden ay\u0131rmad\u0131\u011f\u0131n ay yeniden k\u0131zar\u0131yor. Hi\u00e7 kimse g\u00f6rm\u00fcyor; ay oluk oluk kan\u0131yor. Ante, aln\u0131mdaki yara izi s\u0131zl\u0131yor, onca zamandan sonra zihnim ilk kez kokunu duyumsuyor. Ve yabanc\u0131 bir ses f\u0131s\u0131ld\u0131yor, beni \u00e7a\u011f\u0131r\u0131yor; &#8220;Ay\u0131n kay\u0131p mele\u011fi, seni bekliyorum. &#8221; <\/p>\n","protected":false},"excerpt":{"rendered":"<p>&#8220;Gece nereye giderseniz gidin siyaht\u0131r. Ve ac\u0131n\u0131n tek bir rengi vard\u0131r; kur\u015funi&#8230; &#8221; Ante, Bedenimi \u0131s\u0131tman\u0131n bir yolunu buldular. Ancak ruhum, \u00fczerinde solukland\u0131\u011f\u0131m\u0131z buz k\u00fctleleri kadar<span class=\"excerpt-hellip\"> [\u2026]<\/span><\/p>\n","protected":false},"featured_media":0,"template":"","meta":{"_monsterinsights_skip_tracking":false,"_monsterinsights_sitenote_active":false,"_monsterinsights_sitenote_note":"","_monsterinsights_sitenote_category":0},"product_brand":[],"product_cat":[12291,12711],"product_tag":[],"class_list":{"0":"post-741102","1":"product","2":"type-product","3":"status-publish","5":"product_cat-edebiyat","6":"product_cat-roman-oyku","7":"pa_cilt-ciltsiz","8":"pa_tur-kitap","9":"pa_yayinevi-epsilon-yayinlari","10":"pa_yazar-durumavii","12":"first","13":"instock","14":"sale","15":"shipping-taxable","16":"purchasable","17":"product-type-simple"},"_links":{"self":[{"href":"https:\/\/roveyayinevi.com.tr\/index.php\/wp-json\/wp\/v2\/product\/741102","targetHints":{"allow":["GET"]}}],"collection":[{"href":"https:\/\/roveyayinevi.com.tr\/index.php\/wp-json\/wp\/v2\/product"}],"about":[{"href":"https:\/\/roveyayinevi.com.tr\/index.php\/wp-json\/wp\/v2\/types\/product"}],"wp:attachment":[{"href":"https:\/\/roveyayinevi.com.tr\/index.php\/wp-json\/wp\/v2\/media?parent=741102"}],"wp:term":[{"taxonomy":"product_brand","embeddable":true,"href":"https:\/\/roveyayinevi.com.tr\/index.php\/wp-json\/wp\/v2\/product_brand?post=741102"},{"taxonomy":"product_cat","embeddable":true,"href":"https:\/\/roveyayinevi.com.tr\/index.php\/wp-json\/wp\/v2\/product_cat?post=741102"},{"taxonomy":"product_tag","embeddable":true,"href":"https:\/\/roveyayinevi.com.tr\/index.php\/wp-json\/wp\/v2\/product_tag?post=741102"}],"curies":[{"name":"wp","href":"https:\/\/api.w.org\/{rel}","templated":true}]}}