{"id":741100,"date":"2025-08-28T00:41:57","date_gmt":"2025-08-27T21:41:57","guid":{"rendered":"https:\/\/roveyayinevi.com.tr\/index.php\/urun\/izdivac\/"},"modified":"2026-04-16T02:52:13","modified_gmt":"2026-04-15T23:52:13","slug":"izdivac","status":"publish","type":"product","link":"https:\/\/roveyayinevi.com.tr\/index.php\/urun\/izdivac\/","title":{"rendered":"\u0130zdiva\u00e7"},"content":{"rendered":"<p>Romanlar\u0131yla New York Times \u00e7ok satanlar listesinde yer alan RITA \u00f6d\u00fcll\u00fc yazar Lisa Kleypas, c\u00fcretk\u00e2r anlat\u0131m\u0131 ve s\u0131ra d\u0131\u015f\u0131 karakterleriyle tarihi a\u015fk romanlar\u0131 sevenleri 19. y\u00fczy\u0131l \u0130ngiltere\u2019sinde tutku dolu bir yolculu\u011fa \u00e7\u0131kar\u0131yor.     Gallerli bir bakkal\u0131n o\u011flu olan Rhys Winterborne, ticari zek\u00e2s\u0131 ve sa\u011fduyusu sayesinde \u0130ngiltere\u2019nin en zenginleri aras\u0131na girmeyi ba\u015farm\u0131\u015f olsa da soylular taraf\u0131ndan k\u00fc\u00e7\u00fck g\u00f6r\u00fclmekten kurtulamam\u0131\u015ft\u0131. Sahip oldu\u011fu g\u00fc\u00e7le istedi\u011fini her zaman alan Rhys, aristokrat bir ailenin g\u00fczeller g\u00fczeli k\u0131z\u0131 Helen ile tan\u0131\u015ft\u0131\u011f\u0131nda soylu bir aileden gelen e\u011fitimli bir adam olmad\u0131\u011f\u0131 i\u00e7in onu elde edememe tehlikesiyle kar\u015f\u0131 kar\u015f\u0131ya kalm\u0131\u015ft\u0131 ve onunla evlenmek i\u00e7in t\u00fcm kurallar\u0131 \u00e7i\u011fnemeye haz\u0131rd\u0131.     Daha \u00f6nce hi\u00e7bir erkekle ili\u015fki ya\u015famam\u0131\u015f ve sosyetenin iki y\u00fczl\u00fcl\u00fc\u011f\u00fcnden uzakta bir gelecek aray\u0131\u015f\u0131ndaki Helen ise Rhys\u2018le macera dolu yepyeni bir hayata ad\u0131m atmak i\u00e7in b\u00fcy\u00fck bir istek duyuyordu. Etraf\u0131ndakilerin b\u00fct\u00fcn itirazlar\u0131na ra\u011fmen Helen, kalbinin sesini dinleyip onunla evlenmeye kararl\u0131yd\u0131.   Ta ki kendisinin bir soylu olmad\u0131\u011f\u0131n\u0131 \u00f6\u011frenene kadar&#8230;<\/p>\n","protected":false},"excerpt":{"rendered":"<p>Romanlar\u0131yla New York Times \u00e7ok satanlar listesinde yer alan RITA \u00f6d\u00fcll\u00fc yazar Lisa Kleypas, c\u00fcretk\u00e2r anlat\u0131m\u0131 ve s\u0131ra d\u0131\u015f\u0131 karakterleriyle tarihi a\u015fk romanlar\u0131 sevenleri 19. y\u00fczy\u0131l<span class=\"excerpt-hellip\"> [\u2026]<\/span><\/p>\n","protected":false},"featured_media":0,"template":"","meta":{"_monsterinsights_skip_tracking":false,"_monsterinsights_sitenote_active":false,"_monsterinsights_sitenote_note":"","_monsterinsights_sitenote_category":0},"product_brand":[],"product_cat":[12291,12711],"product_tag":[],"class_list":{"0":"post-741100","1":"product","2":"type-product","3":"status-publish","5":"product_cat-edebiyat","6":"product_cat-roman-oyku","7":"pa_cilt-ciltsiz","8":"pa_tur-kitap","9":"pa_yayinevi-epsilon-yayinlari","10":"pa_yazar-lisa-kleypas","12":"first","13":"instock","14":"sale","15":"shipping-taxable","16":"purchasable","17":"product-type-simple"},"_links":{"self":[{"href":"https:\/\/roveyayinevi.com.tr\/index.php\/wp-json\/wp\/v2\/product\/741100","targetHints":{"allow":["GET"]}}],"collection":[{"href":"https:\/\/roveyayinevi.com.tr\/index.php\/wp-json\/wp\/v2\/product"}],"about":[{"href":"https:\/\/roveyayinevi.com.tr\/index.php\/wp-json\/wp\/v2\/types\/product"}],"wp:attachment":[{"href":"https:\/\/roveyayinevi.com.tr\/index.php\/wp-json\/wp\/v2\/media?parent=741100"}],"wp:term":[{"taxonomy":"product_brand","embeddable":true,"href":"https:\/\/roveyayinevi.com.tr\/index.php\/wp-json\/wp\/v2\/product_brand?post=741100"},{"taxonomy":"product_cat","embeddable":true,"href":"https:\/\/roveyayinevi.com.tr\/index.php\/wp-json\/wp\/v2\/product_cat?post=741100"},{"taxonomy":"product_tag","embeddable":true,"href":"https:\/\/roveyayinevi.com.tr\/index.php\/wp-json\/wp\/v2\/product_tag?post=741100"}],"curies":[{"name":"wp","href":"https:\/\/api.w.org\/{rel}","templated":true}]}}