{"id":741097,"date":"2025-08-28T00:41:53","date_gmt":"2025-08-27T21:41:53","guid":{"rendered":"https:\/\/roveyayinevi.com.tr\/index.php\/urun\/puyoaya-jigsaw-puzzle-to-go-winter-wonderland\/"},"modified":"2026-04-16T02:52:13","modified_gmt":"2026-04-15T23:52:13","slug":"puyoaya-jigsaw-puzzle-to-go-winter-wonderland","status":"publish","type":"product","link":"https:\/\/roveyayinevi.com.tr\/index.php\/urun\/puyoaya-jigsaw-puzzle-to-go-winter-wonderland\/","title":{"rendered":"Puyo&amp;Aya Jigsaw Puzzle to go Winter Wonderland"},"content":{"rendered":"<p>35 par\u00e7adan olu\u015fan  Puyo&amp;Aya Jigsaw Puzzle To Go Winter Wonderland; bez \u00e7antas\u0131 ile seyahatte, yolculukta \u00e7antada rahatl\u0131kla ta\u015f\u0131nabilir.  Ya\u015f: 3 Ya\u015f ve \u00fczeri i\u00e7in uygundur. Puzzle Ebat: 23X32 cm Adet: 35   <\/p>\n","protected":false},"excerpt":{"rendered":"<p>35 par\u00e7adan olu\u015fan Puyo&amp;Aya Jigsaw Puzzle To Go Winter Wonderland; bez \u00e7antas\u0131 ile seyahatte, yolculukta \u00e7antada rahatl\u0131kla ta\u015f\u0131nabilir. Ya\u015f: 3 Ya\u015f ve \u00fczeri i\u00e7in uygundur. Puzzle<span class=\"excerpt-hellip\"> [\u2026]<\/span><\/p>\n","protected":false},"featured_media":0,"template":"","meta":{"_monsterinsights_skip_tracking":false,"_monsterinsights_sitenote_active":false,"_monsterinsights_sitenote_note":"","_monsterinsights_sitenote_category":0},"product_brand":[],"product_cat":[12274,90558],"product_tag":[],"class_list":{"0":"post-741097","1":"product","2":"type-product","3":"status-publish","5":"product_cat-cocuk-ve-genclik-kitaplari","6":"product_cat-yapboz-kitaplari","7":"pa_cilt-ciltsiz","8":"pa_tur-oyuncak","9":"pa_yayinevi-puyoandaya","10":"pa_yazar-tugce-bakan","12":"first","13":"instock","14":"sale","15":"shipping-taxable","16":"purchasable","17":"product-type-simple"},"_links":{"self":[{"href":"https:\/\/roveyayinevi.com.tr\/index.php\/wp-json\/wp\/v2\/product\/741097","targetHints":{"allow":["GET"]}}],"collection":[{"href":"https:\/\/roveyayinevi.com.tr\/index.php\/wp-json\/wp\/v2\/product"}],"about":[{"href":"https:\/\/roveyayinevi.com.tr\/index.php\/wp-json\/wp\/v2\/types\/product"}],"wp:attachment":[{"href":"https:\/\/roveyayinevi.com.tr\/index.php\/wp-json\/wp\/v2\/media?parent=741097"}],"wp:term":[{"taxonomy":"product_brand","embeddable":true,"href":"https:\/\/roveyayinevi.com.tr\/index.php\/wp-json\/wp\/v2\/product_brand?post=741097"},{"taxonomy":"product_cat","embeddable":true,"href":"https:\/\/roveyayinevi.com.tr\/index.php\/wp-json\/wp\/v2\/product_cat?post=741097"},{"taxonomy":"product_tag","embeddable":true,"href":"https:\/\/roveyayinevi.com.tr\/index.php\/wp-json\/wp\/v2\/product_tag?post=741097"}],"curies":[{"name":"wp","href":"https:\/\/api.w.org\/{rel}","templated":true}]}}