{"id":741095,"date":"2025-08-28T00:41:52","date_gmt":"2025-08-27T21:41:52","guid":{"rendered":"https:\/\/roveyayinevi.com.tr\/index.php\/urun\/kendini-bilmek-2\/"},"modified":"2026-04-16T02:52:13","modified_gmt":"2026-04-15T23:52:13","slug":"kendini-bilmek-2","status":"publish","type":"product","link":"https:\/\/roveyayinevi.com.tr\/index.php\/urun\/kendini-bilmek-2\/","title":{"rendered":"Kendini Bilmek"},"content":{"rendered":"<p>\u201cSadece bilge ya da \u00f6l\u00e7\u00fcl\u00fc bir adam kendini bilir ve ne bilip ne bilmedi\u011fini ay\u0131rt edebilir&#8230; Ba\u015fka hi\u00e7 kimse bunu yapamaz.\u201dSokratesSinirbilimci Stephen M. Fleming, Kendini Bilmek: \u00d6z Fark\u0131ndal\u0131k Bilimi ad\u0131n\u0131 verdi\u011fi \u00e7al\u0131\u015fmas\u0131nda felsefe ve d\u00fc\u015f\u00fcnce tarihinin ilk d\u00f6nemlerinden beri insano\u011flunun en temel meselelerinden olan \u201ckendini bilme\u201d prati\u011fini psikoloji ve n\u00f6robilimin en g\u00fcncel ara\u015ft\u0131rmalar\u0131yla masaya yat\u0131r\u0131yor. \u00d6z fark\u0131ndal\u0131\u011f\u0131n nas\u0131l i\u015fledi\u011fini anlatarak \u201ckendini bil\u201d olarak tarif edilen antik \u00e7a\u011fr\u0131ya cevap veriyor. \u00d6z fark\u0131ndal\u0131k, kendi hatalar\u0131m\u0131z\u0131 fark etmek ve deneyimlerimiz \u00fczerine yorum yapmak gibi yeteneklerin toplam\u0131d\u0131r. Bu da \u00fcstbili\u015f yani metakognisyon-kendi d\u00fc\u015f\u00fcnme s\u00fcrecimiz \u00fczerine d\u00fc\u015f\u00fcnme yetene\u011fimiz anlam\u0131na gelir. \u00dcstbili\u015fi denklemden \u00e7\u0131kar\u0131rsak bir karar\u0131n neden ya da nas\u0131l verildi\u011fini bilemeyiz. Etraf\u0131m\u0131z\u0131n ak\u0131ll\u0131 ama bilin\u00e7siz algoritmalarla \u00e7evrili oldu\u011fu g\u00fcn\u00fcm\u00fczde \u00fcstbili\u015fi denklemden \u00e7\u0131karmak, bizi k\u00f6r bir \u015fekilde algoritman\u0131n dedi\u011fini uygulamak zorunda b\u0131rak\u0131r. \u00dcst bili\u015f bize, \u00f6\u011frenme, karar verme, di\u011fer insanlarla i\u015f birli\u011fi yapma gibi s\u00fcre\u00e7lerde \u00f6z fark\u0131ndal\u0131\u011f\u0131 kullanmay\u0131, d\u00fc\u015f\u00fcnme s\u00fcre\u00e7lerimizdeki g\u00fc\u00e7l\u00fc ve zay\u0131f y\u00f6nleri bilerek bize zarar verebilecek durumlardan nas\u0131l kurtulabilece\u011fimizi g\u00f6steren muhte\u015fem bir kapasite sunar. Kendimizi bilmenin \u00f6tesinde, ba\u015fkalar\u0131n\u0131n kendilerini nas\u0131l tan\u0131d\u0131\u011f\u0131n\u0131 bilmek daha iyi ve adil bir toplum in\u015fa etmek i\u00e7in \u00f6nemli bir f\u0131rsat sunar. O halde, kararlar\u0131m\u0131z\u0131 al\u0131rken d\u00fc\u015ft\u00fc\u011f\u00fcm\u00fcz buglar\u0131 fark edebilmek i\u00e7in \u00fcstbili\u015f ve \u00f6z fark\u0131ndal\u0131k \u00fczerine kafa yormak gerekiyor. Kendini Bilmek insan beyninin \u00fcstbili\u015f i\u00e7in ne kadar fazla say\u0131da ve kritik bile\u015fene ev sahipli\u011fi yapt\u0131\u011f\u0131n\u0131 ke\u015ffetmeye dair verimli bir okuma deneyimi sunuyor.  <\/p>\n","protected":false},"excerpt":{"rendered":"<p>\u201cSadece bilge ya da \u00f6l\u00e7\u00fcl\u00fc bir adam kendini bilir ve ne bilip ne bilmedi\u011fini ay\u0131rt edebilir&#8230; Ba\u015fka hi\u00e7 kimse bunu yapamaz.\u201dSokratesSinirbilimci Stephen M. Fleming, Kendini Bilmek:<span class=\"excerpt-hellip\"> [\u2026]<\/span><\/p>\n","protected":false},"featured_media":0,"template":"","meta":{"_monsterinsights_skip_tracking":false,"_monsterinsights_sitenote_active":false,"_monsterinsights_sitenote_note":"","_monsterinsights_sitenote_category":0},"product_brand":[],"product_cat":[12358,12357],"product_tag":[],"class_list":{"0":"post-741095","1":"product","2":"type-product","3":"status-publish","5":"product_cat-genel-psikoloji","6":"product_cat-psikoloji","7":"pa_cilt-ciltsiz","8":"pa_tur-kitap","9":"pa_yayinevi-timas-yayinlari","10":"pa_yazar-stephen-m-fleming","12":"first","13":"instock","14":"sale","15":"shipping-taxable","16":"purchasable","17":"product-type-simple"},"_links":{"self":[{"href":"https:\/\/roveyayinevi.com.tr\/index.php\/wp-json\/wp\/v2\/product\/741095","targetHints":{"allow":["GET"]}}],"collection":[{"href":"https:\/\/roveyayinevi.com.tr\/index.php\/wp-json\/wp\/v2\/product"}],"about":[{"href":"https:\/\/roveyayinevi.com.tr\/index.php\/wp-json\/wp\/v2\/types\/product"}],"wp:attachment":[{"href":"https:\/\/roveyayinevi.com.tr\/index.php\/wp-json\/wp\/v2\/media?parent=741095"}],"wp:term":[{"taxonomy":"product_brand","embeddable":true,"href":"https:\/\/roveyayinevi.com.tr\/index.php\/wp-json\/wp\/v2\/product_brand?post=741095"},{"taxonomy":"product_cat","embeddable":true,"href":"https:\/\/roveyayinevi.com.tr\/index.php\/wp-json\/wp\/v2\/product_cat?post=741095"},{"taxonomy":"product_tag","embeddable":true,"href":"https:\/\/roveyayinevi.com.tr\/index.php\/wp-json\/wp\/v2\/product_tag?post=741095"}],"curies":[{"name":"wp","href":"https:\/\/api.w.org\/{rel}","templated":true}]}}