{"id":741094,"date":"2025-08-28T00:41:50","date_gmt":"2025-08-27T21:41:50","guid":{"rendered":"https:\/\/roveyayinevi.com.tr\/index.php\/urun\/harp-baladi\/"},"modified":"2026-04-16T02:52:13","modified_gmt":"2026-04-15T23:52:13","slug":"harp-baladi","status":"publish","type":"product","link":"https:\/\/roveyayinevi.com.tr\/index.php\/urun\/harp-baladi\/","title":{"rendered":"Harp Balad\u0131"},"content":{"rendered":"<p>Binba\u015f\u0131 Halil Sadi, e\u015fi Leyla ve o\u011flu Yusuf. Hep iyi \u015feylerin oldu\u011fu bir evde mesut ya\u015farlar.Fakat Halil\u2019e ula\u015fan celple cihanda kopan f\u0131rt\u0131na bu mesut ailenin evine de s\u0131zar.Birinci Cihan Harbi t\u00fcm \u015fiddetiyle Osmanl\u0131 topraklar\u0131n\u0131 kavururken Binba\u015f\u0131 Halil\u2019e kutsal topraklar\u0131 savunmak d\u00fc\u015fer. Binba\u015f\u0131 Halil Sadi, Cem\u00e2l Pa\u015fa komutas\u0131ndaki Kanal Harek\u00e2t\u0131 i\u00e7in \u00f6nce \u015eam, ard\u0131ndan Filistin\u2019e gitmek \u00fczere uzun bir tren yolculu\u011funa \u00e7\u0131kar.Yolda pek \u00e7ok ki\u015fiyle tan\u0131\u015f\u0131r: Arnavut Ali Ferid, Sar\u0131 Cevdet, felsefe \u00f6\u011fretmeni Albay James J. Fitzgerald, Ba\u015f\u00e7avu\u015f Niyazi\u2026 Her birinin hik\u00e2yesinden \u00f6\u011frenecek, sorgulayacak pek \u00e7ok \u015fey yaz\u0131l\u0131r hanesine. \u0130nsan, hayat, zaman, sava\u015f ve \u00f6l\u00fcm ba\u015fka ba\u015fka anlamlar kazan\u0131r Binba\u015f\u0131\u2019n\u0131n zihninde. Madden ve manen s\u0131nanaca\u011f\u0131 bu me\u015fakkatli yolculu\u011faysa o\u011flu i\u00e7in kaleme ald\u0131\u011f\u0131 mektuplar e\u015flik eder.Cihan \u00c7etinkaya, roman boyunca her t\u00fcrl\u00fc farkl\u0131l\u0131\u011fa ra\u011fmen insana dair duygularda asl\u0131nda ne kadar \u00e7ok ortak noktada bulu\u015ftu\u011fumuzu, \u00e7etin \u015fartlarda hayatta kalma m\u00fccadelesinin herkesi e\u015fit k\u0131ld\u0131\u011f\u0131n\u0131 vurgularken okura hem ger\u00e7ek\u00e7i hem de duygusal bir anlat\u0131 sunuyor.Harp Balad\u0131, insan olmaya, sava\u015fa, esarete, vicdana ve hayata dair bir i\u00e7 muhasebe\u2026\u201cYaz\u0131k, baz\u0131 duygular\u0131n merhameti olmuyor. \u0130nsan bir kokuyu hayal edince elinde hat\u0131ralardan ba\u015fka hi\u00e7bir \u015fey kalm\u0131yor.\u201d<\/p>\n","protected":false},"excerpt":{"rendered":"<p>Binba\u015f\u0131 Halil Sadi, e\u015fi Leyla ve o\u011flu Yusuf. Hep iyi \u015feylerin oldu\u011fu bir evde mesut ya\u015farlar.Fakat Halil\u2019e ula\u015fan celple cihanda kopan f\u0131rt\u0131na bu mesut ailenin evine<span class=\"excerpt-hellip\"> [\u2026]<\/span><\/p>\n","protected":false},"featured_media":0,"template":"","meta":{"_monsterinsights_skip_tracking":false,"_monsterinsights_sitenote_active":false,"_monsterinsights_sitenote_note":"","_monsterinsights_sitenote_category":0},"product_brand":[],"product_cat":[12291,12711],"product_tag":[],"class_list":{"0":"post-741094","1":"product","2":"type-product","3":"status-publish","5":"product_cat-edebiyat","6":"product_cat-roman-oyku","7":"pa_cilt-ciltsiz","8":"pa_tur-kitap","9":"pa_yayinevi-timas-yayinlari","10":"pa_yazar-cihan-cetinkaya","12":"first","13":"instock","14":"sale","15":"shipping-taxable","16":"purchasable","17":"product-type-simple"},"_links":{"self":[{"href":"https:\/\/roveyayinevi.com.tr\/index.php\/wp-json\/wp\/v2\/product\/741094","targetHints":{"allow":["GET"]}}],"collection":[{"href":"https:\/\/roveyayinevi.com.tr\/index.php\/wp-json\/wp\/v2\/product"}],"about":[{"href":"https:\/\/roveyayinevi.com.tr\/index.php\/wp-json\/wp\/v2\/types\/product"}],"wp:attachment":[{"href":"https:\/\/roveyayinevi.com.tr\/index.php\/wp-json\/wp\/v2\/media?parent=741094"}],"wp:term":[{"taxonomy":"product_brand","embeddable":true,"href":"https:\/\/roveyayinevi.com.tr\/index.php\/wp-json\/wp\/v2\/product_brand?post=741094"},{"taxonomy":"product_cat","embeddable":true,"href":"https:\/\/roveyayinevi.com.tr\/index.php\/wp-json\/wp\/v2\/product_cat?post=741094"},{"taxonomy":"product_tag","embeddable":true,"href":"https:\/\/roveyayinevi.com.tr\/index.php\/wp-json\/wp\/v2\/product_tag?post=741094"}],"curies":[{"name":"wp","href":"https:\/\/api.w.org\/{rel}","templated":true}]}}