{"id":741092,"date":"2025-08-28T00:41:48","date_gmt":"2025-08-27T21:41:48","guid":{"rendered":"https:\/\/roveyayinevi.com.tr\/index.php\/urun\/buyuk-kaos\/"},"modified":"2026-04-16T02:52:13","modified_gmt":"2026-04-15T23:52:13","slug":"buyuk-kaos","status":"publish","type":"product","link":"https:\/\/roveyayinevi.com.tr\/index.php\/urun\/buyuk-kaos\/","title":{"rendered":"B\u00fcy\u00fck Kaos"},"content":{"rendered":"<p>Akl\u0131m\u0131z\u0131 m\u0131 ka\u00e7\u0131rd\u0131k? \u00dcnl\u00fc Hintli romanc\u0131 Amitav Ghosh, gelecek nesillerin pek\u00e2l\u00e2 b\u00f6yle d\u00fc\u015f\u00fcnebilece\u011fini savunuyor. K\u00fcresel \u0131s\u0131nma kar\u015f\u0131s\u0131nda ba\u015far\u0131s\u0131zl\u0131\u011f\u0131m\u0131z\u0131 ba\u015fka nas\u0131l a\u00e7\u0131klayabiliriz? Ghosh, B\u00fcy\u00fck Kaos\u2019ta edebiyat, tarih ve politika d\u00fczeyinde iklim de\u011fi\u015fikli\u011finin \u00f6l\u00e7e\u011fini ve \u015fiddetini kavrama konusundaki yetersizli\u011fimizi inceliyor.\u0130lk b\u00f6l\u00fcmde edebiyat-iklim krizi aras\u0131ndaki ili\u015fkiye odaklan\u0131rken bunu Madame Bovary\u2019den, Solaris\u2019e edebiyattan \u00f6rneklerle a\u00e7\u0131kl\u0131yor. T\u00fcr olarak bilimkurgu eserlerin ve fantastik evrenlerin mek\u00e2n ve zaman ba\u011flam\u0131nda edebiyat\u0131n s\u0131n\u0131rlar\u0131n\u0131 geni\u015fletti\u011fini vurgulayarak iklim de\u011fi\u015fikli\u011fi gibi global problemlerin gelecek senaryolar\u0131na kar\u015f\u0131l\u0131k nas\u0131l yank\u0131land\u0131\u011f\u0131na de\u011finiyor. Tarih b\u00f6l\u00fcm\u00fcnde kapitalizm ve iklim krizi ili\u015fkisi, karbon ekonomisi \u00e7er\u00e7evesinde ele al\u0131n\u0131yor. Asya\u2019daki k\u00f6m\u00fcr\u00fcn petrol end\u00fcstrisiyle ili\u015fkisinden s\u00f6m\u00fcrgecilikten sanayile\u015fmeye uzanan s\u00fcre\u00e7te geli\u015fen yeni uygarl\u0131k \u00fczerinden bir tarih okumas\u0131 ger\u00e7ekle\u015ftiriyor. Politika k\u0131sm\u0131ndaysa, iklim politikalar\u0131 etraf\u0131nda kurulu\u015flar\u0131, h\u00fck\u00fcmetleri, Bat\u0131 toplumlar\u0131n\u0131n \u00fcretim ara\u00e7lar\u0131n\u0131, diplomatik ad\u0131mlar\u0131n\u0131 ve politikalar\u0131n\u0131 ele al\u0131yor. \u0130klim kriziyle m\u00fccadelenin bireysel tedbirlerin kolektif hale gelmesiyle ba\u015flayaca\u011f\u0131n\u0131n alt\u0131n\u0131 \u0131srarla \u00e7iziyor.B\u00fcy\u00fck Kaos, zaman\u0131m\u0131z\u0131n en \u00f6nemli ger\u00e7e\u011fiyle y\u00fczle\u015fmek i\u00e7in b\u00fcy\u00fck bir yazardan derinlikli bir \u00e7a\u011fr\u0131.\u201cUzun s\u00fcredir iklim de\u011fi\u015fikli\u011fini bilimsel bir soru olarak konu\u015fuyoruz. Bu muhte\u015fem kitapta Ghosh, meseleyi bilimin dar koridorlar\u0131ndan \u00e7\u0131kar\u0131p k\u00fclt\u00fcr, politika ve iktidar\u0131n geni\u015f alanlar\u0131na ta\u015f\u0131yarak de\u011fi\u015ftiriyor. \u0130klim de\u011fi\u015fikli\u011finin, fosil yak\u0131tlara olan kolektif ba\u011f\u0131ml\u0131l\u0131\u011f\u0131m\u0131z\u0131 te\u015fvik eden ve s\u00fcrd\u00fcren birbiriyle ili\u015fkili bir dizi tarihin sonucu oldu\u011funu ve farkl\u0131 bir d\u00fcnya istedi\u011fimizi s\u00f6ylemek, ancak ya\u015fam\u0131n devam\u0131n\u0131 sa\u011flayacak \u015fekilde hareket etmek bir t\u00fcr dengesizlik oldu\u011funu savunuyor. Bu kitap sadece iklim konusunda harekete ge\u00e7mek i\u00e7in de\u011fil, iklim hakk\u0131nda tamamen yeni bir \u015fekilde d\u00fc\u015f\u00fcnmek i\u00e7in de a\u00e7\u0131k bir \u00e7a\u011fr\u0131.\u201d \u2015Naomi Oreskes\u201cB\u00fcy\u00fcleyici&#8230; Ghosh\u2019un etkileyici ve \u00e7evik \u00fcslubu, ger\u00e7ekten bakamaya \u00e7ekindi\u011fimiz bir ger\u00e7e\u011fi, insanl\u0131\u011f\u0131n kaderini, t\u00fcm ger\u00e7e\u011fi ve g\u00f6lgeleriyle ortaya koymay\u0131 ba\u015far\u0131yor.\u201d \u2015Giorgio Agamben\u201c\u00c7ok ender durumlarda, bir yazar o kadar yak\u0131c\u0131 bir i\u00e7g\u00f6r\u00fc ve hik\u00e2ye anlatma becerisini bir araya getirir ki, iyi bilinen bir konu bile ba\u015fka t\u00fcrl\u00fc g\u00f6sterir kendini. Yeni ba\u011flant\u0131lar kurulur, yeni gelecekler ortaya \u00e7\u0131kar. Ghosh b\u00f6yle bir yazar ve bu da b\u00f6yle bir kitap.\u201d \u2015Naomi Klein\u201cUsta bir hik\u00e2ye anlat\u0131c\u0131s\u0131n\u0131n mahareti ve keskin bir siyasi g\u00f6zlemcinin g\u00fc\u00e7l\u00fc vizyonuyla Ghosh, k\u00fcreselle\u015fmenin, imparatorlu\u011fun ve burjuva edebiyat\u0131n\u0131n karbon tarihi ve \u00e7a\u011fda\u015f iklim krizimizle i\u00e7 i\u00e7e ge\u00e7en karma\u015f\u0131k ili\u015fkilerinin izini s\u00fcr\u00fcyor. Heyecan verici, parlak bir analiz ve hayal g\u00fcc\u00fcn\u00fcn sentezi B\u00fcy\u00fck Kaos, Antroposen\u2019in insan gelece\u011fimiz i\u00e7in ne anlama geldi\u011fini anlamaya \u00e7al\u0131\u015fan herkes i\u00e7in temel bir okuma.\u201d \u2015Roy Scranton<\/p>\n","protected":false},"excerpt":{"rendered":"<p>Akl\u0131m\u0131z\u0131 m\u0131 ka\u00e7\u0131rd\u0131k? \u00dcnl\u00fc Hintli romanc\u0131 Amitav Ghosh, gelecek nesillerin pek\u00e2l\u00e2 b\u00f6yle d\u00fc\u015f\u00fcnebilece\u011fini savunuyor. K\u00fcresel \u0131s\u0131nma kar\u015f\u0131s\u0131nda ba\u015far\u0131s\u0131zl\u0131\u011f\u0131m\u0131z\u0131 ba\u015fka nas\u0131l a\u00e7\u0131klayabiliriz? Ghosh, B\u00fcy\u00fck Kaos\u2019ta edebiyat, tarih<span class=\"excerpt-hellip\"> [\u2026]<\/span><\/p>\n","protected":false},"featured_media":0,"template":"","meta":{"_monsterinsights_skip_tracking":false,"_monsterinsights_sitenote_active":false,"_monsterinsights_sitenote_note":"","_monsterinsights_sitenote_category":0},"product_brand":[],"product_cat":[13005,13010],"product_tag":[],"class_list":{"0":"post-741092","1":"product","2":"type-product","3":"status-publish","5":"product_cat-bilim-muhendislik","6":"product_cat-doga-bilimleri","7":"pa_cilt-ciltsiz","8":"pa_tur-kitap","9":"pa_yayinevi-timas-yayinlari","10":"pa_yazar-amitav-ghosh","12":"first","13":"instock","14":"sale","15":"shipping-taxable","16":"purchasable","17":"product-type-simple"},"_links":{"self":[{"href":"https:\/\/roveyayinevi.com.tr\/index.php\/wp-json\/wp\/v2\/product\/741092","targetHints":{"allow":["GET"]}}],"collection":[{"href":"https:\/\/roveyayinevi.com.tr\/index.php\/wp-json\/wp\/v2\/product"}],"about":[{"href":"https:\/\/roveyayinevi.com.tr\/index.php\/wp-json\/wp\/v2\/types\/product"}],"wp:attachment":[{"href":"https:\/\/roveyayinevi.com.tr\/index.php\/wp-json\/wp\/v2\/media?parent=741092"}],"wp:term":[{"taxonomy":"product_brand","embeddable":true,"href":"https:\/\/roveyayinevi.com.tr\/index.php\/wp-json\/wp\/v2\/product_brand?post=741092"},{"taxonomy":"product_cat","embeddable":true,"href":"https:\/\/roveyayinevi.com.tr\/index.php\/wp-json\/wp\/v2\/product_cat?post=741092"},{"taxonomy":"product_tag","embeddable":true,"href":"https:\/\/roveyayinevi.com.tr\/index.php\/wp-json\/wp\/v2\/product_tag?post=741092"}],"curies":[{"name":"wp","href":"https:\/\/api.w.org\/{rel}","templated":true}]}}