{"id":741090,"date":"2025-08-28T00:41:46","date_gmt":"2025-08-27T21:41:46","guid":{"rendered":"https:\/\/roveyayinevi.com.tr\/index.php\/urun\/furya-makinesi-sosyal-medya-secimlerimizi-ekonomimizi-ve-sagligimizi-nasil-bozuyor\/"},"modified":"2026-04-16T02:52:13","modified_gmt":"2026-04-15T23:52:13","slug":"furya-makinesi-sosyal-medya-secimlerimizi-ekonomimizi-ve-sagligimizi-nasil-bozuyor","status":"publish","type":"product","link":"https:\/\/roveyayinevi.com.tr\/index.php\/urun\/furya-makinesi-sosyal-medya-secimlerimizi-ekonomimizi-ve-sagligimizi-nasil-bozuyor\/","title":{"rendered":"Furya Makinesi: Sosyal Medya Se\u00e7imlerimizi, Ekonomimizi ve Sa\u011fl\u0131\u011f\u0131m\u0131z\u0131 Nas\u0131l Bozuyor?"},"content":{"rendered":"<p>Sosyal medya d\u00fcnyay\u0131 birbirine ba\u011flad\u0131 ama ayn\u0131 zamanda yalan ve sahte haberlerde b\u00fcy\u00fck bir art\u0131\u015fa ve bunun sonucunda pek \u00e7ok toplumsal soruna yol a\u00e7t\u0131. Sinan Aral\u2019a g\u00f6re, g\u00fcn\u00fcm\u00fcz\u00fcn sosyal teknolojisini kendi b\u00fcy\u00fck vaadine do\u011fru y\u00f6nlendirmek ve bizi birbirimizden uzakla\u015ft\u0131rabilecek yollardan ka\u00e7\u0131nmak i\u00e7in sosyal medyan\u0131n politika, ekonomi, toplum sa\u011fl\u0131\u011f\u0131, hatta ki\u015fisel sa\u011fl\u0131\u011f\u0131m\u0131z \u00fczerindeki b\u00fcy\u00fck etkisinin fark\u0131na varmam\u0131z \u00e7ok \u00f6nemli.   Aral, onlarca y\u0131ll\u0131k ara\u015ft\u0131rma ve deneyiminden yararlanarak en g\u00fc\u00e7l\u00fc sosyal a\u011flar\u0131 inceliyor ve kritik bir soruyu ele al\u0131yor: Sosyal medya asl\u0131nda se\u00e7imlerimizi \u2013iyi ya da k\u00f6t\u00fc y\u00f6nde\u2013 ne kadar \u015fekillendiriyor? Furya Makinesi, bilgisayar korsanlar\u0131ndan marka pazarlamac\u0131lar\u0131na kadar d\u00fc\u015f\u00fcnme ve hareket etme \u015feklimizi de\u011fi\u015ftirmeyi uman herkese, sosyal medyan\u0131n arkas\u0131ndaki teknolojinin hep ayn\u0131 davran\u0131\u015f kal\u0131b\u0131n\u0131 nas\u0131l sundu\u011funu, sonu\u00e7lar\u0131n\u0131nsa se\u00e7imlerden i\u015f d\u00fcnyas\u0131na, sa\u011fl\u0131ktan fl\u00f6rtle\u015fmeye kadar her \u015feyi nas\u0131l etkiledi\u011fini g\u00f6steriyor. Kitap ayr\u0131ca \u201ca\u011f etkileri\u201dnin Facebook gibi a\u011flar\u0131n muazzam b\u00fcy\u00fcmesini nas\u0131l besledi\u011fi, sosyal medyan\u0131n sinirbilimsel a\u00e7\u0131dan beynimizi ne \u015fekilde etkiledi\u011fi, sahte haberlerin ger\u00e7ek sonu\u00e7lar\u0131 ve sosyal derecelendirmelerin g\u00fcc\u00fc gibi \u00e7e\u015fitli konular\u0131 da irdeliyor.   Furya Makinesi, sosyal medyan\u0131n daha dikkatli t\u00fcketicileri olmak i\u00e7in stratejiler belirleyerek, d\u00fcnyam\u0131z\u0131 yeniden tan\u0131mlayan teknolojiyi anlamak ve iyi kullanmak i\u00e7in okurlara sa\u011flam bir rehber sunuyor.   <\/p>\n","protected":false},"excerpt":{"rendered":"<p>Sosyal medya d\u00fcnyay\u0131 birbirine ba\u011flad\u0131 ama ayn\u0131 zamanda yalan ve sahte haberlerde b\u00fcy\u00fck bir art\u0131\u015fa ve bunun sonucunda pek \u00e7ok toplumsal soruna yol a\u00e7t\u0131. Sinan Aral\u2019a<span class=\"excerpt-hellip\"> [\u2026]<\/span><\/p>\n","protected":false},"featured_media":0,"template":"","meta":{"_monsterinsights_skip_tracking":false,"_monsterinsights_sitenote_active":false,"_monsterinsights_sitenote_note":"","_monsterinsights_sitenote_category":0},"product_brand":[],"product_cat":[13590,12337],"product_tag":[],"class_list":{"0":"post-741090","1":"product","2":"type-product","3":"status-publish","5":"product_cat-arastirma-inceleme-politika-siyaset","6":"product_cat-politika-siyaset","7":"pa_cilt-ciltsiz","8":"pa_tur-kitap","9":"pa_yayinevi-tellekt","10":"pa_yazar-sinan-aral","12":"first","13":"instock","14":"sale","15":"shipping-taxable","16":"purchasable","17":"product-type-simple"},"_links":{"self":[{"href":"https:\/\/roveyayinevi.com.tr\/index.php\/wp-json\/wp\/v2\/product\/741090","targetHints":{"allow":["GET"]}}],"collection":[{"href":"https:\/\/roveyayinevi.com.tr\/index.php\/wp-json\/wp\/v2\/product"}],"about":[{"href":"https:\/\/roveyayinevi.com.tr\/index.php\/wp-json\/wp\/v2\/types\/product"}],"wp:attachment":[{"href":"https:\/\/roveyayinevi.com.tr\/index.php\/wp-json\/wp\/v2\/media?parent=741090"}],"wp:term":[{"taxonomy":"product_brand","embeddable":true,"href":"https:\/\/roveyayinevi.com.tr\/index.php\/wp-json\/wp\/v2\/product_brand?post=741090"},{"taxonomy":"product_cat","embeddable":true,"href":"https:\/\/roveyayinevi.com.tr\/index.php\/wp-json\/wp\/v2\/product_cat?post=741090"},{"taxonomy":"product_tag","embeddable":true,"href":"https:\/\/roveyayinevi.com.tr\/index.php\/wp-json\/wp\/v2\/product_tag?post=741090"}],"curies":[{"name":"wp","href":"https:\/\/api.w.org\/{rel}","templated":true}]}}