{"id":741089,"date":"2025-08-28T00:41:45","date_gmt":"2025-08-27T21:41:45","guid":{"rendered":"https:\/\/roveyayinevi.com.tr\/index.php\/urun\/guzel-atlar-ulkesi-2\/"},"modified":"2026-04-16T02:52:12","modified_gmt":"2026-04-15T23:52:12","slug":"guzel-atlar-ulkesi-2","status":"publish","type":"product","link":"https:\/\/roveyayinevi.com.tr\/index.php\/urun\/guzel-atlar-ulkesi-2\/","title":{"rendered":"G\u00fczel Atlar \u00dclkesi"},"content":{"rendered":"<p>Usta yazar \u0130pek Arman, e\u015fi benzeri olmayan, g\u00f6r\u00fcnce herkesi b\u00fcy\u00fclen masals\u0131 bir co\u011frafyaya, Kapadokya\u2019ya nefis bir yolculu\u011fa \u00e7\u0131kar\u0131yor hepimizi.   Kapay\u0131n g\u00f6zlerinizi s\u0131ms\u0131k\u0131 ve hayal edin\u2026 M\u00d6 7500 y\u0131l\u0131na bir yolculu\u011fa \u00e7\u0131k\u0131yoruz. \u00c7evredeki yanarda\u011flardan \u00e7ok ama \u00e7ok s\u0131cak lavlar f\u0131\u015fk\u0131r\u0131yor. Uzun bir s\u00fcre lavlardan ve k\u00fcllerden g\u00f6z g\u00f6z\u00fc g\u00f6rm\u00fcyor. Y\u0131llar ge\u00e7tik\u00e7e lavlar birikiyor, kat\u0131la\u015f\u0131yor. Ya\u011fmurlar, r\u00fczg\u00e2rlar birikenleri a\u015f\u0131nd\u0131r\u0131yor ve i\u015fte b\u00f6ylece masallardakine benzer olu\u015fumlar ortaya \u00e7\u0131k\u0131yor. Bu masals\u0131 co\u011frafya kimlere ev sahipli\u011fi yapm\u0131yor ki? Asurlar, Hititler, Persler\u2026   G\u00fcn geliyor Zeynepler ta\u015f\u0131n\u0131yor buralara. Zeynep \u00e7ok merakl\u0131 bir k\u0131z. Y\u0131llar sonra Kapadokya diye an\u0131lan bu co\u011frafyaya dair her \u015feyi \u00f6\u011frenmek istiyor. \u00dcrg\u00fcp\u2019e ad\u0131m att\u0131\u011f\u0131 ilk g\u00fcnden itibaren b\u00fcy\u00fcleniyor \u00e2deta! \u00c7ok ge\u00e7meden arkada\u015flar ediniyor. Selin, Ceren ve U\u011fur\u2019la Kapadokya kazan onlar kep\u00e7e geziyorlar. Ama sonra \u00f6yle bir macera ya\u015f\u0131yorlar ki\u2026 Kimsenin bilmedi\u011fi bir t\u00fcnelin \u00e7\u0131k\u0131\u015f\u0131n\u0131 ararlarken buluyorlar kendilerini! Bu maceraya siz de tan\u0131k olmak isterseniz sayfalar\u0131 \u00e7evirmeye ba\u015flay\u0131n\u2026   K\u0130TAPTAN Mitannili gen\u00e7 Kikkuli\u2019den bahseden y\u00f6re tarihi, delikanl\u0131n\u0131n bizzat yazd\u0131\u011f\u0131 tabletle duyurdu buradaki gu\u0308zel atlar\u0131 tu\u0308m du\u0308nyaya. At yeti\u015ftiricili\u011fini \u00f6\u011fretmek i\u00e7in kom\u015fu krall\u0131k Mitanni\u2019den Hititlerin ba\u015fkenti Hattu\u015fa\u2019ya gelen gen\u00e7 Kikkuli, tu\u0308m Hitit b\u00f6lgesine at yeti\u015ftiricili\u011fini \u00f6\u011fretirken, y\u00f6re halk\u0131na at sevgisini i\u015fleyerek belki de bunun bir gelenek olmas\u0131na katk\u0131da bulunmu\u015ftu. B\u00f6ylece Asurlular\u0131n Katpatukas\u0131, Gu\u0308zel Atlar \u00dclkesi; kendisine Kapadokya diyecek olan Perslere kadar bu \u015fekilde an\u0131ld\u0131. B\u00f6lgenin yeni halk\u0131 Persler i\u00e7in burada ya\u015famak ve buraya ait olmak hi\u00e7 de zor olmam\u0131\u015ft\u0131. Anadates, Omanos, Anaitis ad\u0131ndaki tanr\u0131lar\u0131yla ve onlar\u0131n e\u015fli\u011finde ortaya \u00e7\u0131kan ate\u015fe tapma inan\u00e7lar\u0131yla, Kapadokya\u2019n\u0131n ate\u015fe ve yanarda\u011flara teslim olmu\u015f do\u011fas\u0131nda, dekorunu \u00e7oktan bulmu\u015f bir tiyatroyu sahnelermi\u015f gibi ya\u015fay\u0131p gitmi\u015flerdi onlar da. Kikkuli\u2019den Barbara\u2019ya, gen\u00e7 bir ba\u011fc\u0131 olan Ma\u00e7an\u2019a kadar herkesin bir izi vard\u0131 bu e\u015fsiz topraklarda.                                                                         ***   Annesi ve babas\u0131 kahvalt\u0131 masas\u0131nda Zeynep\u2019in aceleyle a\u011fz\u0131na bir \u015feyler atmas\u0131na \u015fa\u015fk\u0131nl\u0131kla bak\u0131yorlard\u0131. Normalde uyumay\u0131 seven k\u0131z, bir su\u0308redir erkenden kalk\u0131yor ve yeni arkada\u015flar\u0131yla vakit ge\u00e7irmek i\u00e7in d\u0131\u015far\u0131 \u00e7\u0131k\u0131yordu. Avanos ve seramik maceras\u0131 birka\u00e7 gu\u0308n su\u0308rmu\u0308\u015ftu\u0308, g\u00f6ru\u0308nen o ki \u015fimdi de hep birlikte ba\u015fka bir maceran\u0131n pe\u015fine du\u0308\u015fmu\u0308\u015flerdi.                                                                         ***   Sonra arkada\u015flar\u0131ndan \u00e7ok kendini sakinle\u015ftirmeye \u00e7al\u0131\u015ft\u0131\u011f\u0131 belli olan bir sesle konu\u015ftu, &#8211; Durun ya hemen panik olmayal\u0131m, burada her yer tu\u0308nel ve bu tu\u0308nellerin \u00f6zelli\u011fi neydi, evleri, yap\u0131lar\u0131 birbirine ba\u011flamas\u0131 de\u011fil mi? O zaman demek ki mutlaka bir yere \u00e7\u0131k\u0131yordur. Belki de a\u00e7\u0131kl\u0131k bir yere g\u00f6tu\u0308recek bizi. Hem az da olsa \u0131\u015f\u0131k var, o zaman ger\u00e7ekten de bir yerlere \u00e7\u0131k\u0131yor.   Yazar Hakk\u0131nda: Merhaba, \u0130lkokulda okurken karar vermi\u015ftim antropolog olmaya. Antropolojinin bir\u00e7ok alt dal\u0131 vard\u0131r ama ben paleoantropolojiyi koymu\u015ftum kafama. \u00c7u\u0308nku\u0308 \u00e7ok ku\u0308\u00e7u\u0308k bir k\u0131zken annemle arkeolojik alanlar\u0131 gezerdik, bir arkeologdu annem; o bana anlat\u0131rd\u0131, ben hayal kurard\u0131m. Bir gu\u0308n Antalya\u2019daki Phaselis kaz\u0131 alan\u0131na gittik birlikte. \u0130\u015fte orada denizin alt\u0131ndaki bat\u0131k \u015fehri g\u00f6rdu\u0308\u011fu\u0308mde \u201cTamam\u201d dedim, \u201cBen arkeolojik kaz\u0131larda \u00e7al\u0131\u015fan bir paleoantropolog olmal\u0131y\u0131m.\u201d Y\u0131llar i\u00e7inde bu \u00e7ok sevdi\u011fim i\u015fi yaparken bir taraftan da romanlar yazmaya ba\u015flad\u0131m, tarihi romanlard\u0131 bunlar hep. Arkas\u0131ndan arkeolojiyi, antropolojiyi ve kaz\u0131 alanlar\u0131n\u0131n o esrarengiz, o gu\u0308zelim havas\u0131n\u0131 tu\u0308m \u00e7ocuklar benim gibi tadabilsinler diye, i\u00e7erisinde arkeoloji ve antropoloji olan \u00e7ocuk kitaplar\u0131 yazmaya karar verdim. Gu\u0308zel Atlar \u00dclkesi, bu kitaplar\u0131n d\u00f6rdu\u0308ncu\u0308su\u0308\u2026 <\/p>\n","protected":false},"excerpt":{"rendered":"<p>Usta yazar \u0130pek Arman, e\u015fi benzeri olmayan, g\u00f6r\u00fcnce herkesi b\u00fcy\u00fclen masals\u0131 bir co\u011frafyaya, Kapadokya\u2019ya nefis bir yolculu\u011fa \u00e7\u0131kar\u0131yor hepimizi. Kapay\u0131n g\u00f6zlerinizi s\u0131ms\u0131k\u0131 ve hayal edin\u2026 M\u00d6<span class=\"excerpt-hellip\"> [\u2026]<\/span><\/p>\n","protected":false},"featured_media":0,"template":"","meta":{"_monsterinsights_skip_tracking":false,"_monsterinsights_sitenote_active":false,"_monsterinsights_sitenote_note":"","_monsterinsights_sitenote_category":0},"product_brand":[],"product_cat":[12274,12284],"product_tag":[],"class_list":{"0":"post-741089","1":"product","2":"type-product","3":"status-publish","5":"product_cat-cocuk-ve-genclik-kitaplari","6":"product_cat-hikayeler","7":"pa_cilt-ciltsiz","8":"pa_tur-kitap","9":"pa_yayinevi-elma-cocuk","10":"pa_yazar-ipek-arman","12":"first","13":"instock","14":"sale","15":"shipping-taxable","16":"purchasable","17":"product-type-simple"},"_links":{"self":[{"href":"https:\/\/roveyayinevi.com.tr\/index.php\/wp-json\/wp\/v2\/product\/741089","targetHints":{"allow":["GET"]}}],"collection":[{"href":"https:\/\/roveyayinevi.com.tr\/index.php\/wp-json\/wp\/v2\/product"}],"about":[{"href":"https:\/\/roveyayinevi.com.tr\/index.php\/wp-json\/wp\/v2\/types\/product"}],"wp:attachment":[{"href":"https:\/\/roveyayinevi.com.tr\/index.php\/wp-json\/wp\/v2\/media?parent=741089"}],"wp:term":[{"taxonomy":"product_brand","embeddable":true,"href":"https:\/\/roveyayinevi.com.tr\/index.php\/wp-json\/wp\/v2\/product_brand?post=741089"},{"taxonomy":"product_cat","embeddable":true,"href":"https:\/\/roveyayinevi.com.tr\/index.php\/wp-json\/wp\/v2\/product_cat?post=741089"},{"taxonomy":"product_tag","embeddable":true,"href":"https:\/\/roveyayinevi.com.tr\/index.php\/wp-json\/wp\/v2\/product_tag?post=741089"}],"curies":[{"name":"wp","href":"https:\/\/api.w.org\/{rel}","templated":true}]}}