{"id":741088,"date":"2025-08-28T00:41:44","date_gmt":"2025-08-27T21:41:44","guid":{"rendered":"https:\/\/roveyayinevi.com.tr\/index.php\/urun\/cingoz-marty-2-cek-su-patilerini\/"},"modified":"2026-04-16T02:52:12","modified_gmt":"2026-04-15T23:52:12","slug":"cingoz-marty-2-cek-su-patilerini","status":"publish","type":"product","link":"https:\/\/roveyayinevi.com.tr\/index.php\/urun\/cingoz-marty-2-cek-su-patilerini\/","title":{"rendered":"Cing\u00f6z Marty 2 \u00c7ek \u015eu Patilerini!"},"content":{"rendered":"<p>Mark Parisi imzal\u0131 Cing\u00f6z Marty serisi, Saftirik Greg\u2019in G\u00fcnl\u00fc\u011f\u00fc kitaplar\u0131ma \u00e2deta selam duruyor. Mizah, macera ve harika \u00e7izimlerin bir araya geldi\u011fi bu seri, okumay\u0131 kesinlikle \u00e7ok daha e\u011flenceli hale getirecek!  Uzayl\u0131 istilas\u0131n\u0131 hen\u00fcz atlatm\u0131\u015fken Marty\u2019nin ba\u015f\u0131 bu kez de kendisiyle dertte. Ablas\u0131n\u0131n g\u00fcnl\u00fc\u011f\u00fcne d\u00fc\u015ft\u00fc\u011f\u00fc bir not, her \u015feyi alt \u00fcst etti.Marty bir kurt adam, bundan ka\u00e7\u0131\u015f yok! Herkesin hayat\u0131 yine onun ellerinde. \u00dcstelik Dolunay Festivali\u2019ne \u00e7ok az kald\u0131 ve t\u00fcm okul orada olacak. Marty arkada\u015flar\u0131n\u0131, \u00f6zellikle de Parker\u2019\u0131 kendinden korumal\u0131.Ama nas\u0131l? Her \u015fey ters gidiyor, i\u015fin i\u00e7ine bir de ele avuca s\u0131\u011fmaz bir k\u00f6pek, Dertli kat\u0131l\u0131yor. Bakal\u0131m Marty kar\u015f\u0131s\u0131na \u00e7\u0131kan sorunlar\u0131 bu kez nas\u0131l \u00e7\u00f6zecek? <\/p>\n","protected":false},"excerpt":{"rendered":"<p>Mark Parisi imzal\u0131 Cing\u00f6z Marty serisi, Saftirik Greg\u2019in G\u00fcnl\u00fc\u011f\u00fc kitaplar\u0131ma \u00e2deta selam duruyor. Mizah, macera ve harika \u00e7izimlerin bir araya geldi\u011fi bu seri, okumay\u0131 kesinlikle \u00e7ok<span class=\"excerpt-hellip\"> [\u2026]<\/span><\/p>\n","protected":false},"featured_media":0,"template":"","meta":{"_monsterinsights_skip_tracking":false,"_monsterinsights_sitenote_active":false,"_monsterinsights_sitenote_note":"","_monsterinsights_sitenote_category":0},"product_brand":[],"product_cat":[12274,12284],"product_tag":[],"class_list":{"0":"post-741088","1":"product","2":"type-product","3":"status-publish","5":"product_cat-cocuk-ve-genclik-kitaplari","6":"product_cat-hikayeler","7":"pa_cilt-ciltsiz","8":"pa_tur-kitap","9":"pa_yayinevi-epsilon-yayinlari","10":"pa_yazar-mark-parisi","12":"first","13":"instock","14":"sale","15":"shipping-taxable","16":"purchasable","17":"product-type-simple"},"_links":{"self":[{"href":"https:\/\/roveyayinevi.com.tr\/index.php\/wp-json\/wp\/v2\/product\/741088","targetHints":{"allow":["GET"]}}],"collection":[{"href":"https:\/\/roveyayinevi.com.tr\/index.php\/wp-json\/wp\/v2\/product"}],"about":[{"href":"https:\/\/roveyayinevi.com.tr\/index.php\/wp-json\/wp\/v2\/types\/product"}],"wp:attachment":[{"href":"https:\/\/roveyayinevi.com.tr\/index.php\/wp-json\/wp\/v2\/media?parent=741088"}],"wp:term":[{"taxonomy":"product_brand","embeddable":true,"href":"https:\/\/roveyayinevi.com.tr\/index.php\/wp-json\/wp\/v2\/product_brand?post=741088"},{"taxonomy":"product_cat","embeddable":true,"href":"https:\/\/roveyayinevi.com.tr\/index.php\/wp-json\/wp\/v2\/product_cat?post=741088"},{"taxonomy":"product_tag","embeddable":true,"href":"https:\/\/roveyayinevi.com.tr\/index.php\/wp-json\/wp\/v2\/product_tag?post=741088"}],"curies":[{"name":"wp","href":"https:\/\/api.w.org\/{rel}","templated":true}]}}