{"id":741085,"date":"2025-08-28T00:41:41","date_gmt":"2025-08-27T21:41:41","guid":{"rendered":"https:\/\/roveyayinevi.com.tr\/index.php\/urun\/cingoz-marty-1-acmayin\/"},"modified":"2026-04-16T02:52:12","modified_gmt":"2026-04-15T23:52:12","slug":"cingoz-marty-1-acmayin","status":"publish","type":"product","link":"https:\/\/roveyayinevi.com.tr\/index.php\/urun\/cingoz-marty-1-acmayin\/","title":{"rendered":"Cing\u00f6z Marty 1 -A\u00e7may\u0131n!"},"content":{"rendered":"<p>Cing\u00f6z Marty 1 -A\u00e7may\u0131n! Mark Parisi       Mark Parisi imzal\u0131 Cing\u00f6z Marty serisi, Saftirik Greg\u2019in G\u00fcnl\u00fc\u011f\u00fc kitaplar\u0131ma \u00e2deta selam duruyor. Mizah, macera ve harika \u00e7izimlerin bir araya geldi\u011fi bu seri, okumay\u0131 kesinlikle \u00e7ok daha e\u011flenceli hale getirecek!     Durmadan ad\u0131n\u0131 de\u011fi\u015ftiren bir abla, t\u00fcy yuma\u011f\u0131 bir kedi, t\u00fck\u00fcr\u00fck canavar\u0131 bir zorba ve daha da k\u00f6t\u00fcs\u00fc D\u00fcnya\u2019y\u0131 i\u015fgal etmek \u00fczere olan bir uzayl\u0131! \u00dcstelik bir de sanattan anlamayan feci bir \u00f6\u011fretmen! Cing\u00f6z Marty\u2019nin ba\u015f\u0131 tam anlam\u0131yla belada. Ald\u0131\u011f\u0131 gizemli bir not t\u00fcm hayat\u0131n\u0131 de\u011fi\u015ftirdi: SEN\u0130 B\u0130R UZAYLI G\u00d6ZETL\u0130YOR! Marty kar\u015f\u0131s\u0131na \u00e7\u0131kan t\u00fcm engellere ra\u011fmen gezegeni kurtarabilecek mi yoksa \u015fu bilgisayar oyunundaki gibi yenilgiye mi u\u011frayacak? Neyse ki ona inanan bir ki\u015fi var: Yak\u0131n arkada\u015f\u0131 Parker!  <\/p>\n","protected":false},"excerpt":{"rendered":"<p>Cing\u00f6z Marty 1 -A\u00e7may\u0131n! Mark Parisi Mark Parisi imzal\u0131 Cing\u00f6z Marty serisi, Saftirik Greg\u2019in G\u00fcnl\u00fc\u011f\u00fc kitaplar\u0131ma \u00e2deta selam duruyor. Mizah, macera ve harika \u00e7izimlerin bir araya<span class=\"excerpt-hellip\"> [\u2026]<\/span><\/p>\n","protected":false},"featured_media":0,"template":"","meta":{"_monsterinsights_skip_tracking":false,"_monsterinsights_sitenote_active":false,"_monsterinsights_sitenote_note":"","_monsterinsights_sitenote_category":0},"product_brand":[],"product_cat":[12274,12284],"product_tag":[],"class_list":{"0":"post-741085","1":"product","2":"type-product","3":"status-publish","5":"product_cat-cocuk-ve-genclik-kitaplari","6":"product_cat-hikayeler","7":"pa_cilt-ciltsiz","8":"pa_tur-kitap","9":"pa_yayinevi-epsilon-yayinlari","10":"pa_yazar-mark-parisi","12":"first","13":"instock","14":"sale","15":"shipping-taxable","16":"purchasable","17":"product-type-simple"},"_links":{"self":[{"href":"https:\/\/roveyayinevi.com.tr\/index.php\/wp-json\/wp\/v2\/product\/741085","targetHints":{"allow":["GET"]}}],"collection":[{"href":"https:\/\/roveyayinevi.com.tr\/index.php\/wp-json\/wp\/v2\/product"}],"about":[{"href":"https:\/\/roveyayinevi.com.tr\/index.php\/wp-json\/wp\/v2\/types\/product"}],"wp:attachment":[{"href":"https:\/\/roveyayinevi.com.tr\/index.php\/wp-json\/wp\/v2\/media?parent=741085"}],"wp:term":[{"taxonomy":"product_brand","embeddable":true,"href":"https:\/\/roveyayinevi.com.tr\/index.php\/wp-json\/wp\/v2\/product_brand?post=741085"},{"taxonomy":"product_cat","embeddable":true,"href":"https:\/\/roveyayinevi.com.tr\/index.php\/wp-json\/wp\/v2\/product_cat?post=741085"},{"taxonomy":"product_tag","embeddable":true,"href":"https:\/\/roveyayinevi.com.tr\/index.php\/wp-json\/wp\/v2\/product_tag?post=741085"}],"curies":[{"name":"wp","href":"https:\/\/api.w.org\/{rel}","templated":true}]}}