{"id":741084,"date":"2025-08-28T00:41:40","date_gmt":"2025-08-27T21:41:40","guid":{"rendered":"https:\/\/roveyayinevi.com.tr\/index.php\/urun\/bol-kepce-lokantasi\/"},"modified":"2026-04-05T02:57:06","modified_gmt":"2026-04-04T23:57:06","slug":"bol-kepce-lokantasi","status":"publish","type":"product","link":"https:\/\/roveyayinevi.com.tr\/index.php\/urun\/bol-kepce-lokantasi\/","title":{"rendered":"Bol Kep\u00e7e Lokantas\u0131"},"content":{"rendered":"<p>Babam i\u015fini \u00e7ok sever. M\u00fc\u015fteriler de onu sever. \u201cSipari\u015f vermeden bir dinleyin,\u201d der, sonra uzun uzun anlat\u0131r. \u00c7\u00fcnk\u00fc o di\u011fer garsonlardan farkl\u0131d\u0131r. Her yemekle ilgili bir hik\u00e2yesi vard\u0131r.   En son anlatt\u0131\u011f\u0131 hik\u00e2ye sayesinde ise bir sokak k\u00f6pe\u011finin hayat\u0131n\u0131 de\u011fi\u015ftirmeyi ba\u015fard\u0131. Nas\u0131l m\u0131? Madem merak ettiniz, bu kitab\u0131 okumaya ne dersiniz?<\/p>\n","protected":false},"excerpt":{"rendered":"<p>Babam i\u015fini \u00e7ok sever. M\u00fc\u015fteriler de onu sever. \u201cSipari\u015f vermeden bir dinleyin,\u201d der, sonra uzun uzun anlat\u0131r. \u00c7\u00fcnk\u00fc o di\u011fer garsonlardan farkl\u0131d\u0131r. Her yemekle ilgili bir<span class=\"excerpt-hellip\"> [\u2026]<\/span><\/p>\n","protected":false},"featured_media":0,"template":"","meta":{"_monsterinsights_skip_tracking":false,"_monsterinsights_sitenote_active":false,"_monsterinsights_sitenote_note":"","_monsterinsights_sitenote_category":0},"product_brand":[],"product_cat":[12274,12284],"product_tag":[],"class_list":{"0":"post-741084","1":"product","2":"type-product","3":"status-publish","5":"product_cat-cocuk-ve-genclik-kitaplari","6":"product_cat-hikayeler","7":"pa_cilt-ciltsiz","8":"pa_tur-kitap","9":"pa_yayinevi-mundi","10":"pa_yazar-gulsen-manisali","12":"first","13":"instock","14":"sale","15":"shipping-taxable","16":"purchasable","17":"product-type-simple"},"_links":{"self":[{"href":"https:\/\/roveyayinevi.com.tr\/index.php\/wp-json\/wp\/v2\/product\/741084","targetHints":{"allow":["GET"]}}],"collection":[{"href":"https:\/\/roveyayinevi.com.tr\/index.php\/wp-json\/wp\/v2\/product"}],"about":[{"href":"https:\/\/roveyayinevi.com.tr\/index.php\/wp-json\/wp\/v2\/types\/product"}],"wp:attachment":[{"href":"https:\/\/roveyayinevi.com.tr\/index.php\/wp-json\/wp\/v2\/media?parent=741084"}],"wp:term":[{"taxonomy":"product_brand","embeddable":true,"href":"https:\/\/roveyayinevi.com.tr\/index.php\/wp-json\/wp\/v2\/product_brand?post=741084"},{"taxonomy":"product_cat","embeddable":true,"href":"https:\/\/roveyayinevi.com.tr\/index.php\/wp-json\/wp\/v2\/product_cat?post=741084"},{"taxonomy":"product_tag","embeddable":true,"href":"https:\/\/roveyayinevi.com.tr\/index.php\/wp-json\/wp\/v2\/product_tag?post=741084"}],"curies":[{"name":"wp","href":"https:\/\/api.w.org\/{rel}","templated":true}]}}