{"id":741082,"date":"2025-08-28T00:41:37","date_gmt":"2025-08-27T21:41:37","guid":{"rendered":"https:\/\/roveyayinevi.com.tr\/index.php\/urun\/guvercinler-havalanirken\/"},"modified":"2026-04-16T02:52:12","modified_gmt":"2026-04-15T23:52:12","slug":"guvercinler-havalanirken","status":"publish","type":"product","link":"https:\/\/roveyayinevi.com.tr\/index.php\/urun\/guvercinler-havalanirken\/","title":{"rendered":"G\u00fcvercinler Havalan\u0131rken"},"content":{"rendered":"<p>Ve sava\u015fta sadece canl\u0131lar\u0131 \u00f6ld\u00fcrmek yetmedi\u011fi i\u00e7in birka\u00e7 y\u0131l sonra mezar ta\u015flar\u0131n\u0131n da devrilece\u011fini, granit mezar kapaklar\u0131n\u0131n par\u00e7alanaca\u011f\u0131n\u0131, \u00e7i\u00e7eklerin kafalar\u0131n\u0131n kopar\u0131laca\u011f\u0131n\u0131 o zamanlar hen\u00fcz bilmiyorduk, \u015fayet bilseydik muhtemelen \u00f6l\u00fclerimizin mezarlar\u0131n\u0131n \u00f6n\u00fcnde ba\u015f\u0131m\u0131z\u0131 e\u011fer, usulca m\u0131r\u0131ldand\u0131\u011f\u0131m\u0131z ilahilerin sihirli bir koruyucu fanusa d\u00f6n\u00fc\u015fmesi ve \u00f6l\u00fclerimizin, s\u00f6ylendi\u011fi gibi ebedi huzurlar\u0131n\u0131n bozulmamas\u0131 i\u00e7in de dua ederdik\u2026   Yugoslavya\u2019dan \u0130svi\u00e7re\u2019ye g\u00f6\u00e7 eden bir aile, k\u00fclt\u00fcr farklar\u0131, ayr\u0131mc\u0131l\u0131k, sava\u015flar\u0131n y\u0131k\u0131m\u0131, yurt \u00f6zlemi, gurbetle memleket aras\u0131nda s\u0131k\u0131\u015f\u0131p kalmak, g\u00f6\u00e7 edilen yeni co\u011frafyaya aidiyet hissedememek: Kendisinin de benzer tecr\u00fcbeleri olan Melinda Nadj Abonji G\u00fcvercinler Havalan\u0131rken\u2019de, s\u00fcrekli de\u011fi\u015fen siyasi ko\u015fullar\u0131n bireyler \u00fczerindeki korkun\u00e7 etkisini, ayn\u0131 ailenin \u00fc\u00e7 ku\u015fa\u011f\u0131n\u0131n ya\u015fant\u0131s\u0131 \u00fczerinden incelikli bir duyu\u015fla romanla\u015ft\u0131r\u0131yor. \u0130svi\u00e7re\u2019nin en sayg\u0131n gazetelerinden Neue Z\u00fcrcher Zeitung\u2019un tan\u0131nm\u0131\u015f edebiyat ele\u015ftirmeni Sibylle Birrer\u2019in s\u00f6zleriyle, \u201cG\u00f6\u00e7, yitip giden vatan ve arada kalm\u0131\u015f hayatlar\u0131 mizah, keskin bir h\u00fcz\u00fcn ve ritmik bir t\u0131n\u0131yla anlatman\u0131n \u00e7a\u011fda\u015f bi\u00e7emi buymu\u015f me\u011fer.\u201d <\/p>\n","protected":false},"excerpt":{"rendered":"<p>Ve sava\u015fta sadece canl\u0131lar\u0131 \u00f6ld\u00fcrmek yetmedi\u011fi i\u00e7in birka\u00e7 y\u0131l sonra mezar ta\u015flar\u0131n\u0131n da devrilece\u011fini, granit mezar kapaklar\u0131n\u0131n par\u00e7alanaca\u011f\u0131n\u0131, \u00e7i\u00e7eklerin kafalar\u0131n\u0131n kopar\u0131laca\u011f\u0131n\u0131 o zamanlar hen\u00fcz bilmiyorduk, \u015fayet<span class=\"excerpt-hellip\"> [\u2026]<\/span><\/p>\n","protected":false},"featured_media":0,"template":"","meta":{"_monsterinsights_skip_tracking":false,"_monsterinsights_sitenote_active":false,"_monsterinsights_sitenote_note":"","_monsterinsights_sitenote_category":0},"product_brand":[],"product_cat":[12291,12711],"product_tag":[],"class_list":{"0":"post-741082","1":"product","2":"type-product","3":"status-publish","5":"product_cat-edebiyat","6":"product_cat-roman-oyku","7":"pa_cilt-ciltsiz","8":"pa_tur-kitap","9":"pa_yayinevi-everest-yayinlari","10":"pa_yazar-melinda-nadj-abonji","12":"first","13":"instock","14":"sale","15":"shipping-taxable","16":"purchasable","17":"product-type-simple"},"_links":{"self":[{"href":"https:\/\/roveyayinevi.com.tr\/index.php\/wp-json\/wp\/v2\/product\/741082","targetHints":{"allow":["GET"]}}],"collection":[{"href":"https:\/\/roveyayinevi.com.tr\/index.php\/wp-json\/wp\/v2\/product"}],"about":[{"href":"https:\/\/roveyayinevi.com.tr\/index.php\/wp-json\/wp\/v2\/types\/product"}],"wp:attachment":[{"href":"https:\/\/roveyayinevi.com.tr\/index.php\/wp-json\/wp\/v2\/media?parent=741082"}],"wp:term":[{"taxonomy":"product_brand","embeddable":true,"href":"https:\/\/roveyayinevi.com.tr\/index.php\/wp-json\/wp\/v2\/product_brand?post=741082"},{"taxonomy":"product_cat","embeddable":true,"href":"https:\/\/roveyayinevi.com.tr\/index.php\/wp-json\/wp\/v2\/product_cat?post=741082"},{"taxonomy":"product_tag","embeddable":true,"href":"https:\/\/roveyayinevi.com.tr\/index.php\/wp-json\/wp\/v2\/product_tag?post=741082"}],"curies":[{"name":"wp","href":"https:\/\/api.w.org\/{rel}","templated":true}]}}