{"id":741081,"date":"2025-08-28T00:41:35","date_gmt":"2025-08-27T21:41:35","guid":{"rendered":"https:\/\/roveyayinevi.com.tr\/index.php\/urun\/metaverse\/"},"modified":"2026-04-16T02:52:12","modified_gmt":"2026-04-15T23:52:12","slug":"metaverse","status":"publish","type":"product","link":"https:\/\/roveyayinevi.com.tr\/index.php\/urun\/metaverse\/","title":{"rendered":"Metaverse"},"content":{"rendered":"<p>Teknoloji d\u00fc\u015f\u00fcn\u00fcr\u00fc, f\u00fct\u00fcristve yat\u0131r\u0131mc\u0131 Emrah KayaEuropean Business Awards\u2019ta Avrupa\u2019n\u0131n en iyi 10giri\u015fimcisinden biri se\u00e7ilmi\u015ftirve Ruban D\u2019honneur ni\u015fan\u0131 sahibidir.     &#8220;Yeni yap\u0131n\u0131n iki ayr\u0131 d\u00fczlemde \u015fekillenece\u011fini ve bir yanda merkeziyet\u00e7i ak\u0131mlar\u0131n etkisiyle totaliter, yasaklamac\u0131 ve s\u0131n\u0131rlay\u0131c\u0131 bir siyasi \u00f6rg\u00fctlenme modelinin \u00f6n\u00fc a\u00e7\u0131l\u0131rken; di\u011fer yanda da \u00f6zellikle siber alanda merkeziyetsiz, s\u0131n\u0131rs\u0131z ve \u00e7o\u011fulluk prensibine dayal\u0131 bir d\u00fczenin in\u015fa edilece\u011fini \u00f6ng\u00f6rebiliriz.&#8221; Deniz \u00dclke Ar\u0131bo\u011fan \u201cMetaverse, blockchain, yapay zek\u00e2 merkezli teknolojiler, T\u00fcrkiye&#8217;nin \u00fcretkenli\u011finin artt\u0131r\u0131lmas\u0131 ve bir\u00e7ok yeni istihdam yaratmas\u0131 i\u00e7in b\u00fcy\u00fck f\u0131rsatlar sunuyor.\u201d Ali Sabanc\u0131 \u201cMetaverse hayat\u0131m\u0131z\u0131n hemen her alan\u0131n\u0131 sinema filmine, bilgisayar ve telefon oyununa, bizleri de avatarlar\u0131m\u0131zla kahramanlar\u0131na \u00e7eviriyor.\u201d Filiz Da\u011f \u201cBu kitab\u0131n bizlere aktard\u0131klar\u0131 bu i\u015fin ba\u015flad\u0131\u011f\u0131 yeri ve vizyonunu kapsamas\u0131 ad\u0131na \u00e7ok de\u011ferli. Umar\u0131m Emrah Kaya\u2019n\u0131n bahsettiklerinden faydalananlardan olmu\u015fsunuzdur.\u201d Birol G\u00fcven Emrah Kaya on dokuz y\u0131ll\u0131k deneyimiyle &#8220;insanl\u0131k tarihinin en b\u00fcy\u00fck i\u015f ve teknoloji deneyimi&#8221; dedi\u011fi metaverse kavram\u0131n\u0131 t\u00fcm arg\u00fcmanlar\u0131yla a\u00e7\u0131kl\u0131yor. H\u0131zla b\u00fcy\u00fcyen sanal ger\u00e7eklik end\u00fcstrisini ve toplumun radikal bir \u015fekilde yeniden \u015fekillenmesini \u00f6ng\u00f6r\u00fcleriyle aktaran Kaya, bir\u00e7ok konu ba\u015fl\u0131\u011f\u0131 alt\u0131nda olduk\u00e7a anla\u015f\u0131l\u0131r bir dille okura ayn\u0131 mesafeden sesleniyor. Metaverse insanl\u0131\u011f\u0131n dijital ikizini olu\u015fturaca\u011f\u0131 yeni bir Dijital R\u00f6nesans: Yeni insan, yeni d\u00fcnya, yeni evren, hatta \u00f6te-evren.<\/p>\n","protected":false},"excerpt":{"rendered":"<p>Teknoloji d\u00fc\u015f\u00fcn\u00fcr\u00fc, f\u00fct\u00fcristve yat\u0131r\u0131mc\u0131 Emrah KayaEuropean Business Awards\u2019ta Avrupa\u2019n\u0131n en iyi 10giri\u015fimcisinden biri se\u00e7ilmi\u015ftirve Ruban D\u2019honneur ni\u015fan\u0131 sahibidir. &#8220;Yeni yap\u0131n\u0131n iki ayr\u0131 d\u00fczlemde \u015fekillenece\u011fini ve bir<span class=\"excerpt-hellip\"> [\u2026]<\/span><\/p>\n","protected":false},"featured_media":0,"template":"","meta":{"_monsterinsights_skip_tracking":false,"_monsterinsights_sitenote_active":false,"_monsterinsights_sitenote_note":"","_monsterinsights_sitenote_category":0},"product_brand":[],"product_cat":[12291,12711],"product_tag":[],"class_list":{"0":"post-741081","1":"product","2":"type-product","3":"status-publish","5":"product_cat-edebiyat","6":"product_cat-roman-oyku","7":"pa_cilt-ciltsiz","8":"pa_tur-kitap","9":"pa_yayinevi-nemesis-kitap","10":"pa_yazar-emrah-kaya","12":"first","13":"instock","14":"sale","15":"shipping-taxable","16":"purchasable","17":"product-type-simple"},"_links":{"self":[{"href":"https:\/\/roveyayinevi.com.tr\/index.php\/wp-json\/wp\/v2\/product\/741081","targetHints":{"allow":["GET"]}}],"collection":[{"href":"https:\/\/roveyayinevi.com.tr\/index.php\/wp-json\/wp\/v2\/product"}],"about":[{"href":"https:\/\/roveyayinevi.com.tr\/index.php\/wp-json\/wp\/v2\/types\/product"}],"wp:attachment":[{"href":"https:\/\/roveyayinevi.com.tr\/index.php\/wp-json\/wp\/v2\/media?parent=741081"}],"wp:term":[{"taxonomy":"product_brand","embeddable":true,"href":"https:\/\/roveyayinevi.com.tr\/index.php\/wp-json\/wp\/v2\/product_brand?post=741081"},{"taxonomy":"product_cat","embeddable":true,"href":"https:\/\/roveyayinevi.com.tr\/index.php\/wp-json\/wp\/v2\/product_cat?post=741081"},{"taxonomy":"product_tag","embeddable":true,"href":"https:\/\/roveyayinevi.com.tr\/index.php\/wp-json\/wp\/v2\/product_tag?post=741081"}],"curies":[{"name":"wp","href":"https:\/\/api.w.org\/{rel}","templated":true}]}}