{"id":741078,"date":"2025-08-28T00:41:33","date_gmt":"2025-08-27T21:41:33","guid":{"rendered":"https:\/\/roveyayinevi.com.tr\/index.php\/urun\/bellek\/"},"modified":"2026-04-16T02:52:12","modified_gmt":"2026-04-15T23:52:12","slug":"bellek","status":"publish","type":"product","link":"https:\/\/roveyayinevi.com.tr\/index.php\/urun\/bellek\/","title":{"rendered":"Bellek"},"content":{"rendered":"<p>Bergson&#8217;dan Husserl&#8217;e Freud&#8217;dan Benjamin&#8217;e Belle\u011fin \u00d6yk\u00fcs\u00fc \u201cBizim ruhumuz tek ba\u015f\u0131na o kadar bo\u015f mudur ki d\u0131\u015far\u0131dan \u00f6d\u00fcn\u00e7 al\u0131nan imgeler olmaks\u0131z\u0131n kendisi bir hi\u00e7 olsun?\u201d Leibniz \u201c\u00d6nemli olan alt\u0131 bir\u00e7ok kez \u00e7izilmi\u015f oland\u0131r, fakat en zay\u0131f \u00e7izgiler bile kal\u0131r. Canl\u0131lar \u00e2leminde unutma yoktur, ya\u015fanm\u0131\u015fl\u0131\u011f\u0131 bir \u00e7e\u015fit sindirme vard\u0131r.\u201d Nietzsche \u201cD\u00fcnk\u00fc bilin\u00e7 durumu \u00f6lm\u00fc\u015f ve g\u00f6m\u00fclm\u00fc\u015ft\u00fcr. Bug\u00fcn\u00fcn bilin\u00e7 durumunun varl\u0131\u011f\u0131 d\u00fcnk\u00fcn\u00fc diriltmez. Mevcut bir imgenin, ge\u00e7mi\u015fteki bir imgeyle \u00f6zde\u015fle\u015fti\u011fini \u00f6ne s\u00fcrebilmesi i\u00e7in bahsetmedi\u011fimiz ba\u015fka bir ko\u015fula ihtiya\u00e7 vard\u0131r.\u201d William James \u201cBellek, adaletin anlam\u0131yla tarih ele\u015ftirisi yolunda kar\u015f\u0131la\u015f\u0131r.Ayn\u0131 zamanda hakkaniyetli bir bellek olmayan mutlubellekten ne olur?\u201d Ricoeur \u201cTek ba\u015f\u0131ma bende, t\u00fcm insanl\u0131\u011f\u0131n d\u00fcnya d\u00fcnya olal\u0131 beri sahip oldu\u011fu an\u0131lardan daha fazlas\u0131 var.\u201d Borges Bellek nedir? Ge\u00e7mi\u015f ya\u015fant\u0131lar\u0131n yaln\u0131zca an\u0131larda, ama yepyeni ve bamba\u015fka bir anlam temelinde kurulmas\u0131d\u0131r. Elinizdeki kitap, belle\u011fin, felsefe, bilim, antropoloji, tarih, k\u00fclt\u00fcr ve edebiyat gibi alanlarda nas\u0131l kavrand\u0131\u011f\u0131n\u0131 anla\u015f\u0131l\u0131r bi\u00e7imde ortaya koymaktad\u0131r. Belle\u011fin zamanla, tarihle, insan ruhuyla, siyasetle, g\u00fcndelik ya\u015famla ve ge\u00e7mi\u015fle ili\u015fkisini anlamak a\u00e7\u0131s\u0131ndan e\u015fsiz bir kaynak\u2026<\/p>\n","protected":false},"excerpt":{"rendered":"<p>Bergson&#8217;dan Husserl&#8217;e Freud&#8217;dan Benjamin&#8217;e Belle\u011fin \u00d6yk\u00fcs\u00fc \u201cBizim ruhumuz tek ba\u015f\u0131na o kadar bo\u015f mudur ki d\u0131\u015far\u0131dan \u00f6d\u00fcn\u00e7 al\u0131nan imgeler olmaks\u0131z\u0131n kendisi bir hi\u00e7 olsun?\u201d Leibniz \u201c\u00d6nemli<span class=\"excerpt-hellip\"> [\u2026]<\/span><\/p>\n","protected":false},"featured_media":0,"template":"","meta":{"_monsterinsights_skip_tracking":false,"_monsterinsights_sitenote_active":false,"_monsterinsights_sitenote_note":"","_monsterinsights_sitenote_category":0},"product_brand":[],"product_cat":[12388,13555],"product_tag":[],"class_list":{"0":"post-741078","1":"product","2":"type-product","3":"status-publish","5":"product_cat-felsefe","6":"product_cat-genel-felsefe","7":"pa_cilt-ciltsiz","8":"pa_tur-kitap","9":"pa_yayinevi-fol-kitap","10":"pa_yazar-alexandre-abensour","12":"first","13":"instock","14":"sale","15":"shipping-taxable","16":"purchasable","17":"product-type-simple"},"_links":{"self":[{"href":"https:\/\/roveyayinevi.com.tr\/index.php\/wp-json\/wp\/v2\/product\/741078","targetHints":{"allow":["GET"]}}],"collection":[{"href":"https:\/\/roveyayinevi.com.tr\/index.php\/wp-json\/wp\/v2\/product"}],"about":[{"href":"https:\/\/roveyayinevi.com.tr\/index.php\/wp-json\/wp\/v2\/types\/product"}],"wp:attachment":[{"href":"https:\/\/roveyayinevi.com.tr\/index.php\/wp-json\/wp\/v2\/media?parent=741078"}],"wp:term":[{"taxonomy":"product_brand","embeddable":true,"href":"https:\/\/roveyayinevi.com.tr\/index.php\/wp-json\/wp\/v2\/product_brand?post=741078"},{"taxonomy":"product_cat","embeddable":true,"href":"https:\/\/roveyayinevi.com.tr\/index.php\/wp-json\/wp\/v2\/product_cat?post=741078"},{"taxonomy":"product_tag","embeddable":true,"href":"https:\/\/roveyayinevi.com.tr\/index.php\/wp-json\/wp\/v2\/product_tag?post=741078"}],"curies":[{"name":"wp","href":"https:\/\/api.w.org\/{rel}","templated":true}]}}