{"id":741077,"date":"2025-08-28T00:41:32","date_gmt":"2025-08-27T21:41:32","guid":{"rendered":"https:\/\/roveyayinevi.com.tr\/index.php\/urun\/ask-7\/"},"modified":"2026-04-16T02:52:12","modified_gmt":"2026-04-15T23:52:12","slug":"ask-7","status":"publish","type":"product","link":"https:\/\/roveyayinevi.com.tr\/index.php\/urun\/ask-7\/","title":{"rendered":"A\u015fk"},"content":{"rendered":"<p>\u201cA\u015fk, yan\u0131lsama; g\u00fczel ve iyinin, ayr\u0131nt\u0131yla b\u00fct\u00fcnl\u00fc\u011f\u00fcn, bedenle y\u00fcre\u011fin, bilin\u00e7sizlikle bilincin, cazibeyle iyi olan\u0131n i\u00e7 i\u00e7e ge\u00e7i\u015fi&#8230;\u201d Levinas   \u201cV\u00fccudumuz, sadece bacaklar, kollar gibi uzuvlardan olu\u015fsayd\u0131, hayata tahamm\u00fcl etmek kolay olurdu. Ne yaz\u0131k ki, i\u00e7imizde kalp ad\u0131n\u0131 verdi\u011fimiz o k\u00fc\u00e7\u00fck organ\u0131 da bar\u0131nd\u0131r\u0131r\u0131z\u201d Proust   \u201cHen\u00fcz sevmiyordum, sevmeyi seviyordum ben; a\u015fk\u0131n gizli arzusuyla yan\u0131p tutu\u015furken, daha fazla tutu\u015famad\u0131\u011f\u0131m i\u00e7in k\u0131z\u0131yordum kendime.\u201d Augustinus   \u201cBirbirlerini sevmez olduklar\u0131nda, birbirlerini sevmi\u015f olman\u0131n utanc\u0131n\u0131 ya\u015famam\u0131\u015f pek az insan vard\u0131r.\u201d La Rochefoucauld   \u201c\u0130nsan kendi kendine sa\u011flam bir dayanak olmal\u0131, iki aya\u011f\u0131 \u00fcst\u00fcnde korkmadan durabilmeli; ba\u015fka t\u00fcrl\u00fc sevemez yoksa.\u201d Nietzsche   \u201cErkek i\u00e7in, ya\u015fam\u0131 boyunca anne imgesi yerine ge\u00e7en \u00fc\u00e7 bi\u00e7imi verirler: annenin kendisi; onun bir benzeri olarak se\u00e7ti\u011fi sevgili ve son olarak da onu yeniden kucaklayan toprak ana.\u201d Freud   A\u015fk nedir? Evrenin tek bir varl\u0131\u011fa indirgenmesi, a\u015fk budur i\u015fte. Meleklerin y\u0131ld\u0131zlara selam\u0131d\u0131r a\u015fk. Ruhun d\u00fc\u015fler saray\u0131na girmesidir a\u015fk. D\u00fc\u015f\u00fcncelerin dua oldu\u011fu, ruhun diz \u00fcst\u00fc \u00e7\u00f6kt\u00fc\u011f\u00fc yerdir a\u015fk. Benzersizin a\u015fk\u0131nl\u0131\u011f\u0131 \u00f6n\u00fcnde e\u011filmek; bu d\u00fcnyada seni ad\u0131nla \u00e7a\u011f\u0131rabilecek tek ki\u015fiyim ve seni seviyorum diyebilmektir a\u015fk\u2026 <\/p>\n","protected":false},"excerpt":{"rendered":"<p>\u201cA\u015fk, yan\u0131lsama; g\u00fczel ve iyinin, ayr\u0131nt\u0131yla b\u00fct\u00fcnl\u00fc\u011f\u00fcn, bedenle y\u00fcre\u011fin, bilin\u00e7sizlikle bilincin, cazibeyle iyi olan\u0131n i\u00e7 i\u00e7e ge\u00e7i\u015fi&#8230;\u201d Levinas \u201cV\u00fccudumuz, sadece bacaklar, kollar gibi uzuvlardan olu\u015fsayd\u0131, hayata<span class=\"excerpt-hellip\"> [\u2026]<\/span><\/p>\n","protected":false},"featured_media":0,"template":"","meta":{"_monsterinsights_skip_tracking":false,"_monsterinsights_sitenote_active":false,"_monsterinsights_sitenote_note":"","_monsterinsights_sitenote_category":0},"product_brand":[],"product_cat":[12388,13555],"product_tag":[],"class_list":{"0":"post-741077","1":"product","2":"type-product","3":"status-publish","5":"product_cat-felsefe","6":"product_cat-genel-felsefe","7":"pa_cilt-ciltsiz","8":"pa_tur-kitap","9":"pa_yayinevi-fol-kitap","10":"pa_yazar-eric-blondel","12":"first","13":"instock","14":"sale","15":"shipping-taxable","16":"purchasable","17":"product-type-simple"},"_links":{"self":[{"href":"https:\/\/roveyayinevi.com.tr\/index.php\/wp-json\/wp\/v2\/product\/741077","targetHints":{"allow":["GET"]}}],"collection":[{"href":"https:\/\/roveyayinevi.com.tr\/index.php\/wp-json\/wp\/v2\/product"}],"about":[{"href":"https:\/\/roveyayinevi.com.tr\/index.php\/wp-json\/wp\/v2\/types\/product"}],"wp:attachment":[{"href":"https:\/\/roveyayinevi.com.tr\/index.php\/wp-json\/wp\/v2\/media?parent=741077"}],"wp:term":[{"taxonomy":"product_brand","embeddable":true,"href":"https:\/\/roveyayinevi.com.tr\/index.php\/wp-json\/wp\/v2\/product_brand?post=741077"},{"taxonomy":"product_cat","embeddable":true,"href":"https:\/\/roveyayinevi.com.tr\/index.php\/wp-json\/wp\/v2\/product_cat?post=741077"},{"taxonomy":"product_tag","embeddable":true,"href":"https:\/\/roveyayinevi.com.tr\/index.php\/wp-json\/wp\/v2\/product_tag?post=741077"}],"curies":[{"name":"wp","href":"https:\/\/api.w.org\/{rel}","templated":true}]}}