{"id":741075,"date":"2025-08-28T00:41:29","date_gmt":"2025-08-27T21:41:29","guid":{"rendered":"https:\/\/roveyayinevi.com.tr\/index.php\/urun\/genom\/"},"modified":"2026-04-16T02:52:12","modified_gmt":"2026-04-15T23:52:12","slug":"genom","status":"publish","type":"product","link":"https:\/\/roveyayinevi.com.tr\/index.php\/urun\/genom\/","title":{"rendered":"Genom"},"content":{"rendered":"<p>Murat Ya\u015far&#8217;\u0131n ilk \u00f6yk\u00fc kitab\u0131 olan \u201cGenom\u201d, gelecekte ge\u00e7en fakat gelenekten de bir t\u00fcrl\u00fc kopamayan \u00f6yk\u00fclerden olu\u015fuyor. De\u011fi\u015fen d\u00fcnyan\u0131n izlerini takip ederek akla gelmeyecek bir gelecek tasarlayan yazar\u0131n yeni evreni distopya m\u0131, \u00fctopya m\u0131 siz karar verin.<\/p>\n","protected":false},"excerpt":{"rendered":"<p>Murat Ya\u015far&#8217;\u0131n ilk \u00f6yk\u00fc kitab\u0131 olan \u201cGenom\u201d, gelecekte ge\u00e7en fakat gelenekten de bir t\u00fcrl\u00fc kopamayan \u00f6yk\u00fclerden olu\u015fuyor. De\u011fi\u015fen d\u00fcnyan\u0131n izlerini takip ederek akla gelmeyecek bir gelecek<span class=\"excerpt-hellip\"> [\u2026]<\/span><\/p>\n","protected":false},"featured_media":0,"template":"","meta":{"_monsterinsights_skip_tracking":false,"_monsterinsights_sitenote_active":false,"_monsterinsights_sitenote_note":"","_monsterinsights_sitenote_category":0},"product_brand":[],"product_cat":[12291,12711],"product_tag":[],"class_list":{"0":"post-741075","1":"product","2":"type-product","3":"status-publish","5":"product_cat-edebiyat","6":"product_cat-roman-oyku","7":"pa_cilt-ciltsiz","8":"pa_tur-kitap","9":"pa_yayinevi-elpis-yayinlari","10":"pa_yazar-murat-yasar","12":"first","13":"instock","14":"sale","15":"shipping-taxable","16":"purchasable","17":"product-type-simple"},"_links":{"self":[{"href":"https:\/\/roveyayinevi.com.tr\/index.php\/wp-json\/wp\/v2\/product\/741075","targetHints":{"allow":["GET"]}}],"collection":[{"href":"https:\/\/roveyayinevi.com.tr\/index.php\/wp-json\/wp\/v2\/product"}],"about":[{"href":"https:\/\/roveyayinevi.com.tr\/index.php\/wp-json\/wp\/v2\/types\/product"}],"wp:attachment":[{"href":"https:\/\/roveyayinevi.com.tr\/index.php\/wp-json\/wp\/v2\/media?parent=741075"}],"wp:term":[{"taxonomy":"product_brand","embeddable":true,"href":"https:\/\/roveyayinevi.com.tr\/index.php\/wp-json\/wp\/v2\/product_brand?post=741075"},{"taxonomy":"product_cat","embeddable":true,"href":"https:\/\/roveyayinevi.com.tr\/index.php\/wp-json\/wp\/v2\/product_cat?post=741075"},{"taxonomy":"product_tag","embeddable":true,"href":"https:\/\/roveyayinevi.com.tr\/index.php\/wp-json\/wp\/v2\/product_tag?post=741075"}],"curies":[{"name":"wp","href":"https:\/\/api.w.org\/{rel}","templated":true}]}}