{"id":741074,"date":"2025-08-28T00:41:28","date_gmt":"2025-08-27T21:41:28","guid":{"rendered":"https:\/\/roveyayinevi.com.tr\/index.php\/urun\/baba-beni-annemle-buyutur-musun\/"},"modified":"2026-04-16T02:52:12","modified_gmt":"2026-04-15T23:52:12","slug":"baba-beni-annemle-buyutur-musun","status":"publish","type":"product","link":"https:\/\/roveyayinevi.com.tr\/index.php\/urun\/baba-beni-annemle-buyutur-musun\/","title":{"rendered":"Baba, Beni Annemle B\u00fcy\u00fct\u00fcr M\u00fcs\u00fcn ?"},"content":{"rendered":"<p>Her \u00e7ocuk b\u00fcy\u00fcy\u00fcp belli bir ak\u0131l olgunlu\u011funa erdi\u011finde sorar: \u201cAnneci\u011fim, benim bebekli\u011fim, \u00e7ocuklu\u011fum nas\u0131ld\u0131? \u00c7ok s\u0131k hastaland\u0131m m\u0131? Sizi \u00e7ok \u00fczd\u00fcm m\u00fc? Babamla beraber \u00e7ok zorland\u0131n\u0131z m\u0131?\u201d Bu sorulara verece\u011fi cevab\u0131, hem kendi can\u0131n\u0131, hem de \u00e7ocu\u011funun can\u0131n\u0131 yakaca\u011f\u0131ndan, ac\u0131 bir yutkunu\u015ftan sonra bo\u011faz\u0131nda d\u00fc\u011f\u00fcmlenen birikmi\u015flikleri ka\u00e7amak cevaplarla ge\u00e7i\u015ftirmek  isteyen anne, o zor g\u00fcnleri hat\u0131rlar ve yeniden \u00fcz\u00fcl\u00fcr. Bir annenin gelece\u011fe b\u0131rakt\u0131\u011f\u0131 en ac\u0131 hat\u0131ras\u0131, annelik ser\u00fcveninin en me\u015fakkatli ilk y\u0131llar\u0131n\u0131 babas\u0131 hayatta oldu\u011fu halde \u00e7ocu\u011funu babas\u0131z b\u00fcy\u00fctmektir! Ne demektir, \u201cBabas\u0131 hayatta oldu\u011fu halde \u00e7ocu\u011funu babas\u0131z b\u00fcy\u00fctmek?\u201d Her \u015feye kendisi ko\u015fturmak, t\u00fcm hayat\u0131 tek ba\u015f\u0131na omuzlamakt\u0131r. Ayn\u0131 anda hem anne, hem baba olmay\u0131 ve hem de \u00e7ocukla \u00e7ocuk olmay\u0131 ba\u015farabilmektir. Bir eliyle b\u00fct\u00fcn i\u015fleri \u00e7ekip \u00e7evirirken, di\u011fer eliyle kendi omuzlar\u0131nda hissetmek istedi\u011fi hayat arkada\u015f\u0131n\u0131n elinin yoklu\u011funu kapat\u0131p \u00e7ocu\u011fundan esirgenen baba elini aratmamakt\u0131r! Her \u00e7ocu\u011fun hakk\u0131d\u0131r, babas\u0131n\u0131n \u015fefkatli kanatlar\u0131n\u0131n alt\u0131nda b\u00fcy\u00fcmek, y\u00fcr\u00fcmek ve geli\u015fmek. Heyecan\u0131n\u0131 do\u011fdu\u011fu ilk g\u00fcnk\u00fc kadar taze tutan \u201cBABA\u201dy\u0131 doyas\u0131ya ya\u015fayabilmek. Babas\u0131n\u0131n g\u00f6lgesinde de\u011fil, varl\u0131\u011f\u0131nda ya\u015famak isteyen her \u00e7ocuk, annesini de yan\u0131na alarak babas\u0131ndan yaln\u0131zca \u015funu ister: \u201cBABA, BEN\u0130 ANNEMLE B\u00dcY\u00dcT\u00dcR M\u00dcS\u00dcN?\u201d <\/p>\n","protected":false},"excerpt":{"rendered":"<p>Her \u00e7ocuk b\u00fcy\u00fcy\u00fcp belli bir ak\u0131l olgunlu\u011funa erdi\u011finde sorar: \u201cAnneci\u011fim, benim bebekli\u011fim, \u00e7ocuklu\u011fum nas\u0131ld\u0131? \u00c7ok s\u0131k hastaland\u0131m m\u0131? Sizi \u00e7ok \u00fczd\u00fcm m\u00fc? Babamla beraber \u00e7ok zorland\u0131n\u0131z<span class=\"excerpt-hellip\"> [\u2026]<\/span><\/p>\n","protected":false},"featured_media":0,"template":"","meta":{"_monsterinsights_skip_tracking":false,"_monsterinsights_sitenote_active":false,"_monsterinsights_sitenote_note":"","_monsterinsights_sitenote_category":0},"product_brand":[],"product_cat":[12291,12711],"product_tag":[],"class_list":{"0":"post-741074","1":"product","2":"type-product","3":"status-publish","5":"product_cat-edebiyat","6":"product_cat-roman-oyku","7":"pa_cilt-ciltsiz","8":"pa_tur-kitap","9":"pa_yayinevi-elpis-yayinlari","10":"pa_yazar-yasemin-ozdemir","12":"first","13":"instock","14":"sale","15":"shipping-taxable","16":"purchasable","17":"product-type-simple"},"_links":{"self":[{"href":"https:\/\/roveyayinevi.com.tr\/index.php\/wp-json\/wp\/v2\/product\/741074","targetHints":{"allow":["GET"]}}],"collection":[{"href":"https:\/\/roveyayinevi.com.tr\/index.php\/wp-json\/wp\/v2\/product"}],"about":[{"href":"https:\/\/roveyayinevi.com.tr\/index.php\/wp-json\/wp\/v2\/types\/product"}],"wp:attachment":[{"href":"https:\/\/roveyayinevi.com.tr\/index.php\/wp-json\/wp\/v2\/media?parent=741074"}],"wp:term":[{"taxonomy":"product_brand","embeddable":true,"href":"https:\/\/roveyayinevi.com.tr\/index.php\/wp-json\/wp\/v2\/product_brand?post=741074"},{"taxonomy":"product_cat","embeddable":true,"href":"https:\/\/roveyayinevi.com.tr\/index.php\/wp-json\/wp\/v2\/product_cat?post=741074"},{"taxonomy":"product_tag","embeddable":true,"href":"https:\/\/roveyayinevi.com.tr\/index.php\/wp-json\/wp\/v2\/product_tag?post=741074"}],"curies":[{"name":"wp","href":"https:\/\/api.w.org\/{rel}","templated":true}]}}