{"id":741073,"date":"2025-08-28T00:41:26","date_gmt":"2025-08-27T21:41:26","guid":{"rendered":"https:\/\/roveyayinevi.com.tr\/index.php\/urun\/48-saat-2\/"},"modified":"2026-04-16T02:52:12","modified_gmt":"2026-04-15T23:52:12","slug":"48-saat-2","status":"publish","type":"product","link":"https:\/\/roveyayinevi.com.tr\/index.php\/urun\/48-saat-2\/","title":{"rendered":"48 Saat"},"content":{"rendered":"<p>K\u00fcresel \u0131s\u0131nma sebebi ile k\u0131talar\u0131n su alt\u0131nda kald\u0131\u011f\u0131, atmosferin zehirli gazlar ile doldu\u011fu 2059 d\u00fcnyas\u0131nda ESA ve NASA, JAG1 (Andromeda Galaksisi&#8217;ne Yolculuk) ad\u0131n\u0131 verdi\u011fi projeyi halka tan\u0131t\u0131r. \u0130nsanl\u0131\u011f\u0131n gelece\u011fi sekiz astronot ve kaptan\u0131n yapaca\u011f\u0131 ke\u015fiflere ba\u011fl\u0131d\u0131r. Andromeda Galaksisi&#8217;ndeki dev asteroit insanl\u0131\u011f\u0131n umudunu yok edebilecek mi? <\/p>\n","protected":false},"excerpt":{"rendered":"<p>K\u00fcresel \u0131s\u0131nma sebebi ile k\u0131talar\u0131n su alt\u0131nda kald\u0131\u011f\u0131, atmosferin zehirli gazlar ile doldu\u011fu 2059 d\u00fcnyas\u0131nda ESA ve NASA, JAG1 (Andromeda Galaksisi&#8217;ne Yolculuk) ad\u0131n\u0131 verdi\u011fi projeyi halka<span class=\"excerpt-hellip\"> [\u2026]<\/span><\/p>\n","protected":false},"featured_media":0,"template":"","meta":{"_monsterinsights_skip_tracking":false,"_monsterinsights_sitenote_active":false,"_monsterinsights_sitenote_note":"","_monsterinsights_sitenote_category":0},"product_brand":[],"product_cat":[12291,12711],"product_tag":[],"class_list":{"0":"post-741073","1":"product","2":"type-product","3":"status-publish","5":"product_cat-edebiyat","6":"product_cat-roman-oyku","7":"pa_cilt-ciltsiz","8":"pa_tur-kitap","9":"pa_yayinevi-elpis-yayinlari","10":"pa_yazar-ilhan-onat-tezel","12":"first","13":"instock","14":"sale","15":"shipping-taxable","16":"purchasable","17":"product-type-simple"},"_links":{"self":[{"href":"https:\/\/roveyayinevi.com.tr\/index.php\/wp-json\/wp\/v2\/product\/741073","targetHints":{"allow":["GET"]}}],"collection":[{"href":"https:\/\/roveyayinevi.com.tr\/index.php\/wp-json\/wp\/v2\/product"}],"about":[{"href":"https:\/\/roveyayinevi.com.tr\/index.php\/wp-json\/wp\/v2\/types\/product"}],"wp:attachment":[{"href":"https:\/\/roveyayinevi.com.tr\/index.php\/wp-json\/wp\/v2\/media?parent=741073"}],"wp:term":[{"taxonomy":"product_brand","embeddable":true,"href":"https:\/\/roveyayinevi.com.tr\/index.php\/wp-json\/wp\/v2\/product_brand?post=741073"},{"taxonomy":"product_cat","embeddable":true,"href":"https:\/\/roveyayinevi.com.tr\/index.php\/wp-json\/wp\/v2\/product_cat?post=741073"},{"taxonomy":"product_tag","embeddable":true,"href":"https:\/\/roveyayinevi.com.tr\/index.php\/wp-json\/wp\/v2\/product_tag?post=741073"}],"curies":[{"name":"wp","href":"https:\/\/api.w.org\/{rel}","templated":true}]}}