{"id":741072,"date":"2025-08-28T00:41:25","date_gmt":"2025-08-27T21:41:25","guid":{"rendered":"https:\/\/roveyayinevi.com.tr\/index.php\/urun\/eski-sehir\/"},"modified":"2026-04-16T02:52:12","modified_gmt":"2026-04-15T23:52:12","slug":"eski-sehir","status":"publish","type":"product","link":"https:\/\/roveyayinevi.com.tr\/index.php\/urun\/eski-sehir\/","title":{"rendered":"Eski \u015eehir"},"content":{"rendered":"<p>\u201c\u015eehirler kadar unutmay\u0131 iyi bilen bir canl\u0131 t\u00fcr\u00fc yoktur!\u201d Harun \u00d6zer\u2019in hik\u00e2yeleri bizden, i\u00e7imizden, her g\u00fcn kar\u015f\u0131la\u015ft\u0131\u011f\u0131m\u0131z insanlar\u0131n hik\u00e2yeleri! Kimi ma\u011frur, kimi mutlu, kimi ak\u0131nt\u0131ya kap\u0131lm\u0131\u015f\u2026 Kimi a\u015fktan, kimi ailesinden, kimi de paradan mustarip insanlar; insanc\u0131klar. \u0130\u00e7inizi \u0131s\u0131tan mizah\u0131yla kendinizden bir \u015feyler bulaca\u011f\u0131n\u0131z hik\u00e2yeler\u2026 70\u2019lerin Eski\u015fehir\u2019inden, ara sokaklar\u0131ndan ta\u015f\u0131p bize ula\u015fan hayatlar\u2026 Ve\u2026 Onlar\u0131n \u201ckomik, ac\u0131kl\u0131 ve hayret edilesi\u201dhik\u00e2yeleri!Harun \u00d6zer 1967 y\u0131l\u0131nda Eski\u015fehir\u2019de do\u011fdu. Anadolu \u00dcniversitesi Devlet Konservatuvar\u0131 Tiyatro Oyunculu\u011fu B\u00f6l\u00fcm\u00fc\u2019nden mezun oldu. Diyarbak\u0131r ve Ankara Devlet Tiyatrosu\u2019nda \u00e7al\u0131\u015ft\u0131. \u00c7ok say\u0131da oyunda rol ald\u0131, y\u00f6netmenlik yapt\u0131; kaleme ald\u0131\u011f\u0131 oyunlar sahnelendi.<\/p>\n","protected":false},"excerpt":{"rendered":"<p>\u201c\u015eehirler kadar unutmay\u0131 iyi bilen bir canl\u0131 t\u00fcr\u00fc yoktur!\u201d Harun \u00d6zer\u2019in hik\u00e2yeleri bizden, i\u00e7imizden, her g\u00fcn kar\u015f\u0131la\u015ft\u0131\u011f\u0131m\u0131z insanlar\u0131n hik\u00e2yeleri! Kimi ma\u011frur, kimi mutlu, kimi ak\u0131nt\u0131ya kap\u0131lm\u0131\u015f\u2026<span class=\"excerpt-hellip\"> [\u2026]<\/span><\/p>\n","protected":false},"featured_media":0,"template":"","meta":{"_monsterinsights_skip_tracking":false,"_monsterinsights_sitenote_active":false,"_monsterinsights_sitenote_note":"","_monsterinsights_sitenote_category":0},"product_brand":[],"product_cat":[12291,12711],"product_tag":[],"class_list":{"0":"post-741072","1":"product","2":"type-product","3":"status-publish","5":"product_cat-edebiyat","6":"product_cat-roman-oyku","7":"pa_cilt-ciltsiz","8":"pa_tur-kitap","9":"pa_yayinevi-inkilap-kitabevi","10":"pa_yazar-harun-ozer","12":"first","13":"instock","14":"sale","15":"shipping-taxable","16":"purchasable","17":"product-type-simple"},"_links":{"self":[{"href":"https:\/\/roveyayinevi.com.tr\/index.php\/wp-json\/wp\/v2\/product\/741072","targetHints":{"allow":["GET"]}}],"collection":[{"href":"https:\/\/roveyayinevi.com.tr\/index.php\/wp-json\/wp\/v2\/product"}],"about":[{"href":"https:\/\/roveyayinevi.com.tr\/index.php\/wp-json\/wp\/v2\/types\/product"}],"wp:attachment":[{"href":"https:\/\/roveyayinevi.com.tr\/index.php\/wp-json\/wp\/v2\/media?parent=741072"}],"wp:term":[{"taxonomy":"product_brand","embeddable":true,"href":"https:\/\/roveyayinevi.com.tr\/index.php\/wp-json\/wp\/v2\/product_brand?post=741072"},{"taxonomy":"product_cat","embeddable":true,"href":"https:\/\/roveyayinevi.com.tr\/index.php\/wp-json\/wp\/v2\/product_cat?post=741072"},{"taxonomy":"product_tag","embeddable":true,"href":"https:\/\/roveyayinevi.com.tr\/index.php\/wp-json\/wp\/v2\/product_tag?post=741072"}],"curies":[{"name":"wp","href":"https:\/\/api.w.org\/{rel}","templated":true}]}}