{"id":741070,"date":"2025-08-28T00:41:22","date_gmt":"2025-08-27T21:41:22","guid":{"rendered":"https:\/\/roveyayinevi.com.tr\/index.php\/urun\/muaz\/"},"modified":"2026-04-16T02:52:12","modified_gmt":"2026-04-15T23:52:12","slug":"muaz","status":"publish","type":"product","link":"https:\/\/roveyayinevi.com.tr\/index.php\/urun\/muaz\/","title":{"rendered":"Muaz"},"content":{"rendered":"<p>\u0130nsan\u0131n t\u00fcm ya\u015fam\u0131n\u0131 ufac\u0131k bir s\u0131rt \u00e7antas\u0131na s\u0131\u011fd\u0131rmaya \u00e7al\u0131\u015f\u0131p k\u00f6klerini, evini ard\u0131nda b\u0131rakarak onu neyin bekledi\u011finden bihaber oldu\u011fu bir yolculu\u011fa \u00e7\u0131kmas\u0131 kolay \u015fey de\u011fildir. Muaz i\u00e7in de hi\u00e7 kolay olmam\u0131\u015ft\u0131. Hen\u00fcz on d\u00f6rt ya\u015f\u0131ndayd\u0131, \u00e7ocuklar\u0131n her \u015feyi daha kolay unuttu\u011fu s\u00f6ylense de onun i\u00e7in \u00f6yle geli\u015fmemi\u015fti olaylar. Evlerinin yak\u0131n\u0131nda patlayan bomban\u0131n b\u0131rakt\u0131\u011f\u0131 y\u0131k\u0131nt\u0131larla, gezmeyi \u00e7ok sevdikleri Halep\u2019teki o al\u0131\u015fveri\u015f merkezinden kalan beton y\u0131\u011f\u0131nlar\u0131yla, yine o bombalar\u0131n etkisiyle kana bulanm\u0131\u015f insanlarla g\u00f6z g\u00f6ze gelmi\u015f; anne ve babas\u0131n\u0131n g\u00f6zlerindeki o endi\u015feyi ise en yak\u0131ndan g\u00f6rm\u00fc\u015f, her \u015feyi haf\u0131zas\u0131n\u0131n bir k\u00f6\u015fesine kaydetmi\u015fti ister istemez. \u0130\u00e7sava\u015f y\u0131llard\u0131r s\u00fcr\u00fcyordu ve her \u015fey daha da tehlikeli bir h\u00e2l alm\u0131\u015ft\u0131. Art\u0131k ya\u015famak i\u00e7in tek \u00e7areleri vard\u0131: Bir \u015fekilde s\u0131n\u0131rdan ge\u00e7ip T\u00fcrkiye\u2019ye gitmek. Peki orada her \u015fey yoluna girecek miydi yoksa \u00e7ok daha karma\u015f\u0131k g\u00fcnler mi bekliyordu onlar\u0131? Burcu Kapu, asl\u0131nda hepimizin ucundan k\u0131y\u0131s\u0131ndan tan\u0131k oldu\u011fu ya\u015famlar\u0131 tam da merkezinden, on d\u00f6rt ya\u015f\u0131ndaki Muaz\u2019\u0131n g\u00f6z\u00fcnden anlat\u0131yor. T\u00fckenen ihtimallerin, iliklere kadar hissedilen korkular\u0131n, geride b\u0131rak\u0131lan t\u00fcm ya\u015fanm\u0131\u015fl\u0131klar\u0131n, vazge\u00e7ilmek zorunda kal\u0131nan hayallerin, d\u0131\u015flanman\u0131n, hor g\u00f6r\u00fclmenin enkaz\u0131nda kalm\u0131\u015f k\u00fc\u00e7\u00fck bir \u00e7ocu\u011fun, yaralar\u0131na merhem aray\u0131\u015f\u0131n\u0131n etkileyici hik\u00e2yesine en yak\u0131ndan konuk olacaks\u0131n\u0131z. Muaz: T\u00fcm \u00fcmitlerin t\u00fckendi\u011fi yerde gayret, iyi niyet ve emekle kendine ufac\u0131k bir \u00e7atlak bulup ye\u015ferecek o tohumlar\u0131n habercisi\u2026Burcu Kapu 1978 y\u0131l\u0131nda \u0130stanbul\u2019da do\u011fdu. Lise \u00f6\u011frenimini Kad\u0131k\u00f6y Anadolu Lisesi\u2019nde, lisans e\u011fitimini \u0130stanbul \u00dcniversitesi Fen Fak\u00fcltesi\u2019nde Molek\u00fcler Biyoloji ve Genetik alan\u0131nda, y\u00fcksek lisans\u0131n\u0131 ise Yeditepe \u00dcniversitesi\u2019nde MBA yaparak tamamlad\u0131. Uzun y\u0131llar ila\u00e7 sekt\u00f6r\u00fcnde psikiyatri alan\u0131nda marka y\u00f6neticili\u011fi yapt\u0131. Profesyonel hayat\u0131na ba\u015flad\u0131\u011f\u0131 andan itibaren hep farkl\u0131 i\u015fleri ayn\u0131 anda yapan Kapu, kendi ayakkab\u0131 markas\u0131ndan spor radyoculu\u011funa, spor televizyonculu\u011fundan yazarl\u0131\u011f\u0131na kadar bir\u00e7ok alanda \u00e7al\u0131\u015ft\u0131. Suriye sava\u015f\u0131n\u0131n patlak vermesiyle birlikte m\u00fcltecilere dair bir \u015feyler yapma arzusu onu UNICEF, BM, Avrupa Birli\u011fi T\u00fcrkiye Delegasyonu ve \u00e7e\u015fitli STK\u2019lar ile birlikte projeler geli\u015ftirip uygulamaya s\u00fcr\u00fckledi. Bu y\u0131llarda ayn\u0131 zamanda \u0130stanbul \u00dcniversitesi\u2019nde Sosyoloji alan\u0131nda lisans e\u011fitimi ald\u0131. Halen BeinSports\u2019ta spor program\u0131 haz\u0131rlay\u0131p sunan Burcu Kapu T\u00fcrkiye\u2019de ya\u015fayan m\u00fclteci \u00e7ocuklarla ya\u015fad\u0131klar\u0131ndan yola \u00e7\u0131k\u0131p ilk roman\u0131n\u0131 kaleme ald\u0131. Semih G\u00fcm\u00fc\u015f ile birlikte yazarl\u0131k yolculu\u011funa ba\u015flayan Kapu\u2019nun 2017 y\u0131l\u0131nda yay\u0131mlanm\u0131\u015f Hi\u00e7 Pas Vermiyorsun isimli bir kitab\u0131 daha bulunmaktad\u0131r.<\/p>\n","protected":false},"excerpt":{"rendered":"<p>\u0130nsan\u0131n t\u00fcm ya\u015fam\u0131n\u0131 ufac\u0131k bir s\u0131rt \u00e7antas\u0131na s\u0131\u011fd\u0131rmaya \u00e7al\u0131\u015f\u0131p k\u00f6klerini, evini ard\u0131nda b\u0131rakarak onu neyin bekledi\u011finden bihaber oldu\u011fu bir yolculu\u011fa \u00e7\u0131kmas\u0131 kolay \u015fey de\u011fildir. Muaz i\u00e7in<span class=\"excerpt-hellip\"> [\u2026]<\/span><\/p>\n","protected":false},"featured_media":0,"template":"","meta":{"_monsterinsights_skip_tracking":false,"_monsterinsights_sitenote_active":false,"_monsterinsights_sitenote_note":"","_monsterinsights_sitenote_category":0},"product_brand":[],"product_cat":[12291,12711],"product_tag":[],"class_list":{"0":"post-741070","1":"product","2":"type-product","3":"status-publish","5":"product_cat-edebiyat","6":"product_cat-roman-oyku","7":"pa_cilt-ciltsiz","8":"pa_tur-kitap","9":"pa_yayinevi-inkilap-kitabevi","10":"pa_yazar-burcu-kapu","12":"first","13":"instock","14":"sale","15":"shipping-taxable","16":"purchasable","17":"product-type-simple"},"_links":{"self":[{"href":"https:\/\/roveyayinevi.com.tr\/index.php\/wp-json\/wp\/v2\/product\/741070","targetHints":{"allow":["GET"]}}],"collection":[{"href":"https:\/\/roveyayinevi.com.tr\/index.php\/wp-json\/wp\/v2\/product"}],"about":[{"href":"https:\/\/roveyayinevi.com.tr\/index.php\/wp-json\/wp\/v2\/types\/product"}],"wp:attachment":[{"href":"https:\/\/roveyayinevi.com.tr\/index.php\/wp-json\/wp\/v2\/media?parent=741070"}],"wp:term":[{"taxonomy":"product_brand","embeddable":true,"href":"https:\/\/roveyayinevi.com.tr\/index.php\/wp-json\/wp\/v2\/product_brand?post=741070"},{"taxonomy":"product_cat","embeddable":true,"href":"https:\/\/roveyayinevi.com.tr\/index.php\/wp-json\/wp\/v2\/product_cat?post=741070"},{"taxonomy":"product_tag","embeddable":true,"href":"https:\/\/roveyayinevi.com.tr\/index.php\/wp-json\/wp\/v2\/product_tag?post=741070"}],"curies":[{"name":"wp","href":"https:\/\/api.w.org\/{rel}","templated":true}]}}