{"id":741069,"date":"2025-08-28T00:41:21","date_gmt":"2025-08-27T21:41:21","guid":{"rendered":"https:\/\/roveyayinevi.com.tr\/index.php\/urun\/cogito-74-siyaset-felsefesi\/"},"modified":"2026-04-16T02:52:12","modified_gmt":"2026-04-15T23:52:12","slug":"cogito-74-siyaset-felsefesi","status":"publish","type":"product","link":"https:\/\/roveyayinevi.com.tr\/index.php\/urun\/cogito-74-siyaset-felsefesi\/","title":{"rendered":"Cogito 74- Siyaset Felsefesi"},"content":{"rendered":"<p>Cogito\u2019danSokak, Siyaset ve FelsefeR\u00fczg\u00e2r G\u00fcl\u00fcOr\u00e7un T\u00fcrkay \u2022 Zeliha Burtek \u2022 Stefan GandlerYeni PerspektiflerCengiz Aktar \u2022 K\u00fclt\u00fcrlerin E\u015fitli\u011fi \u0130lkesinin Paradoksu: Ba\u015f\u00f6rt\u00fcs\u00fc, K\u0131z S\u00fcnneti ve \u00c7in \u0130mparatorunun K\u00f6pekleri \u00dczerine\u00d6zlem Sert \u2022 Tarihte Bir Yerimiz Var m\u0131? &#8211; Bir Kent Hakk\u0131 ve Yarat\u0131c\u0131l\u0131k Hakk\u0131 Olarak Tarih Hakk\u0131S\u00f6yle\u015fiTodd May, Benjamin Noys &amp; Saul Newman \u2022 G\u00fcn\u00fcm\u00fczde Demokrasi, Anar\u015fizm ve Radikal Politika: Jacques Ranci\u00e9re ile Bir S\u00f6yle\u015fiDosya: Siyaset FelsefesiDilek H\u00fcseyinzadegan \u2022 Siyaset FelsefesiJohannes Fritsche \u2022 Kant Eti\u011fi ve \u0130nsan Haklar\u0131Charilaos Platanakis \u2022 \u0130nsan Haklar\u0131n\u0131n Felsefi Temellendirilmesi M\u00fcmk\u00fcn m\u00fcd\u00fcr?Nalan Sara\u00e7 \u2022 Badiou\u2019da Siyasi Hakikat\u00d6zg\u00fcr G\u00fcrsoy \u2022 Bilginin Haklar\u0131 Bilginin Olgular\u0131na Kar\u015f\u0131: Foucault\u2019nun Tarihlerinin \u201cS\u0131n\u0131r-Deneyim\u201d Olarak Ele\u015ftirel \u0130\u015fleviDilek H\u00fcseyinzadegan \u2022 Foucaultcu Ele\u015ftirel Projenin D\u00f6n\u00fc\u015ft\u00fcr\u00fcc\u00fc Temelleri: Olgu ve Normlar Aras\u0131nda\u00c7i\u011fdem Yaz\u0131c\u0131 \u2022 Az\u0131nl\u0131k Olu\u015f Hallerinden Toplumsal Cinsiyette Kad\u0131n-Erkek Kar\u015f\u0131tl\u0131\u011f\u0131na Felsefi Bir Bak\u0131\u015fFrank Chouraqui \u2022 Merleau-Ponty, Ricoeur ve Bol\u015fevik Evrenselcili\u011fin \u00c7\u00f6k\u00fc\u015f\u00fcAndrea Rehberg \u2022 T\u00fcm\u00fc \u0130\u00e7in Duygu \u00dczerine: Sensus Communis \u00fczerine Kant, Arendt ve Lyotard \/ On a Feeling for All: Kant, Arendt, and Lyotard on sensus communisPatrick Roney \u2022 Yasas\u0131z Ahlak: Arendt\u2019in K\u00f6t\u00fcl\u00fc\u011f\u00fcn S\u0131radanl\u0131\u011f\u0131 D\u00fc\u015f\u00fcncesi \u00dczerine Tekrar D\u00fc\u015f\u00fcnmeOdak: Ba\u015fkanl\u0131k SistemiHaldun G\u00fclalp \u2022 Sunu\u015f: Ba\u015fkanl\u0131k Sistemi Tart\u0131\u015fmalar\u0131Demirhan Burak \u00c7elik \u2022 Parlamenter Gelene\u011fimiz, Otoriterle\u015fen Demokrasimiz ve T\u00fcrk Tipi Ba\u015fkanl\u0131k SistemiYunus S\u00f6zen \u2022 Demokrasi ve Otoriterlik Aras\u0131nda: Ba\u015fkanl\u0131k Sistemine Ge\u00e7i\u015f SiyasetiHaldun G\u00fclalp \u2022 Bar\u0131\u015f ve Ba\u015fkanl\u0131k: Bir Demokrasi Projesi Olarak \u201cAnayasal Vatanseverlik\u201dGe\u00e7en Say\u0131dakilerSay\u0131 73 Tarihyaz\u0131c\u0131l\u0131\u011f\u0131Yazarlar Hakk\u0131nda<\/p>\n","protected":false},"excerpt":{"rendered":"<p>Cogito\u2019danSokak, Siyaset ve FelsefeR\u00fczg\u00e2r G\u00fcl\u00fcOr\u00e7un T\u00fcrkay \u2022 Zeliha Burtek \u2022 Stefan GandlerYeni PerspektiflerCengiz Aktar \u2022 K\u00fclt\u00fcrlerin E\u015fitli\u011fi \u0130lkesinin Paradoksu: Ba\u015f\u00f6rt\u00fcs\u00fc, K\u0131z S\u00fcnneti ve \u00c7in \u0130mparatorunun K\u00f6pekleri<span class=\"excerpt-hellip\"> [\u2026]<\/span><\/p>\n","protected":false},"featured_media":0,"template":"","meta":{"_monsterinsights_skip_tracking":false,"_monsterinsights_sitenote_active":false,"_monsterinsights_sitenote_note":"","_monsterinsights_sitenote_category":0},"product_brand":[],"product_cat":[17574,13527],"product_tag":[],"class_list":{"0":"post-741069","1":"product","2":"type-product","3":"status-publish","5":"product_cat-politika","6":"product_cat-sureli-yayinlar","7":"pa_cilt-ciltsiz","8":"pa_tur-dergi","9":"pa_yayinevi-yapi-kredi-yayinlari-dergi","10":"pa_yazar-yapi-kredi-yayinlari-dergi-kolektif","12":"first","13":"instock","14":"sale","15":"shipping-taxable","16":"purchasable","17":"product-type-simple"},"_links":{"self":[{"href":"https:\/\/roveyayinevi.com.tr\/index.php\/wp-json\/wp\/v2\/product\/741069","targetHints":{"allow":["GET"]}}],"collection":[{"href":"https:\/\/roveyayinevi.com.tr\/index.php\/wp-json\/wp\/v2\/product"}],"about":[{"href":"https:\/\/roveyayinevi.com.tr\/index.php\/wp-json\/wp\/v2\/types\/product"}],"wp:attachment":[{"href":"https:\/\/roveyayinevi.com.tr\/index.php\/wp-json\/wp\/v2\/media?parent=741069"}],"wp:term":[{"taxonomy":"product_brand","embeddable":true,"href":"https:\/\/roveyayinevi.com.tr\/index.php\/wp-json\/wp\/v2\/product_brand?post=741069"},{"taxonomy":"product_cat","embeddable":true,"href":"https:\/\/roveyayinevi.com.tr\/index.php\/wp-json\/wp\/v2\/product_cat?post=741069"},{"taxonomy":"product_tag","embeddable":true,"href":"https:\/\/roveyayinevi.com.tr\/index.php\/wp-json\/wp\/v2\/product_tag?post=741069"}],"curies":[{"name":"wp","href":"https:\/\/api.w.org\/{rel}","templated":true}]}}