{"id":741068,"date":"2025-08-28T00:41:21","date_gmt":"2025-08-27T21:41:21","guid":{"rendered":"https:\/\/roveyayinevi.com.tr\/index.php\/urun\/cogito-57-ironi\/"},"modified":"2026-04-16T02:52:12","modified_gmt":"2026-04-15T23:52:12","slug":"cogito-57-ironi","status":"publish","type":"product","link":"https:\/\/roveyayinevi.com.tr\/index.php\/urun\/cogito-57-ironi\/","title":{"rendered":"Cogito 57- \u0130roni"},"content":{"rendered":"<p>\u0130roni Say\u0131 57Cogito\u2019dan\u0130roniR\u00dcZG\u00c2R G\u00dcL\u00dc\u00dcmit Kurt &#8211; Bar\u0131\u015f Ayd\u0131n, Ali \u00d6mer Akbulut, Zeliha Burtek, Behice Tez\u00e7akarKLAS\u0130KLERErnst Behler &#8211; Antik\u00e7a\u011fda \u0130roninin Ortaya \u00c7\u0131k\u0131\u015f\u0131YEN\u0130 PERSPEKT\u0130FLERKaan H. \u00d6kten &#8211; Varl\u0131k ve Zaman SinopsisiS\u00fcreyya Su &#8211; Y\u00fccenin Postmodern \u0130\u00e7erimleri\u00d6rsan K. \u00d6ymen &#8211; Nietzsche\u2019nin Pusulas\u0131DOSYA: \u0130RON\u0130O\u011fuz Cebeci &#8211; Tarihsel Bir Perspektif \u00dczerinden \u0130roni T\u00fcr ve Tekniklerinin Geli\u015fimi ve Baz\u0131 Uygulama \u00d6rnekleriJean Starobinski &#8211; \u0130roni ve MelankoliErnst Behler &#8211; Modern \u0130roniden Postmodern \u0130roniyeVladimir Jank\u00e9l\u00e9vitch &#8211; Kendisine D\u00f6n\u00fck \u0130roni: Dokunup Ge\u00e7me Sanat\u0131Sava\u015f K\u0131l\u0131\u00e7 &#8211; \u0130roni, \u0130stihza, AlaysamaDavid Ellison &#8211; Kierkegaard: \u015eiirsel Ya\u015fant\u0131n\u0131n Tutumlulu\u011fu \u00dczerineO\u011fuz Demiralp &#8211; Alttan DalmaMehmet Sabri Gen\u00e7 &#8211; Emil Michel Cioran ve Metafiziksel \u0130roniJohn Owens &#8211; \u0130roninin Yapt\u0131r\u0131mlar\u0131: Rorty\u2019de \u0130roni, Otonomi ve Olumsall\u0131kLinda Hutcheon &#8211; \u0130roni, Nostalji ve PostmodernBerel Lang &#8211; \u0130roninin S\u0131n\u0131rlar\u0131ODAK: G\u00dcN\u00dcM\u00dcZDE HEGELKaan H. \u00d6kten &#8211; Uluslararas\u0131 Hegel Kongresi\u2019nin Ard\u0131ndanS\u00d6YLE\u015e\u0130Hegel\u2019in G\u00fcn\u00fcm\u00fcz Felsefesi A\u00e7\u0131s\u0131ndan \u00d6nemi &#8211; Ralf Beuthan &#8211; Klaus Brinkmann &#8211; Clark Butler &#8211; Matthias Haeussler &#8211; Ey\u00fcp Ali K\u0131l\u0131\u00e7aslan &#8211; Claus Arthur Scheier &#8211; Robert Stern &#8211; Klaus Vieweg &#8211; Kenneth WestphalK\u0130TAPM. Abdullah Arslan &#8211; Sad\u0131k Erol Er &#8211; Aldous Huxley\u2019nin \u00d6l\u00fcm\u00fcn\u00fcn 45. Y\u0131l\u0131 ya da Cesur Yeni D\u00fcnya\u2019n\u0131n D\u00fc\u015f\u00fcnd\u00fcrd\u00fckleriGE\u00c7EN SAYIDAK\u0130LERSay\u0131 56: Paul Ric\u0153urYazarlar Hakk\u0131nda<\/p>\n","protected":false},"excerpt":{"rendered":"<p>\u0130roni Say\u0131 57Cogito\u2019dan\u0130roniR\u00dcZG\u00c2R G\u00dcL\u00dc\u00dcmit Kurt &#8211; Bar\u0131\u015f Ayd\u0131n, Ali \u00d6mer Akbulut, Zeliha Burtek, Behice Tez\u00e7akarKLAS\u0130KLERErnst Behler &#8211; Antik\u00e7a\u011fda \u0130roninin Ortaya \u00c7\u0131k\u0131\u015f\u0131YEN\u0130 PERSPEKT\u0130FLERKaan H. \u00d6kten &#8211; Varl\u0131k<span class=\"excerpt-hellip\"> [\u2026]<\/span><\/p>\n","protected":false},"featured_media":0,"template":"","meta":{"_monsterinsights_skip_tracking":false,"_monsterinsights_sitenote_active":false,"_monsterinsights_sitenote_note":"","_monsterinsights_sitenote_category":0},"product_brand":[],"product_cat":[13527],"product_tag":[],"class_list":{"0":"post-741068","1":"product","2":"type-product","3":"status-publish","5":"product_cat-sureli-yayinlar","6":"pa_cilt-ciltsiz","7":"pa_tur-kitap","8":"pa_yayinevi-yapi-kredi-yayinlari-dergi","9":"pa_yazar-yapi-kredi-yayinlari-dergi-kolektif","11":"first","12":"instock","13":"sale","14":"shipping-taxable","15":"purchasable","16":"product-type-simple"},"_links":{"self":[{"href":"https:\/\/roveyayinevi.com.tr\/index.php\/wp-json\/wp\/v2\/product\/741068","targetHints":{"allow":["GET"]}}],"collection":[{"href":"https:\/\/roveyayinevi.com.tr\/index.php\/wp-json\/wp\/v2\/product"}],"about":[{"href":"https:\/\/roveyayinevi.com.tr\/index.php\/wp-json\/wp\/v2\/types\/product"}],"wp:attachment":[{"href":"https:\/\/roveyayinevi.com.tr\/index.php\/wp-json\/wp\/v2\/media?parent=741068"}],"wp:term":[{"taxonomy":"product_brand","embeddable":true,"href":"https:\/\/roveyayinevi.com.tr\/index.php\/wp-json\/wp\/v2\/product_brand?post=741068"},{"taxonomy":"product_cat","embeddable":true,"href":"https:\/\/roveyayinevi.com.tr\/index.php\/wp-json\/wp\/v2\/product_cat?post=741068"},{"taxonomy":"product_tag","embeddable":true,"href":"https:\/\/roveyayinevi.com.tr\/index.php\/wp-json\/wp\/v2\/product_tag?post=741068"}],"curies":[{"name":"wp","href":"https:\/\/api.w.org\/{rel}","templated":true}]}}