{"id":741066,"date":"2025-08-28T00:41:18","date_gmt":"2025-08-27T21:41:18","guid":{"rendered":"https:\/\/roveyayinevi.com.tr\/index.php\/urun\/heidegger-nasyonal-sosyalizm-ve-etik\/"},"modified":"2026-04-16T02:52:12","modified_gmt":"2026-04-15T23:52:12","slug":"heidegger-nasyonal-sosyalizm-ve-etik","status":"publish","type":"product","link":"https:\/\/roveyayinevi.com.tr\/index.php\/urun\/heidegger-nasyonal-sosyalizm-ve-etik\/","title":{"rendered":"Heidegger, Nasyonal Sosyalizm ve Etik"},"content":{"rendered":"<p>Varl\u0131k ve Zaman kitab\u0131 ba\u015fta olmak \u00fczere Heidegger felsefesinin Nasyonal Sosyalizm ile pratik ba\u011flant\u0131lar\u0131 bitmeyen bir tart\u0131\u015fman\u0131n konusu olmu\u015ftur. Bo\u011fazi\u00e7i \u00dcniversitesi Felsefe B\u00f6l\u00fcm\u00fcnde de uzun y\u0131llar hocal\u0131k yapm\u0131\u015f olan Johannes Fritsche, hem Kant ve Hegel uzmanl\u0131klar\u0131n\u0131 hem de \u00e7a\u011fda\u015f felsefe birikimini kullanarak bu tart\u0131\u015fmaya radikal bir perspektiften \u0131\u015f\u0131k tutuyor.<\/p>\n","protected":false},"excerpt":{"rendered":"<p>Varl\u0131k ve Zaman kitab\u0131 ba\u015fta olmak \u00fczere Heidegger felsefesinin Nasyonal Sosyalizm ile pratik ba\u011flant\u0131lar\u0131 bitmeyen bir tart\u0131\u015fman\u0131n konusu olmu\u015ftur. Bo\u011fazi\u00e7i \u00dcniversitesi Felsefe B\u00f6l\u00fcm\u00fcnde de uzun y\u0131llar<span class=\"excerpt-hellip\"> [\u2026]<\/span><\/p>\n","protected":false},"featured_media":0,"template":"","meta":{"_monsterinsights_skip_tracking":false,"_monsterinsights_sitenote_active":false,"_monsterinsights_sitenote_note":"","_monsterinsights_sitenote_category":0},"product_brand":[],"product_cat":[20351,12388],"product_tag":[],"class_list":{"0":"post-741066","1":"product","2":"type-product","3":"status-publish","5":"product_cat-dusunce","6":"product_cat-felsefe","7":"pa_cilt-ciltsiz","8":"pa_tur-kitap","9":"pa_yayinevi-pinhan-yayincilik","10":"pa_yazar-johannes-fritsche","12":"first","13":"instock","14":"sale","15":"shipping-taxable","16":"purchasable","17":"product-type-simple"},"_links":{"self":[{"href":"https:\/\/roveyayinevi.com.tr\/index.php\/wp-json\/wp\/v2\/product\/741066","targetHints":{"allow":["GET"]}}],"collection":[{"href":"https:\/\/roveyayinevi.com.tr\/index.php\/wp-json\/wp\/v2\/product"}],"about":[{"href":"https:\/\/roveyayinevi.com.tr\/index.php\/wp-json\/wp\/v2\/types\/product"}],"wp:attachment":[{"href":"https:\/\/roveyayinevi.com.tr\/index.php\/wp-json\/wp\/v2\/media?parent=741066"}],"wp:term":[{"taxonomy":"product_brand","embeddable":true,"href":"https:\/\/roveyayinevi.com.tr\/index.php\/wp-json\/wp\/v2\/product_brand?post=741066"},{"taxonomy":"product_cat","embeddable":true,"href":"https:\/\/roveyayinevi.com.tr\/index.php\/wp-json\/wp\/v2\/product_cat?post=741066"},{"taxonomy":"product_tag","embeddable":true,"href":"https:\/\/roveyayinevi.com.tr\/index.php\/wp-json\/wp\/v2\/product_tag?post=741066"}],"curies":[{"name":"wp","href":"https:\/\/api.w.org\/{rel}","templated":true}]}}