{"id":741063,"date":"2025-08-28T00:41:16","date_gmt":"2025-08-27T21:41:16","guid":{"rendered":"https:\/\/roveyayinevi.com.tr\/index.php\/urun\/turkiyenin-koronavirus-ile-mucadelesinde-belediyeler\/"},"modified":"2026-04-16T02:52:11","modified_gmt":"2026-04-15T23:52:11","slug":"turkiyenin-koronavirus-ile-mucadelesinde-belediyeler","status":"publish","type":"product","link":"https:\/\/roveyayinevi.com.tr\/index.php\/urun\/turkiyenin-koronavirus-ile-mucadelesinde-belediyeler\/","title":{"rendered":"T\u00fcrkiye\u2019nin Koronavir\u00fcs ile M\u00fccadelesinde Belediyeler"},"content":{"rendered":"<p>Koronavir\u00fcs hastal\u0131\u011f\u0131 ya\u015fam pratiklerimizde, i\u015f yap\u0131\u015f \u015fekillerimizde ve kentlerimizde \u00f6nemli de\u011fi\u015fikliklere yol a\u00e7m\u0131\u015ft\u0131r. Merkezi y\u00f6netim vir\u00fcs ile m\u00fccadele kapsam\u0131nda pek \u00e7ok genelge yay\u0131nlarken, yerel y\u00f6netim kurulu\u015flar\u0131 da m\u00fclki idare koordinasyonunda bu genelgelere uyma ve vatanda\u015flar\u0131n hayat\u0131n\u0131 kolayla\u015ft\u0131rma konusunda pek \u00e7ok proje ve uygulamay\u0131 hayata ge\u00e7irmi\u015ftir. Uygulanan bu proje ve uygulamalar kentsel ya\u015famda belediyelerin bula\u015f\u0131c\u0131 ve salg\u0131n hastal\u0131klarla m\u00fccadele de ne kadar \u00f6nemli oldu\u011funu ortaya koymu\u015ftur. Di\u011fer taraftan k\u00fcresel d\u00fczeyde ya\u015fanan sorunlara yerel seviyede \u00e7\u00f6z\u00fcm \u00fcretebilmenin gere\u011fi de ortaya \u00e7\u0131km\u0131\u015ft\u0131r. Belediyeler, k\u00fc\u00e7\u00fck dokunu\u015flarla sa\u011fl\u0131ktan, altyap\u0131ya, spordan k\u00fclt\u00fcrel etkinliklere, ula\u015f\u0131mdan, tar\u0131m ve hayvanc\u0131l\u0131\u011fa kadar h\u0131zl\u0131 ve etkili \u00e7\u00f6z\u00fcmler \u00fcreterek vir\u00fcs\u00fcn toplum genelinde yaratt\u0131\u011f\u0131 tahribat\u0131 engellemek i\u00e7in \u00e7aba sarf etmi\u015flerdir. \u00c7al\u0131\u015fmada belediyeler taraf\u0131ndan Covid-19 ile m\u00fccadele kapsam\u0131nda yap\u0131lan bu \u00e7abalar ile pandemi s\u0131ras\u0131nda belediyelerin hangi hizmetleri nas\u0131l sundu\u011fu ve bu hizmetlerin etkilili\u011fi ortaya konulmu\u015ftur.  Bu \u00e7al\u0131\u015fma ile ama\u00e7lanan ise yerel y\u00f6netimlerin pandemi ile m\u00fccadele kapsam\u0131nda ortaya koydu\u011fu politikalar\u0131 ve faaliyetleri tespit ederek, genel \u00e7\u0131kar\u0131mlarda bulunmak ve bu \u00e7\u0131kar\u0131mlardan pandemi ile m\u00fccadele kapsam\u0131nda iyi y\u00f6netim uygulamalar\u0131n\u0131 ortaya koymakt\u0131r. \u00c7al\u0131\u015fma kapsam\u0131nda T\u00fcrkiye\u2019deki 81 il belediyesi, 173 il\u00e7e belediyesi ve d\u00fcnya genelinde se\u00e7ili 70 belediyenin koronavir\u00fcs d\u00f6neminde yapt\u0131klar\u0131 \u00e7al\u0131\u015fmalar, farkl\u0131 konu ba\u015fl\u0131klar\u0131 ba\u011flam\u0131nda incelenmi\u015ftir. <\/p>\n","protected":false},"excerpt":{"rendered":"<p>Koronavir\u00fcs hastal\u0131\u011f\u0131 ya\u015fam pratiklerimizde, i\u015f yap\u0131\u015f \u015fekillerimizde ve kentlerimizde \u00f6nemli de\u011fi\u015fikliklere yol a\u00e7m\u0131\u015ft\u0131r. Merkezi y\u00f6netim vir\u00fcs ile m\u00fccadele kapsam\u0131nda pek \u00e7ok genelge yay\u0131nlarken, yerel y\u00f6netim kurulu\u015flar\u0131<span class=\"excerpt-hellip\"> [\u2026]<\/span><\/p>\n","protected":false},"featured_media":0,"template":"","meta":{"_monsterinsights_skip_tracking":false,"_monsterinsights_sitenote_active":false,"_monsterinsights_sitenote_note":"","_monsterinsights_sitenote_category":0},"product_brand":[],"product_cat":[13059,12337],"product_tag":[],"class_list":{"0":"post-741063","1":"product","2":"type-product","3":"status-publish","5":"product_cat-diger-politika-siyaset","6":"product_cat-politika-siyaset","7":"pa_cilt-ciltsiz","8":"pa_tur-kitap","9":"pa_yayinevi-tiav","10":"pa_yazar-oguzhan-erdogan","12":"first","13":"instock","14":"sale","15":"shipping-taxable","16":"purchasable","17":"product-type-simple"},"_links":{"self":[{"href":"https:\/\/roveyayinevi.com.tr\/index.php\/wp-json\/wp\/v2\/product\/741063","targetHints":{"allow":["GET"]}}],"collection":[{"href":"https:\/\/roveyayinevi.com.tr\/index.php\/wp-json\/wp\/v2\/product"}],"about":[{"href":"https:\/\/roveyayinevi.com.tr\/index.php\/wp-json\/wp\/v2\/types\/product"}],"wp:attachment":[{"href":"https:\/\/roveyayinevi.com.tr\/index.php\/wp-json\/wp\/v2\/media?parent=741063"}],"wp:term":[{"taxonomy":"product_brand","embeddable":true,"href":"https:\/\/roveyayinevi.com.tr\/index.php\/wp-json\/wp\/v2\/product_brand?post=741063"},{"taxonomy":"product_cat","embeddable":true,"href":"https:\/\/roveyayinevi.com.tr\/index.php\/wp-json\/wp\/v2\/product_cat?post=741063"},{"taxonomy":"product_tag","embeddable":true,"href":"https:\/\/roveyayinevi.com.tr\/index.php\/wp-json\/wp\/v2\/product_tag?post=741063"}],"curies":[{"name":"wp","href":"https:\/\/api.w.org\/{rel}","templated":true}]}}