{"id":741061,"date":"2025-08-28T00:41:14","date_gmt":"2025-08-27T21:41:14","guid":{"rendered":"https:\/\/roveyayinevi.com.tr\/index.php\/urun\/sinir-guvenligi-ve-duzensiz-goc-van-ili-ornegi\/"},"modified":"2026-04-16T02:52:11","modified_gmt":"2026-04-15T23:52:11","slug":"sinir-guvenligi-ve-duzensiz-goc-van-ili-ornegi","status":"publish","type":"product","link":"https:\/\/roveyayinevi.com.tr\/index.php\/urun\/sinir-guvenligi-ve-duzensiz-goc-van-ili-ornegi\/","title":{"rendered":"S\u0131n\u0131r G\u00fcvenli\u011fi ve D\u00fczensiz G\u00f6\u00e7- Van ili \u00d6rne\u011fi"},"content":{"rendered":"<p>Devletler, insani ve do\u011fal kaynaklar\u0131n korunmas\u0131 veya stratejik veya sembolik bak\u0131mdan ta\u015f\u0131d\u0131\u011f\u0131 anlamlar nedeniyle s\u0131n\u0131rlar\u0131n\u0131 korumaktad\u0131r. S\u0131n\u0131rlar, devletin egemenli\u011finin ve kom\u015fular\u0131yla g\u00fcvenli ili\u015fkiler geli\u015ftirmesinin bir g\u00f6stergesi olarak ortaya \u00e7\u0131kmaktad\u0131r. \u00c7al\u0131\u015fman\u0131n amac\u0131, kamu politikalar\u0131 analizi bak\u0131\u015f a\u00e7\u0131s\u0131yla s\u0131n\u0131rlar\u0131n incelenmesine y\u00f6nelik genel ge\u00e7er bir s\u0131n\u0131r kuram\u0131na ula\u015fmaya katk\u0131da bulunmakt\u0131r. Bu amac\u0131 ger\u00e7ekle\u015ftirmek \u00fczere s\u0131n\u0131r g\u00fcvenli\u011finin d\u00fczensiz g\u00f6\u00e7\u00fc y\u00f6netmedeki rol\u00fc kamu politikalar\u0131 analizi disiplini bak\u0131\u015f a\u00e7\u0131s\u0131yla incelenmi\u015ftir. \u00c7al\u0131\u015fman\u0131n ara\u015ft\u0131rma sorusu \u201culusal akt\u00f6rlerin s\u0131n\u0131r g\u00fcvenlik tedbirleri d\u00fczensiz g\u00f6\u00e7 ile m\u00fccadelede tek ba\u015f\u0131na yeterli midir?\u201d olarak belirlenmi\u015ftir. \u00c7al\u0131\u015fman\u0131n kapsam\u0131, yaz\u0131n taramas\u0131, kuramsal \u00e7er\u00e7eve ve metodoloji, arka plan\u0131n resmi akt\u00f6rler \u00e7er\u00e7evesinde incelenmesi, Afganl\u0131 g\u00f6\u00e7\u00fcn\u00fcn gayri resmi akt\u00f6rler \u00e7er\u00e7evesinde incelenmesi, bulgular ve s\u0131n\u0131r g\u00fcvenlik y\u00f6netiminin kamu politikalar\u0131 bak\u0131m\u0131ndan incelenmesi olmak \u00fczere alt\u0131 b\u00f6l\u00fcmden olu\u015fmaktad\u0131r. <\/p>\n","protected":false},"excerpt":{"rendered":"<p>Devletler, insani ve do\u011fal kaynaklar\u0131n korunmas\u0131 veya stratejik veya sembolik bak\u0131mdan ta\u015f\u0131d\u0131\u011f\u0131 anlamlar nedeniyle s\u0131n\u0131rlar\u0131n\u0131 korumaktad\u0131r. S\u0131n\u0131rlar, devletin egemenli\u011finin ve kom\u015fular\u0131yla g\u00fcvenli ili\u015fkiler geli\u015ftirmesinin bir g\u00f6stergesi<span class=\"excerpt-hellip\"> [\u2026]<\/span><\/p>\n","protected":false},"featured_media":0,"template":"","meta":{"_monsterinsights_skip_tracking":false,"_monsterinsights_sitenote_active":false,"_monsterinsights_sitenote_note":"","_monsterinsights_sitenote_category":0},"product_brand":[],"product_cat":[13059,12337],"product_tag":[],"class_list":{"0":"post-741061","1":"product","2":"type-product","3":"status-publish","5":"product_cat-diger-politika-siyaset","6":"product_cat-politika-siyaset","7":"pa_cilt-ciltsiz","8":"pa_tur-kitap","9":"pa_yayinevi-tiav","10":"pa_yazar-alper-ekmekcioglu","12":"first","13":"instock","14":"sale","15":"shipping-taxable","16":"purchasable","17":"product-type-simple"},"_links":{"self":[{"href":"https:\/\/roveyayinevi.com.tr\/index.php\/wp-json\/wp\/v2\/product\/741061","targetHints":{"allow":["GET"]}}],"collection":[{"href":"https:\/\/roveyayinevi.com.tr\/index.php\/wp-json\/wp\/v2\/product"}],"about":[{"href":"https:\/\/roveyayinevi.com.tr\/index.php\/wp-json\/wp\/v2\/types\/product"}],"wp:attachment":[{"href":"https:\/\/roveyayinevi.com.tr\/index.php\/wp-json\/wp\/v2\/media?parent=741061"}],"wp:term":[{"taxonomy":"product_brand","embeddable":true,"href":"https:\/\/roveyayinevi.com.tr\/index.php\/wp-json\/wp\/v2\/product_brand?post=741061"},{"taxonomy":"product_cat","embeddable":true,"href":"https:\/\/roveyayinevi.com.tr\/index.php\/wp-json\/wp\/v2\/product_cat?post=741061"},{"taxonomy":"product_tag","embeddable":true,"href":"https:\/\/roveyayinevi.com.tr\/index.php\/wp-json\/wp\/v2\/product_tag?post=741061"}],"curies":[{"name":"wp","href":"https:\/\/api.w.org\/{rel}","templated":true}]}}