{"id":741060,"date":"2025-08-28T00:41:13","date_gmt":"2025-08-27T21:41:13","guid":{"rendered":"https:\/\/roveyayinevi.com.tr\/index.php\/urun\/genc-ejderha-gork\/"},"modified":"2026-04-16T02:52:11","modified_gmt":"2026-04-15T23:52:11","slug":"genc-ejderha-gork","status":"publish","type":"product","link":"https:\/\/roveyayinevi.com.tr\/index.php\/urun\/genc-ejderha-gork\/","title":{"rendered":"Gen\u00e7 Ejderha Gork"},"content":{"rendered":"<p>Gork, Sava\u015fKanatlar\u0131 Askeri Akademisi\u2019ndeki di\u011fer ejderhalar gibi de\u011fil. Onun kocaman bir kalbi ve ancak be\u015f santimetrelik boynuzlar\u0131 var, \u00fcstelik bay\u0131l\u0131p duruyor. Lakab\u0131, \u00c7\u0131tk\u0131r\u0131ld\u0131m ve G\u00dc\u00c7 ARZUSU seviyesi, s\u0131n\u0131f\u0131ndaki en d\u00fc\u015f\u00fck derece olan At\u0131\u015ft\u0131rmal\u0131k. Ama hayat\u0131n\u0131n en \u00f6nemli aray\u0131\u015f\u0131na \u00e7\u0131karken bunlar\u0131n hi\u00e7birinin ona engel olmas\u0131na izin vermeyecek! Ne de olsa liseden mezun olaca\u011f\u0131 gece di\u015fi bir ejderhaya krali\u00e7esi olmay\u0131 teklif etmeli. B\u00f6ylece onunla birlikte yabanc\u0131 bir gezegeni fethetmeye gidebilecek. Ama teklifi kabul edilmezse Gork bir k\u00f6le olacak.   E\u015fini bulmak i\u00e7in Sporcular, Budalalar ve \u00c7ok Boyutlularla m\u00fccadele eden Gork, \u00e7\u0131lg\u0131n bilim ejderi Dr. Korkun\u00e7, \u00f6l\u00fcm\u00fc saplant\u0131 haline getiren robot ejderha Fribby ve k\u0131l\u0131\u00e7larla akupunktur alan\u0131nda uzman, \u015fifac\u0131 Metheldra dahil olmak \u00fczere dostlar ve d\u00fc\u015fmanlardan olu\u015fan unutulmaz karakterlerle kar\u015f\u0131la\u015f\u0131r. Ama en nihayetinde, bu destans\u0131 aray\u0131\u015f\u0131nda Gork\u2019a en b\u00fcy\u00fck zay\u0131fl\u0131\u011f\u0131, kocaman kalbi rehberlik edecek.   Bir a\u015fk ve kendini bulma hik\u00e2yesi olan Gen\u00e7 Ejderha Gork, bize bir ejderhan\u0131n ne kadar cana yak\u0131n olabilece\u011fini g\u00f6steren son derece e\u011flenceli, g\u00fczel kurgulanm\u0131\u015f ve hayli i\u00e7ten bir roman.  <\/p>\n","protected":false},"excerpt":{"rendered":"<p>Gork, Sava\u015fKanatlar\u0131 Askeri Akademisi\u2019ndeki di\u011fer ejderhalar gibi de\u011fil. Onun kocaman bir kalbi ve ancak be\u015f santimetrelik boynuzlar\u0131 var, \u00fcstelik bay\u0131l\u0131p duruyor. Lakab\u0131, \u00c7\u0131tk\u0131r\u0131ld\u0131m ve G\u00dc\u00c7 ARZUSU<span class=\"excerpt-hellip\"> [\u2026]<\/span><\/p>\n","protected":false},"featured_media":0,"template":"","meta":{"_monsterinsights_skip_tracking":false,"_monsterinsights_sitenote_active":false,"_monsterinsights_sitenote_note":"","_monsterinsights_sitenote_category":0},"product_brand":[],"product_cat":[12291,12711],"product_tag":[],"class_list":{"0":"post-741060","1":"product","2":"type-product","3":"status-publish","5":"product_cat-edebiyat","6":"product_cat-roman-oyku","7":"pa_cilt-ciltsiz","8":"pa_tur-kitap","9":"pa_yayinevi-epsilon-yayinlari","10":"pa_yazar-gabe-hudson","12":"first","13":"instock","14":"sale","15":"shipping-taxable","16":"purchasable","17":"product-type-simple"},"_links":{"self":[{"href":"https:\/\/roveyayinevi.com.tr\/index.php\/wp-json\/wp\/v2\/product\/741060","targetHints":{"allow":["GET"]}}],"collection":[{"href":"https:\/\/roveyayinevi.com.tr\/index.php\/wp-json\/wp\/v2\/product"}],"about":[{"href":"https:\/\/roveyayinevi.com.tr\/index.php\/wp-json\/wp\/v2\/types\/product"}],"wp:attachment":[{"href":"https:\/\/roveyayinevi.com.tr\/index.php\/wp-json\/wp\/v2\/media?parent=741060"}],"wp:term":[{"taxonomy":"product_brand","embeddable":true,"href":"https:\/\/roveyayinevi.com.tr\/index.php\/wp-json\/wp\/v2\/product_brand?post=741060"},{"taxonomy":"product_cat","embeddable":true,"href":"https:\/\/roveyayinevi.com.tr\/index.php\/wp-json\/wp\/v2\/product_cat?post=741060"},{"taxonomy":"product_tag","embeddable":true,"href":"https:\/\/roveyayinevi.com.tr\/index.php\/wp-json\/wp\/v2\/product_tag?post=741060"}],"curies":[{"name":"wp","href":"https:\/\/api.w.org\/{rel}","templated":true}]}}