{"id":741059,"date":"2025-08-28T00:41:12","date_gmt":"2025-08-27T21:41:12","guid":{"rendered":"https:\/\/roveyayinevi.com.tr\/index.php\/urun\/hayattan-keyif-almak-icin-at-kurtul-ferahla\/"},"modified":"2026-03-27T03:00:54","modified_gmt":"2026-03-27T00:00:54","slug":"hayattan-keyif-almak-icin-at-kurtul-ferahla","status":"publish","type":"product","link":"https:\/\/roveyayinevi.com.tr\/index.php\/urun\/hayattan-keyif-almak-icin-at-kurtul-ferahla\/","title":{"rendered":"Hayattan Keyif Almak \u0130\u00e7in: At, Kurtul, Ferahla"},"content":{"rendered":"<p>Hayat\u0131  Sadele\u015ftirmek  \u0130\u00e7in  Derle,  Topla,  Rahatla\u2019n\u0131n  merakla beklenen bu devam kitab\u0131nda, Japon temizleme dan\u0131\u015fman\u0131 Marie Kondo, icat etti\u011fi KonMari Metodu\u2019nu daha detayl\u0131 ve resimli olarak a\u00e7\u0131kl\u0131yor.   Da\u011f\u0131n\u0131kl\u0131\u011f\u0131  nas\u0131l  giderebilece\u011finizi,  mutfaktan  banyo  e\u015fyalar\u0131na,  i\u015fle ilgili evraklardan hobi malzemelerine kadar evdeki her par\u00e7ay\u0131 nas\u0131l  organize  edebilece\u011finizi  kullan\u0131c\u0131  dostu  \u00e7izimlerle  kolayca  anlayacaks\u0131n\u0131z.   Kondo  bu  kitab\u0131nda  gerekli  olan  ama  sizde  keyif  hissi  uyand\u0131rmayan  e\u015fyalarla  nas\u0131l  ba\u015fa  \u00e7\u0131kaca\u011f\u0131n\u0131za  dair  \u00f6\u011f\u00fctler  de  veriyor.  T\u00fcm d\u00fczenleme sorular\u0131n\u0131za detayl\u0131 cevaplar alacak, daha d\u00fczenli,  basit  ve  ne\u015fe  dolu  bir  hayat  i\u00e7in  gerekli  ad\u0131mlar\u0131  atacaks\u0131n\u0131z.       \u201cKondo\u2019nun y\u00f6ntemi ger\u00e7ekten hayat\u0131n\u0131z\u0131 de\u011fi\u015ftirebilir, tabii izin verirseniz.\u201d TODAY.com     \u201cMarie Kondo ruhunuzu canland\u0131racak daha fazla \u00f6neriyle geri d\u00f6n\u00fcyor.\u201d People   \u2018\u2018E\u011fer ilk kitapta daha fazlas\u0131n\u0131 arad\u0131ysan\u0131z, i\u015fte bu bekledi\u011finiz kitap.\u2019\u2019 MindBodyGreen<\/p>\n","protected":false},"excerpt":{"rendered":"<p>Hayat\u0131 Sadele\u015ftirmek \u0130\u00e7in Derle, Topla, Rahatla\u2019n\u0131n merakla beklenen bu devam kitab\u0131nda, Japon temizleme dan\u0131\u015fman\u0131 Marie Kondo, icat etti\u011fi KonMari Metodu\u2019nu daha detayl\u0131 ve resimli olarak a\u00e7\u0131kl\u0131yor.<span class=\"excerpt-hellip\"> [\u2026]<\/span><\/p>\n","protected":false},"featured_media":0,"template":"","meta":{"_monsterinsights_skip_tracking":false,"_monsterinsights_sitenote_active":false,"_monsterinsights_sitenote_note":"","_monsterinsights_sitenote_category":0},"product_brand":[],"product_cat":[12291,12711],"product_tag":[],"class_list":{"0":"post-741059","1":"product","2":"type-product","3":"status-publish","5":"product_cat-edebiyat","6":"product_cat-roman-oyku","7":"pa_cilt-ciltsiz","8":"pa_tur-kitap","9":"pa_yayinevi-epsilon-yayinlari","10":"pa_yazar-marie-kondo","12":"first","13":"instock","14":"sale","15":"shipping-taxable","16":"purchasable","17":"product-type-simple"},"_links":{"self":[{"href":"https:\/\/roveyayinevi.com.tr\/index.php\/wp-json\/wp\/v2\/product\/741059","targetHints":{"allow":["GET"]}}],"collection":[{"href":"https:\/\/roveyayinevi.com.tr\/index.php\/wp-json\/wp\/v2\/product"}],"about":[{"href":"https:\/\/roveyayinevi.com.tr\/index.php\/wp-json\/wp\/v2\/types\/product"}],"wp:attachment":[{"href":"https:\/\/roveyayinevi.com.tr\/index.php\/wp-json\/wp\/v2\/media?parent=741059"}],"wp:term":[{"taxonomy":"product_brand","embeddable":true,"href":"https:\/\/roveyayinevi.com.tr\/index.php\/wp-json\/wp\/v2\/product_brand?post=741059"},{"taxonomy":"product_cat","embeddable":true,"href":"https:\/\/roveyayinevi.com.tr\/index.php\/wp-json\/wp\/v2\/product_cat?post=741059"},{"taxonomy":"product_tag","embeddable":true,"href":"https:\/\/roveyayinevi.com.tr\/index.php\/wp-json\/wp\/v2\/product_tag?post=741059"}],"curies":[{"name":"wp","href":"https:\/\/api.w.org\/{rel}","templated":true}]}}