{"id":741057,"date":"2025-08-28T00:41:09","date_gmt":"2025-08-27T21:41:09","guid":{"rendered":"https:\/\/roveyayinevi.com.tr\/index.php\/urun\/metaseks-cinsel-terapi\/"},"modified":"2026-04-16T02:52:11","modified_gmt":"2026-04-15T23:52:11","slug":"metaseks-cinsel-terapi","status":"publish","type":"product","link":"https:\/\/roveyayinevi.com.tr\/index.php\/urun\/metaseks-cinsel-terapi\/","title":{"rendered":"Metaseks Cinsel Terapi"},"content":{"rendered":"<p>\u201cMETASEKS C\u0130NSEL TERAP\u0130\u201d \u0130LE GELENEKSEL C\u0130NSEL TERAP\u0130N\u0130N \u00d6TES\u0130NE GE\u00c7\u0130N\u2026 \u201cMeta\u201d, sonra, \u00f6teki, \u00f6te, \u00f6tesinde anlaml\u0131 ve normalin \u00f6tesinde olan demektir. \u201cSeks\u201d, insan varl\u0131\u011f\u0131n\u0131n s\u00fcreklili\u011finin sebebi olan en temel g\u00fcd\u00fcd\u00fcr ve insan\u0131n varl\u0131\u011f\u0131n\u0131 hissetmesinin en keyifli yoludur. \u201cMetaSeks\u201d ise \u201c\u00f6teki ve anlaml\u0131 seks\u201d demektir, \u201ca\u015fk\u0131n seks\u201dtir, \u201cseksin bir sonraki evrimi\u201ddir, \u201cgelece\u011fin seksi\u201ddir. Uzun y\u0131llara dayal\u0131 klinik g\u00f6zlemlerimi ve \u00e7al\u0131\u015fmalar\u0131m\u0131 t\u00fcm psikoterapi kuramlar\u0131n\u0131n s\u00fczgecinden ge\u00e7irerek ve ge\u00e7mi\u015fin deneyimlerini gelece\u011fin \u00f6ng\u00f6r\u00fcleriyle harmanlayarak geli\u015ftirdi\u011fim \u201cMetaSeks Cinsel Terapi\u201d, geleneksel cinsel terapinin \u00f6tesine ge\u00e7erek cinselli\u011fi t\u00fcm insani durumlar ba\u011flam\u0131nda ele alan ve cinsel sorunlar\u0131n \u00e7\u00f6z\u00fcm\u00fcnde yeni ufuklar a\u00e7may\u0131 ama\u00e7layan bir yakla\u015f\u0131md\u0131r. Cinsel terapide biyolojik, psikolojik, ili\u015fkisel ve k\u00fclt\u00fcrel alanlar\u0131 birbirine ba\u011flayan kapsay\u0131c\u0131 bir paradigma sunan bu yakla\u015f\u0131mla cinselli\u011fin ve ya\u015fam\u0131n t\u00fcm y\u00f6nleri birbiriyle ba\u011flant\u0131l\u0131 b\u00fct\u00fcnc\u00fcl bir sistem olarak ele al\u0131n\u0131r. Psikoterapist &amp; Yazar &amp; E\u011fitmen Cem KE\u00c7E www.cemkece.com.tr   C\u0130NSEL TERAP\u0130YE YEN\u0130L\u0130K\u00c7\u0130 VE ENTEGRAT\u0130F B\u0130R BAKI\u015e A\u00c7ISI: \u201cMETASEKS C\u0130NSEL TERAP\u0130\u201d IICPI T\u00fcrkiye E\u015fba\u015fkan\u0131 Psikoterapist Cem Ke\u00e7e\u2019nin, yeni bir \u00e7a\u011f\u0131n ba\u015flang\u0131c\u0131 niteli\u011findeki \u201cMetaverse\u201d kavram\u0131n\u0131n, gelece\u011fi tamamen ve sil ba\u015ftan \u015fekillendirece\u011fi bir d\u00fcnyada cinsel terapi, psikoterapi ve evlilik terapisi yakla\u015f\u0131mlar\u0131n\u0131n da k\u00f6kl\u00fc bir de\u011fi\u015fim ge\u00e7irece\u011fi \u00f6ng\u00f6r\u00fcs\u00fcyle geli\u015ftirdi\u011fi \u201cMetaSeks Cinsel Terapi\u201d, kad\u0131nlar\u0131n ve erkeklerin cinsel \u015fikayetlerinin ve sorunlar\u0131n\u0131n te\u015fhis, de\u011ferlendirme ve tedavisine y\u00f6nelik yenilik\u00e7i ve kapsaml\u0131 bir cinsel terapi modelidir. Cinsel terapide sadece semptomlar\u0131 ortadan kald\u0131rmaktan fazlas\u0131n\u0131 yaparak ya\u015fam doyumunu artt\u0131ran \u201cMetaSeks Cinsel Terapi\u201dnin anlat\u0131ld\u0131\u011f\u0131 bu kitap, dan\u0131\u015fanlar\u0131n\u0131n cinsel sorunlar\u0131na etkili tedavi ve kal\u0131c\u0131 \u00e7\u00f6z\u00fcmleri sa\u011flamak i\u00e7in bilgilerini derinle\u015ftirmek ve becerilerini geli\u015ftirmek isteyen t\u00fcm profesyoneller i\u00e7in de\u011ferli bir k\u0131lavuzdur. Uluslararas\u0131 Entegratif Kognitif Psikoterapi Enstit\u00fcs\u00fc (IICPI) www.iicpi.org   C\u0130NSEL TERAP\u0130DE BA\u015eARILI VE KALICI \u00c7\u00d6Z\u00dcMLER \u0130\u00c7\u0130N G\u00dc\u00c7L\u00dc VE ETK\u0130L\u0130 B\u0130R MODEL\u2026 \u201cMetaSeks Cinsel Terapi\u201d cinselli\u011fin pek \u00e7ok fakt\u00f6rden etkilenen karma\u015f\u0131kl\u0131\u011f\u0131n\u0131 ili\u015fki, ba\u011flam, zihin, ruh (tin) ve beden temelinde ele al\u0131r. Sadece cinsel sorunlar\u0131n giderilmesine ve cinsel i\u015flevlerin sa\u011flanmas\u0131n\u0131 de\u011fil, ayn\u0131 zamanda bili\u015fsel, davran\u0131\u015fsal ve duygusal de\u011fi\u015fimle ki\u015fisel ya\u015fam kalitesini ve ili\u015fki doyumunu art\u0131rmay\u0131 hedefleyerek bireysel ve \u00e7ift memnuniyetinin sa\u011flanmas\u0131na odaklan\u0131r. Bu kitapta her y\u00f6n\u00fcyle anlat\u0131lan \u201cMetaSeks Cinsel Terapi\u201d temel ald\u0131\u011f\u0131 entegratif bak\u0131\u015f a\u00e7\u0131s\u0131n\u0131 cinsel terapinin ba\u015f\u0131ndan sonuna kadar her a\u015famada etkili bir \u015fekilde uygulamaya d\u00f6kerek cinsel terapide ba\u015far\u0131l\u0131 ve kal\u0131c\u0131 \u00e7\u00f6z\u00fcmlerin al\u0131nmas\u0131n\u0131 sa\u011flayan g\u00fc\u00e7l\u00fc ve etkili bir model olarak cinsel terapistlerin yollar\u0131na \u0131\u015f\u0131k tutacakt\u0131r. Cinsel Sa\u011fl\u0131k Dernekleri Federasyonu (C\u0130SEF) www.cisef.org.tr <\/p>\n","protected":false},"excerpt":{"rendered":"<p>\u201cMETASEKS C\u0130NSEL TERAP\u0130\u201d \u0130LE GELENEKSEL C\u0130NSEL TERAP\u0130N\u0130N \u00d6TES\u0130NE GE\u00c7\u0130N\u2026 \u201cMeta\u201d, sonra, \u00f6teki, \u00f6te, \u00f6tesinde anlaml\u0131 ve normalin \u00f6tesinde olan demektir. \u201cSeks\u201d, insan varl\u0131\u011f\u0131n\u0131n s\u00fcreklili\u011finin sebebi olan<span class=\"excerpt-hellip\"> [\u2026]<\/span><\/p>\n","protected":false},"featured_media":0,"template":"","meta":{"_monsterinsights_skip_tracking":false,"_monsterinsights_sitenote_active":false,"_monsterinsights_sitenote_note":"","_monsterinsights_sitenote_category":0},"product_brand":[],"product_cat":[35288,13365],"product_tag":[],"class_list":{"0":"post-741057","1":"product","2":"type-product","3":"status-publish","5":"product_cat-cinsellik-saglik","6":"product_cat-saglik","7":"pa_cilt-ciltsiz","8":"pa_tur-kitap","9":"pa_yayinevi-pusula-yayinevi-ankara","10":"pa_yazar-pusula-yayinevi-kolektif","12":"first","13":"instock","14":"sale","15":"shipping-taxable","16":"purchasable","17":"product-type-simple"},"_links":{"self":[{"href":"https:\/\/roveyayinevi.com.tr\/index.php\/wp-json\/wp\/v2\/product\/741057","targetHints":{"allow":["GET"]}}],"collection":[{"href":"https:\/\/roveyayinevi.com.tr\/index.php\/wp-json\/wp\/v2\/product"}],"about":[{"href":"https:\/\/roveyayinevi.com.tr\/index.php\/wp-json\/wp\/v2\/types\/product"}],"wp:attachment":[{"href":"https:\/\/roveyayinevi.com.tr\/index.php\/wp-json\/wp\/v2\/media?parent=741057"}],"wp:term":[{"taxonomy":"product_brand","embeddable":true,"href":"https:\/\/roveyayinevi.com.tr\/index.php\/wp-json\/wp\/v2\/product_brand?post=741057"},{"taxonomy":"product_cat","embeddable":true,"href":"https:\/\/roveyayinevi.com.tr\/index.php\/wp-json\/wp\/v2\/product_cat?post=741057"},{"taxonomy":"product_tag","embeddable":true,"href":"https:\/\/roveyayinevi.com.tr\/index.php\/wp-json\/wp\/v2\/product_tag?post=741057"}],"curies":[{"name":"wp","href":"https:\/\/api.w.org\/{rel}","templated":true}]}}