{"id":741054,"date":"2025-08-28T00:41:06","date_gmt":"2025-08-27T21:41:06","guid":{"rendered":"https:\/\/roveyayinevi.com.tr\/index.php\/urun\/evliya-celebi-seyahatnamesi-ankara-azerbaycan-bursa-bolu-erzurum-girit-kafkaslar-tebriz-trabzon-2-kitap-2-cilt-kutul\/"},"modified":"2026-04-16T02:52:11","modified_gmt":"2026-04-15T23:52:11","slug":"evliya-celebi-seyahatnamesi-ankara-azerbaycan-bursa-bolu-erzurum-girit-kafkaslar-tebriz-trabzon-2-kitap-2-cilt-kutul","status":"publish","type":"product","link":"https:\/\/roveyayinevi.com.tr\/index.php\/urun\/evliya-celebi-seyahatnamesi-ankara-azerbaycan-bursa-bolu-erzurum-girit-kafkaslar-tebriz-trabzon-2-kitap-2-cilt-kutul\/","title":{"rendered":"Evliya \u00c7elebi Seyahatnamesi  Ankara, Azerbaycan, Bursa, Bolu, Erzurum, Girit, Kafkaslar, Tebriz, Trabzon  2.Kitap 2 Cilt ( Kutul"},"content":{"rendered":"<p>Evliy\u00e2 \u00c7elebi Seyahatn\u00e2mesi\u2019nin ikinci cildi \u0130stanbul&#8217;dan Mudanya&#8217;ya deniz yoluyla ger\u00e7ekle\u015ftirilen k\u0131sa fakat \u00e7ok g\u00fczel hik\u00e2ye edilmi\u015f bir yolculukla ba\u015flar. Eski payitaht Bursa&#8217;dan sonra Bolu \u00fczerinden Karadeniz k\u0131y\u0131lar\u0131ndaki Trabzon ba\u015fta olmak \u00fczere b\u00fcy\u00fckl\u00fc k\u00fc\u00e7\u00fckl\u00fc belli ba\u015fl\u0131 \u015fehirlere; Erzurum yoluyla \u0130ran&#8217;a Kafkasya&#8217;ya, K\u0131r\u0131m ve Girit&#8217;e uzanan sava\u015flar, i\u00e7 \u00e7eki\u015fmeler ve \u00f6zellikle Kafkas \u015fehirleri ve halklar\u0131yla ilgili \u00e7ok ilgin\u00e7 tespitlerle dolu bir d\u00f6nemin hik\u00e2yesi anlat\u0131lmaktad\u0131r.<\/p>\n","protected":false},"excerpt":{"rendered":"<p>Evliy\u00e2 \u00c7elebi Seyahatn\u00e2mesi\u2019nin ikinci cildi \u0130stanbul&#8217;dan Mudanya&#8217;ya deniz yoluyla ger\u00e7ekle\u015ftirilen k\u0131sa fakat \u00e7ok g\u00fczel hik\u00e2ye edilmi\u015f bir yolculukla ba\u015flar. Eski payitaht Bursa&#8217;dan sonra Bolu \u00fczerinden Karadeniz<span class=\"excerpt-hellip\"> [\u2026]<\/span><\/p>\n","protected":false},"featured_media":0,"template":"","meta":{"_monsterinsights_skip_tracking":false,"_monsterinsights_sitenote_active":false,"_monsterinsights_sitenote_note":"","_monsterinsights_sitenote_category":0},"product_brand":[],"product_cat":[18545,12291],"product_tag":[],"class_list":{"0":"post-741054","1":"product","2":"type-product","3":"status-publish","5":"product_cat-anlati","6":"product_cat-edebiyat","7":"pa_cilt-set","8":"pa_tur-kitap","9":"pa_yayinevi-yeditepe-yayinevi","10":"pa_yazar-evliya-celebi","12":"first","13":"instock","14":"sale","15":"shipping-taxable","16":"purchasable","17":"product-type-simple"},"_links":{"self":[{"href":"https:\/\/roveyayinevi.com.tr\/index.php\/wp-json\/wp\/v2\/product\/741054","targetHints":{"allow":["GET"]}}],"collection":[{"href":"https:\/\/roveyayinevi.com.tr\/index.php\/wp-json\/wp\/v2\/product"}],"about":[{"href":"https:\/\/roveyayinevi.com.tr\/index.php\/wp-json\/wp\/v2\/types\/product"}],"wp:attachment":[{"href":"https:\/\/roveyayinevi.com.tr\/index.php\/wp-json\/wp\/v2\/media?parent=741054"}],"wp:term":[{"taxonomy":"product_brand","embeddable":true,"href":"https:\/\/roveyayinevi.com.tr\/index.php\/wp-json\/wp\/v2\/product_brand?post=741054"},{"taxonomy":"product_cat","embeddable":true,"href":"https:\/\/roveyayinevi.com.tr\/index.php\/wp-json\/wp\/v2\/product_cat?post=741054"},{"taxonomy":"product_tag","embeddable":true,"href":"https:\/\/roveyayinevi.com.tr\/index.php\/wp-json\/wp\/v2\/product_tag?post=741054"}],"curies":[{"name":"wp","href":"https:\/\/api.w.org\/{rel}","templated":true}]}}