{"id":741053,"date":"2025-08-28T00:41:05","date_gmt":"2025-08-27T21:41:05","guid":{"rendered":"https:\/\/roveyayinevi.com.tr\/index.php\/urun\/barbarossa-ve-tarihteki-en-kanli-savas\/"},"modified":"2026-04-16T02:52:11","modified_gmt":"2026-04-15T23:52:11","slug":"barbarossa-ve-tarihteki-en-kanli-savas","status":"publish","type":"product","link":"https:\/\/roveyayinevi.com.tr\/index.php\/urun\/barbarossa-ve-tarihteki-en-kanli-savas\/","title":{"rendered":"Barbarossa Ve Tarihteki En Kanl\u0131 Sava\u015f"},"content":{"rendered":"<p>Bu kitap, insanl\u0131k tarihindeki en zorlu istilaya katlanman\u0131n ve en sonunda da bu istilay\u0131 yenmenin nas\u0131l bir \u015fey oldu\u011funa dair, daha \u00f6nce yay\u0131mlanmam\u0131\u015f ve insan\u0131n y\u00fcre\u011fini da\u011flayan pek \u00e7ok tan\u0131kl\u0131kla dolu, m\u00fcthi\u015f bir eser. Rus halk\u0131n\u0131n 1941 ile 1945 y\u0131llar\u0131 aras\u0131nda sergiledi\u011fi kat\u0131ks\u0131z dayanma g\u00fcc\u00fc, okuyucular\u0131 tek kelimeyle \u015fa\u015fk\u0131na \u00e7evirecek. Andrew Roberts Ola\u011fan\u00fcst\u00fc bir ara\u015ft\u0131rmayla alabildi\u011fine zenginle\u015ftirilmi\u015f, ustaca bir anlat\u0131m ve Rusya\u2019n\u0131n ruhunun derin bir analizi. Nick Hewer 22 Haziran 1941, Pazar g\u00fcn\u00fc neredeyse 4 milyon Nazi askeri, milyonlarca Sovyet vatanda\u015f\u0131n\u0131n katledilmesine yol a\u00e7acak vah\u015fice bir yak\u0131p y\u0131kma politikas\u0131 g\u00fcderek Moskova \u00fczerine y\u00fcr\u00fcd\u00fcler. Bu \u00f6yle boyutta bir vah\u015fetti ki, ancak Sovyet taraf\u0131n\u0131n Stalingrad\u2019da zafer kazand\u0131ktan sonra, Berlin \u00fczerine y\u00fcr\u00fcrken \u00f6n\u00fcn\u00fc ard\u0131n\u0131 d\u00fc\u015f\u00fcnmeden ve anlams\u0131zca intikam almas\u0131 ile tekrarlanacakt\u0131. Almanya\u2019n\u0131n Sovyetler Birli\u011fi\u2019ni Haziran 1941\u2019de istila etti\u011fi Barbarossa Harek\u00e2t\u0131 ile ba\u015flay\u0131p, Berlin\u2019in Nisan 1945\u2019te, insan\u0131 \u015fa\u015fk\u0131na \u00e7eviren ko\u015fullar i\u00e7erisindeki d\u00fc\u015f\u00fc\u015f\u00fcne kadar devam eden bu eser, bu s\u00fcre\u00e7te ya\u015fananlar\u0131 Rusya ve Do\u011fu Avrupa halklar\u0131n\u0131n g\u00f6z\u00fcnden anlat\u0131r. Barbarossa, trajedi, ac\u0131 ve kahramanl\u0131k dolu, y\u00fcrek par\u00e7alay\u0131c\u0131 bir \u00f6yk\u00fcd\u00fcr. Stewart Binns, Rus ar\u015fivlerine dayanarak, bu korkun\u00e7 sava\u015fta Sovyet taraf\u0131nda ya\u015fananlar\u0131, ba\u015fka hi\u00e7bir eserde g\u00f6r\u00fclmeyen d\u00fczeyde detayl\u0131 olarak anlat\u0131yor. Binns, tarihin bu kara an\u0131n\u0131 kapsaml\u0131 olarak sunuyor. Taktik manevralar\u0131n geni\u015f \u00e7apl\u0131 olarak ele al\u0131nmas\u0131n\u0131, sivillerin cesareti ve ya\u015fad\u0131klar\u0131 zorluklarla ilgili y\u00fcrek burkan ki\u015fisel \u00f6yk\u00fclerle tamaml\u0131yor.<\/p>\n","protected":false},"excerpt":{"rendered":"<p>Bu kitap, insanl\u0131k tarihindeki en zorlu istilaya katlanman\u0131n ve en sonunda da bu istilay\u0131 yenmenin nas\u0131l bir \u015fey oldu\u011funa dair, daha \u00f6nce yay\u0131mlanmam\u0131\u015f ve insan\u0131n y\u00fcre\u011fini<span class=\"excerpt-hellip\"> [\u2026]<\/span><\/p>\n","protected":false},"featured_media":0,"template":"","meta":{"_monsterinsights_skip_tracking":false,"_monsterinsights_sitenote_active":false,"_monsterinsights_sitenote_note":"","_monsterinsights_sitenote_category":0},"product_brand":[],"product_cat":[12312,12304],"product_tag":[],"class_list":{"0":"post-741053","1":"product","2":"type-product","3":"status-publish","5":"product_cat-diger","6":"product_cat-tarih","7":"pa_cilt-ciltsiz","8":"pa_tur-kitap","9":"pa_yayinevi-yeditepe-yayinevi","10":"pa_yazar-stewart-binns","12":"first","13":"instock","14":"sale","15":"shipping-taxable","16":"purchasable","17":"product-type-simple"},"_links":{"self":[{"href":"https:\/\/roveyayinevi.com.tr\/index.php\/wp-json\/wp\/v2\/product\/741053","targetHints":{"allow":["GET"]}}],"collection":[{"href":"https:\/\/roveyayinevi.com.tr\/index.php\/wp-json\/wp\/v2\/product"}],"about":[{"href":"https:\/\/roveyayinevi.com.tr\/index.php\/wp-json\/wp\/v2\/types\/product"}],"wp:attachment":[{"href":"https:\/\/roveyayinevi.com.tr\/index.php\/wp-json\/wp\/v2\/media?parent=741053"}],"wp:term":[{"taxonomy":"product_brand","embeddable":true,"href":"https:\/\/roveyayinevi.com.tr\/index.php\/wp-json\/wp\/v2\/product_brand?post=741053"},{"taxonomy":"product_cat","embeddable":true,"href":"https:\/\/roveyayinevi.com.tr\/index.php\/wp-json\/wp\/v2\/product_cat?post=741053"},{"taxonomy":"product_tag","embeddable":true,"href":"https:\/\/roveyayinevi.com.tr\/index.php\/wp-json\/wp\/v2\/product_tag?post=741053"}],"curies":[{"name":"wp","href":"https:\/\/api.w.org\/{rel}","templated":true}]}}