{"id":741052,"date":"2025-08-28T00:41:04","date_gmt":"2025-08-27T21:41:04","guid":{"rendered":"https:\/\/roveyayinevi.com.tr\/index.php\/urun\/esaret-sehrinde-bir-kitapci\/"},"modified":"2026-04-16T02:52:11","modified_gmt":"2026-04-15T23:52:11","slug":"esaret-sehrinde-bir-kitapci","status":"publish","type":"product","link":"https:\/\/roveyayinevi.com.tr\/index.php\/urun\/esaret-sehrinde-bir-kitapci\/","title":{"rendered":"Esaret \u015eehrinde Bir Kitap\u00e7\u0131"},"content":{"rendered":"<p>Esir d\u00fc\u015fen bedenin de\u011fil de kalbinse, \u00f6zg\u00fcrl\u00fck ancak kavu\u015fmakla m\u00fcmk\u00fcnd\u00fcr.   1940\u2019l\u0131 y\u0131llarda hen\u00fcz gencecik bir k\u0131zken ba\u015flar Matilda\u2019n\u0131n hik\u00e2yesi\u2026 Birlikte b\u00fcy\u00fcd\u00fckleri \u00e7ocukluk arkada\u015f\u0131 Hans, g\u00fcn\u00fcn birinde bamba\u015fka bir anlam kazan\u0131r gen\u00e7 k\u0131z\u0131n y\u00fcre\u011finde. Kalbini ilk kez p\u0131rp\u0131r ettiren gen\u00e7 bir adamd\u0131r art\u0131k o. Etraflar\u0131nda giderek kararmakta olan d\u00fcnyaya inat, birbirlerine inanmaktan ve birbirlerini sevmekten asla vazge\u00e7meyen iki \u00e2\u015f\u0131\u011fa d\u00f6n\u00fc\u015fmeleri \u00e7ok s\u00fcrmez. Aralar\u0131ndaki ba\u011fl\u0131l\u0131k o kadar g\u00fc\u00e7l\u00fcd\u00fcr ki saf sevgilerinden yay\u0131lan \u0131\u015f\u0131\u011f\u0131n, t\u00fcm karanl\u0131klar\u0131 ayd\u0131nlatabilece\u011finden emindirler.  Ancak Hitler Almanya\u2019s\u0131n\u0131n dalga dalga yayd\u0131\u011f\u0131 k\u00f6t\u00fcl\u00fck, \u00f6n\u00fcne \u00e7\u0131kan\u0131 ezip ge\u00e7mektedir ve ne yaz\u0131k ki a\u015fk\u0131n g\u00fcc\u00fc bile onlar\u0131 durdurmaya yetmez. Bir sabah Naziler, Hans ve ailesini al\u0131p g\u00f6t\u00fcrmek i\u00e7in geldiklerinde, Matilda\u2019n\u0131n kalbini de beraberlerinde g\u00f6t\u00fcr\u00fcrler. O g\u00fcnden sonra ise hi\u00e7bir \u015fey eskisi gibi olmaz. Bedeni \u00f6zg\u00fcr olsa bile Matilda da art\u0131k esaret \u015fehrindeki tutsaklardan biridir ve Hans\u2019\u0131nkiyle beraber atan kalbine yeniden kavu\u015fmak i\u00e7in her \u015feyi g\u00f6ze almaya haz\u0131rd\u0131r.   2018 y\u0131l\u0131n\u0131n Amerika\u2019s\u0131nda ise kariyerinde sorunlar ya\u015fayan ba\u015far\u0131l\u0131 bir mimar olan Grace Laurent, hayat\u0131yla ne yapaca\u011f\u0131n\u0131 bilemeyenlerin d\u00fc\u015ft\u00fc\u011f\u00fc o \u00e7ukura d\u00fc\u015fm\u00fc\u015f durumdad\u0131r. Tam da o b\u00fcy\u00fck bo\u015fluk duygusuyla m\u00fccadele ederken, posta kutusunda \u00e2deta t\u00fcm sorular\u0131na cevap olabilecek bir zarf bulur. \u00d6te yandan o cevaplara ula\u015fmak i\u00e7in b\u00fct\u00fcn d\u00fczenini geride b\u0131rak\u0131p u\u00e7a\u011fa atlamas\u0131 ve Almanya\u2019ya gitmesi gerekmektedir. Hem de daha \u00f6nce ad\u0131n\u0131 bile duymad\u0131\u011f\u0131 ama b\u00fcy\u00fckannesi oldu\u011funu iddia eden, Matilda Ellman isimli bir kad\u0131ndan ona miras kalan m\u00fclk\u00fc g\u00f6rmek i\u00e7in. Grace, \u00f6nce her \u015feyin garip bir \u015faka oldu\u011funu d\u00fc\u015f\u00fcn\u00fcr ama Matilda\u2019n\u0131n ona b\u0131rakt\u0131\u011f\u0131 ipu\u00e7lar\u0131n\u0131 takip ederek miras ald\u0131\u011f\u0131 hik\u00e2yenin d\u00fc\u011f\u00fcmlerini \u00e7\u00f6zd\u00fck\u00e7e, \u00e7ok ge\u00e7meden kendi i\u00e7indekilerin de \u00e7\u00f6z\u00fclmeye ba\u015flad\u0131\u011f\u0131n\u0131 fark eder.   Esaret \u015eehrinde Bir Kitap\u00e7\u0131, \u00f6zg\u00fcrl\u00fc\u011f\u00fcn, fedak\u00e2rl\u0131\u011f\u0131n, cesaretin ve insan olman\u0131n anlam\u0131n\u0131 tekrar tekrar sorgulatan, g\u00f6zya\u015flar\u0131 i\u00e7inde okuyaca\u011f\u0131n\u0131z bir \u015faheser. <\/p>\n","protected":false},"excerpt":{"rendered":"<p>Esir d\u00fc\u015fen bedenin de\u011fil de kalbinse, \u00f6zg\u00fcrl\u00fck ancak kavu\u015fmakla m\u00fcmk\u00fcnd\u00fcr. 1940\u2019l\u0131 y\u0131llarda hen\u00fcz gencecik bir k\u0131zken ba\u015flar Matilda\u2019n\u0131n hik\u00e2yesi\u2026 Birlikte b\u00fcy\u00fcd\u00fckleri \u00e7ocukluk arkada\u015f\u0131 Hans, g\u00fcn\u00fcn birinde<span class=\"excerpt-hellip\"> [\u2026]<\/span><\/p>\n","protected":false},"featured_media":0,"template":"","meta":{"_monsterinsights_skip_tracking":false,"_monsterinsights_sitenote_active":false,"_monsterinsights_sitenote_note":"","_monsterinsights_sitenote_category":0},"product_brand":[],"product_cat":[12291,12711],"product_tag":[],"class_list":{"0":"post-741052","1":"product","2":"type-product","3":"status-publish","5":"product_cat-edebiyat","6":"product_cat-roman-oyku","7":"pa_cilt-ciltsiz","8":"pa_tur-kitap","9":"pa_yayinevi-arkadya-yayinlari","10":"pa_yazar-shari-j-ryan","12":"first","13":"instock","14":"sale","15":"shipping-taxable","16":"purchasable","17":"product-type-simple"},"_links":{"self":[{"href":"https:\/\/roveyayinevi.com.tr\/index.php\/wp-json\/wp\/v2\/product\/741052","targetHints":{"allow":["GET"]}}],"collection":[{"href":"https:\/\/roveyayinevi.com.tr\/index.php\/wp-json\/wp\/v2\/product"}],"about":[{"href":"https:\/\/roveyayinevi.com.tr\/index.php\/wp-json\/wp\/v2\/types\/product"}],"wp:attachment":[{"href":"https:\/\/roveyayinevi.com.tr\/index.php\/wp-json\/wp\/v2\/media?parent=741052"}],"wp:term":[{"taxonomy":"product_brand","embeddable":true,"href":"https:\/\/roveyayinevi.com.tr\/index.php\/wp-json\/wp\/v2\/product_brand?post=741052"},{"taxonomy":"product_cat","embeddable":true,"href":"https:\/\/roveyayinevi.com.tr\/index.php\/wp-json\/wp\/v2\/product_cat?post=741052"},{"taxonomy":"product_tag","embeddable":true,"href":"https:\/\/roveyayinevi.com.tr\/index.php\/wp-json\/wp\/v2\/product_tag?post=741052"}],"curies":[{"name":"wp","href":"https:\/\/api.w.org\/{rel}","templated":true}]}}