{"id":741049,"date":"2025-08-28T00:41:00","date_gmt":"2025-08-27T21:41:00","guid":{"rendered":"https:\/\/roveyayinevi.com.tr\/index.php\/urun\/365-gun-daha\/"},"modified":"2026-04-16T02:52:11","modified_gmt":"2026-04-15T23:52:11","slug":"365-gun-daha","status":"publish","type":"product","link":"https:\/\/roveyayinevi.com.tr\/index.php\/urun\/365-gun-daha\/","title":{"rendered":"365 G\u00fcn Daha"},"content":{"rendered":"<p>Y\u0131l\u0131n en heyecan verici a\u015fk hik\u00e2yesi devam ediyor   NETFLIX\u2019te izlenme rekorlar\u0131 k\u0131ran   \u201c365 G\u00fcn\u201d ile tan\u0131nan Massimo Torricelli ve Laura Biel!   Sicilya&#8217;n\u0131n en tehlikeli mafya patronlar\u0131ndan biri olan Don Massimo Torricelli&#8217;nin e\u015fi Laura&#8217;n\u0131n hayat\u0131 hi\u00e7 de kolay de\u011fildir. \u00c7\u00fcnk\u00fc Massimo&#8217;nun zalim d\u00fc\u015fmanlar\u0131 vard\u0131r. Laura&#8217;ya y\u00f6nelik bir sald\u0131r\u0131n\u0131n ard\u0131ndan, Massimo ve Laura&#8217;n\u0131n tutkulu ili\u015fkilerinin \u00fczerine karanl\u0131k bulutlar gezmeye ba\u015flar. Laura&#8217;n\u0131n yolunun, \u0130spanyol yeralt\u0131 d\u00fcnyas\u0131n\u0131n bir \u00fcyesi olan yak\u0131\u015f\u0131kl\u0131 Marcelo Matos ile kesi\u015fmesiyle Laura ve Massimo&#8217;nun birbirlerine duyduklar\u0131 b\u00fcy\u00fck \u00e7ekim tehlikeye girer. Laura&#8217;n\u0131n bir karar vermesi gerekmektedir. Massimo&#8217;ya olan a\u015fk\u0131 her \u015feyin \u00fcstesinden gelebilecek kadar g\u00fc\u00e7l\u00fc m\u00fcd\u00fcr?   S\u0131n\u0131rlar\u0131n ve merhametin olmad\u0131\u011f\u0131 bir d\u00fcnyada sonsuz bir tutku.   Laura ve Massimo\u2019nun hik\u00e2yesi: Cilt 1: 365 G\u00fcn Cilt 2: 365 G\u00fcn &#8211; Bug\u00fcn Cilt 3: 365 G\u00fcn Daha   BLANKA LIPI\u0143SKA uluslararas\u0131 olarak en \u00e7ok satan yazard\u0131r. \u00dc\u00e7lemesi 30 dile \u00e7evrilmi\u015f ve d\u00fcnya \u00e7ap\u0131nda bask\u0131s\u0131 2 milyondan fazla satm\u0131\u015ft\u0131r. Zorunlu oldu\u011fu i\u00e7in de\u011fil tutkusu oldu\u011fu i\u00e7in, para yerine e\u011flence ama\u00e7l\u0131 yazarl\u0131k yapmaktad\u0131r. D\u00f6vmeleri sever, d\u00fcr\u00fcstl\u00fc\u011fe ve fedakarl\u0131\u011fa de\u011fer verir. Konu seks olunca ortaya \u00e7\u0131kan a\u00e7\u0131k olmama durumundan rahats\u0131z oldu\u011fu i\u00e7in a\u015fk\u0131n pek \u00e7ok farkl\u0131 y\u00f6n\u00fcn\u00fc dile getirmeyi kendine g\u00f6rev edinmi\u015ftir. Seks hakk\u0131nda konu\u015fman\u0131n yemek haz\u0131rlamak kadar kolay oldu\u011funu savunur. Blanka, Wprost dergisi taraf\u0131ndan 2019 y\u0131l\u0131nda Polonya&#8217;n\u0131n en y\u00fcksek \u00fccretli yazarlar\u0131ndan biri olarak g\u00f6sterildi. 2020 y\u0131l\u0131nda ayn\u0131 derginin Polonya&#8217;n\u0131n en etkili kad\u0131nlar\u0131 listesinde yer ald\u0131. Polonya Ulusal K\u00fct\u00fcphanesi okuyucu anketi ile Polonya&#8217;daki en pop\u00fcler on yazar aras\u0131nda yer ald\u0131 ve ForbesWomen dergisi ile en iyi kad\u0131n markalar\u0131 aras\u0131nda g\u00f6sterildi. Yazar\u0131n en \u00e7ok satan roman\u0131 365 G\u00fcn, 2020&#8217;nin d\u00fcnya \u00e7ap\u0131ndaki en ba\u015far\u0131l\u0131 Netflix filmlerinden birinin esin kayna\u011f\u0131d\u0131r. Birinci s\u0131rada 10 g\u00fcn ge\u00e7iren film, liste tarihinin ikinci en y\u00fcksek seviyesini elde etmi\u015ftir. Netflix filmi 365 G\u00fcn: Bug\u00fcn  27 Nisan 2022\u2019de yay\u0131nland\u0131 ve ilk hafta yakla\u015f\u0131k 90 \u00fclkede birinci s\u0131raya y\u00fckseldi. <\/p>\n","protected":false},"excerpt":{"rendered":"<p>Y\u0131l\u0131n en heyecan verici a\u015fk hik\u00e2yesi devam ediyor NETFLIX\u2019te izlenme rekorlar\u0131 k\u0131ran \u201c365 G\u00fcn\u201d ile tan\u0131nan Massimo Torricelli ve Laura Biel! Sicilya&#8217;n\u0131n en tehlikeli mafya patronlar\u0131ndan<span class=\"excerpt-hellip\"> [\u2026]<\/span><\/p>\n","protected":false},"featured_media":0,"template":"","meta":{"_monsterinsights_skip_tracking":false,"_monsterinsights_sitenote_active":false,"_monsterinsights_sitenote_note":"","_monsterinsights_sitenote_category":0},"product_brand":[],"product_cat":[12291,12711],"product_tag":[],"class_list":{"0":"post-741049","1":"product","2":"type-product","3":"status-publish","5":"product_cat-edebiyat","6":"product_cat-roman-oyku","7":"pa_cilt-ciltsiz","8":"pa_tur-kitap","9":"pa_yayinevi-theseus-yayinevi","10":"pa_yazar-blanka-lipinska","12":"first","13":"instock","14":"sale","15":"shipping-taxable","16":"purchasable","17":"product-type-simple"},"_links":{"self":[{"href":"https:\/\/roveyayinevi.com.tr\/index.php\/wp-json\/wp\/v2\/product\/741049","targetHints":{"allow":["GET"]}}],"collection":[{"href":"https:\/\/roveyayinevi.com.tr\/index.php\/wp-json\/wp\/v2\/product"}],"about":[{"href":"https:\/\/roveyayinevi.com.tr\/index.php\/wp-json\/wp\/v2\/types\/product"}],"wp:attachment":[{"href":"https:\/\/roveyayinevi.com.tr\/index.php\/wp-json\/wp\/v2\/media?parent=741049"}],"wp:term":[{"taxonomy":"product_brand","embeddable":true,"href":"https:\/\/roveyayinevi.com.tr\/index.php\/wp-json\/wp\/v2\/product_brand?post=741049"},{"taxonomy":"product_cat","embeddable":true,"href":"https:\/\/roveyayinevi.com.tr\/index.php\/wp-json\/wp\/v2\/product_cat?post=741049"},{"taxonomy":"product_tag","embeddable":true,"href":"https:\/\/roveyayinevi.com.tr\/index.php\/wp-json\/wp\/v2\/product_tag?post=741049"}],"curies":[{"name":"wp","href":"https:\/\/api.w.org\/{rel}","templated":true}]}}