{"id":741048,"date":"2025-08-28T00:40:59","date_gmt":"2025-08-27T21:40:59","guid":{"rendered":"https:\/\/roveyayinevi.com.tr\/index.php\/urun\/gelecek-nasil-gelecek\/"},"modified":"2026-04-16T02:52:11","modified_gmt":"2026-04-15T23:52:11","slug":"gelecek-nasil-gelecek","status":"publish","type":"product","link":"https:\/\/roveyayinevi.com.tr\/index.php\/urun\/gelecek-nasil-gelecek\/","title":{"rendered":"Gelecek Nas\u0131l Gelecek"},"content":{"rendered":"<p>\u00dcnl\u00fc fizik\u00e7i Jim Al-Khalili\u2019nin zaman makinesine ho\u015f geldiniz.   Kendi kendini tamir eden bisikletlere, yoldan elektrik \u00fcreten s\u00fcr\u00fcc\u00fcs\u00fcz otomobillere, hava \u015fartlar\u0131na g\u00f6re kendini ayarlayan giysilere haz\u0131r m\u0131s\u0131n\u0131z? \u0130la\u00e7lar\u0131n\u0131z\u0131n sizin DNA\u2019n\u0131za \u00f6zel tasarland\u0131\u011f\u0131 bir d\u00fcnya m\u0131, yoksa ya\u015fanabilir bir uzay m\u0131 sizi heyecanland\u0131r\u0131r? Yapay zek\u00e2n\u0131n bizden t\u00fcm i\u015flerimizi devrald\u0131\u011f\u0131 bir d\u00fcnyaya ne dersiniz?   Gelecek Nas\u0131l Gelecek\u2019te, Philip Ball, Lewis Dartnell, Gaia Vince, Adam Rutherford gibi alan\u0131nda s\u00f6z sahibi uzmanlar, Jim Al-Khalili\u2019nin davetiyle \u00f6nden gidip ke\u015ffe \u00e7\u0131karak insanl\u0131\u011f\u0131n hayli olas\u0131 yar\u0131n\u0131na \u0131\u015f\u0131k tutuyor. Kuantum bilgisayarlar\u0131 ve sentetik biyoloji gibi dudak u\u00e7uklatan teknolojilerden, iklim de\u011fi\u015fikli\u011fi ve enerji sorunu gibi hassas konulara uzan\u0131yor; s\u00fcr\u00fcc\u00fcs\u00fcz ara\u00e7lar\u0131n kaza an\u0131nda kimin hayat\u0131n\u0131 kurtarmaya programlanaca\u011f\u0131 ya da tedavisi imkans\u0131z bir hastal\u0131\u011fa yakalanma riskinizi \u00f6\u011frenmek isteyip istememe gibi ikilemleri sorgulat\u0131yor; totaliter \u201cB\u00fcy\u00fck Birader\u201d yerine trilyonlarca dijital \u201ck\u00fc\u00e7\u00fck birader\u201d taraf\u0131ndan izlenmek bizi \u00fcrk\u00fctmeli mi gibi politik sorulara dair \u00f6ng\u00f6r\u00fclerde bulunuyorlar. Her \u015feyin internete ba\u011fland\u0131\u011f\u0131 bir gelecekte su \u0131s\u0131t\u0131c\u0131n\u0131z\u0131n hack\u2019lenmesiyle evinizin \u201ckontrol\u00fcn\u00fc kaybetmek\u201d gibi tuhaf riskleri anlat\u0131yor, \u201ck\u0131yameti ya\u015fam\u0131\u015f\u201d bir d\u00fcnyada nas\u0131l hayatta kal\u0131p uygarl\u0131\u011f\u0131 ba\u015ftan in\u015fa edebilece\u011fimizle ilgili sorulara ufkumuzu geni\u015fletecek cevaplar veriyorlar.   Gelecek dendi\u011finde bilimkurgunun \u00f6tesini merak edenler i\u00e7in, devrim yaratacak at\u0131l\u0131mlar\u0131n \u015fablonlar\u0131 bu zihin a\u00e7\u0131c\u0131 gelecek k\u0131lavuzunda. <\/p>\n","protected":false},"excerpt":{"rendered":"<p>\u00dcnl\u00fc fizik\u00e7i Jim Al-Khalili\u2019nin zaman makinesine ho\u015f geldiniz. Kendi kendini tamir eden bisikletlere, yoldan elektrik \u00fcreten s\u00fcr\u00fcc\u00fcs\u00fcz otomobillere, hava \u015fartlar\u0131na g\u00f6re kendini ayarlayan giysilere haz\u0131r m\u0131s\u0131n\u0131z?<span class=\"excerpt-hellip\"> [\u2026]<\/span><\/p>\n","protected":false},"featured_media":0,"template":"","meta":{"_monsterinsights_skip_tracking":false,"_monsterinsights_sitenote_active":false,"_monsterinsights_sitenote_note":"","_monsterinsights_sitenote_category":0},"product_brand":[],"product_cat":[13005,13006],"product_tag":[],"class_list":{"0":"post-741048","1":"product","2":"type-product","3":"status-publish","5":"product_cat-bilim-muhendislik","6":"product_cat-populer-bilim","7":"pa_cilt-ciltsiz","8":"pa_tur-kitap","9":"pa_yayinevi-domingo-yayinevi","10":"pa_yazar-domingo-yayinevi-kolektif","12":"first","13":"instock","14":"sale","15":"shipping-taxable","16":"purchasable","17":"product-type-simple"},"_links":{"self":[{"href":"https:\/\/roveyayinevi.com.tr\/index.php\/wp-json\/wp\/v2\/product\/741048","targetHints":{"allow":["GET"]}}],"collection":[{"href":"https:\/\/roveyayinevi.com.tr\/index.php\/wp-json\/wp\/v2\/product"}],"about":[{"href":"https:\/\/roveyayinevi.com.tr\/index.php\/wp-json\/wp\/v2\/types\/product"}],"wp:attachment":[{"href":"https:\/\/roveyayinevi.com.tr\/index.php\/wp-json\/wp\/v2\/media?parent=741048"}],"wp:term":[{"taxonomy":"product_brand","embeddable":true,"href":"https:\/\/roveyayinevi.com.tr\/index.php\/wp-json\/wp\/v2\/product_brand?post=741048"},{"taxonomy":"product_cat","embeddable":true,"href":"https:\/\/roveyayinevi.com.tr\/index.php\/wp-json\/wp\/v2\/product_cat?post=741048"},{"taxonomy":"product_tag","embeddable":true,"href":"https:\/\/roveyayinevi.com.tr\/index.php\/wp-json\/wp\/v2\/product_tag?post=741048"}],"curies":[{"name":"wp","href":"https:\/\/api.w.org\/{rel}","templated":true}]}}