{"id":741045,"date":"2025-08-28T00:40:56","date_gmt":"2025-08-27T21:40:56","guid":{"rendered":"https:\/\/roveyayinevi.com.tr\/index.php\/urun\/muhabbetnagme\/"},"modified":"2026-04-16T02:52:11","modified_gmt":"2026-04-15T23:52:11","slug":"muhabbetnagme","status":"publish","type":"product","link":"https:\/\/roveyayinevi.com.tr\/index.php\/urun\/muhabbetnagme\/","title":{"rendered":"Muhabbetna(\u011f)me"},"content":{"rendered":"<p>B\u0130YOGRAF\u0130: Mim Kem\u00e2l \u00d6ke \u0130nsan ve toplum bilimleri \u00f6\u011fretim \u00fcyesi, babal\u0131k mesle\u011finin profes\u00f6r\u00fc, hayat yolunda bir garip \u00e2\u015f\u0131k, kendi tabiriyle \u201cZamane Dervi\u015fi\u201d, engelli dostu. Di\u011fer romanlar\u0131: G\u00fcn Bat\u0131m\u0131, K\u0131z\u0131lelma, Ya\u015fanmam\u0131\u015f An\u0131lar, Duvardaki Kan, Biat   ARKA KAPAK   Her kitab\u0131n bir yaz\u0131l\u0131\u015f nedeni ve \u201c\u00f6yk\u00fcs\u00fc\u201d vard\u0131r. Elinizde tuttu\u011funuz \u00e7al\u0131\u015fman\u0131n da \u00f6yle&#8230; Her kitap, bir \u201caray\u0131\u015f\u201d\u0131 ya da \u201cbulu\u015f\u201du anlat\u0131r. Muhabbetna(\u011f)me de \u00f6yle&#8230;   Bu kitap, Mim Kem\u00e2l \u00d6ke\u2019nin diliyle ifade edersek, \u201cbir yaral\u0131 ceylan\u0131n yararl\u0131 ceylana d\u00f6n\u00fc\u015f\u00fcm\u00fcn\u00fc\u201d anlat\u0131yor. Sevgili k\u0131z\u0131 Nazl\u0131 Hil\u00e2l, Mim Kem\u00e2l \u00d6ke hocam\u0131z\u0131n elinden tutuyor ve onu al\u0131p bir yolculu\u011fa \u00e7\u0131kar\u0131yor. Duraklar\u0131 edebiyat, \u015fiir, felsefe, sinema, en \u00e7ok da T\u00fcrk tasavvuf musikisi\u2026    Muhabbetna(\u011f)me, bu zorlu ama zevkli yolculu\u011fun  seyir-\u00fc sefas\u0131, ba\u015fka bir deyi\u015fle bir \u201czamane menk\u0131besi\u201d\u2026   Muhabbetna(\u011f)me\u2019yi kalbinizle duyabilmeniz duas\u0131yla\u2026 <\/p>\n","protected":false},"excerpt":{"rendered":"<p>B\u0130YOGRAF\u0130: Mim Kem\u00e2l \u00d6ke \u0130nsan ve toplum bilimleri \u00f6\u011fretim \u00fcyesi, babal\u0131k mesle\u011finin profes\u00f6r\u00fc, hayat yolunda bir garip \u00e2\u015f\u0131k, kendi tabiriyle \u201cZamane Dervi\u015fi\u201d, engelli dostu. Di\u011fer romanlar\u0131:<span class=\"excerpt-hellip\"> [\u2026]<\/span><\/p>\n","protected":false},"featured_media":0,"template":"","meta":{"_monsterinsights_skip_tracking":false,"_monsterinsights_sitenote_active":false,"_monsterinsights_sitenote_note":"","_monsterinsights_sitenote_category":0},"product_brand":[],"product_cat":[13072,12291],"product_tag":[],"class_list":{"0":"post-741045","1":"product","2":"type-product","3":"status-publish","5":"product_cat-arastirma-inceleme-referans","6":"product_cat-edebiyat","7":"pa_cilt-ciltsiz","8":"pa_tur-kitap","9":"pa_yayinevi-turkuvaz-kitap","10":"pa_yazar-mim-kemal-oke","12":"first","13":"instock","14":"sale","15":"shipping-taxable","16":"purchasable","17":"product-type-simple"},"_links":{"self":[{"href":"https:\/\/roveyayinevi.com.tr\/index.php\/wp-json\/wp\/v2\/product\/741045","targetHints":{"allow":["GET"]}}],"collection":[{"href":"https:\/\/roveyayinevi.com.tr\/index.php\/wp-json\/wp\/v2\/product"}],"about":[{"href":"https:\/\/roveyayinevi.com.tr\/index.php\/wp-json\/wp\/v2\/types\/product"}],"wp:attachment":[{"href":"https:\/\/roveyayinevi.com.tr\/index.php\/wp-json\/wp\/v2\/media?parent=741045"}],"wp:term":[{"taxonomy":"product_brand","embeddable":true,"href":"https:\/\/roveyayinevi.com.tr\/index.php\/wp-json\/wp\/v2\/product_brand?post=741045"},{"taxonomy":"product_cat","embeddable":true,"href":"https:\/\/roveyayinevi.com.tr\/index.php\/wp-json\/wp\/v2\/product_cat?post=741045"},{"taxonomy":"product_tag","embeddable":true,"href":"https:\/\/roveyayinevi.com.tr\/index.php\/wp-json\/wp\/v2\/product_tag?post=741045"}],"curies":[{"name":"wp","href":"https:\/\/api.w.org\/{rel}","templated":true}]}}