{"id":741044,"date":"2025-08-28T00:40:55","date_gmt":"2025-08-27T21:40:55","guid":{"rendered":"https:\/\/roveyayinevi.com.tr\/index.php\/urun\/feo-ve-kurt\/"},"modified":"2026-04-16T02:52:11","modified_gmt":"2026-04-15T23:52:11","slug":"feo-ve-kurt","status":"publish","type":"product","link":"https:\/\/roveyayinevi.com.tr\/index.php\/urun\/feo-ve-kurt\/","title":{"rendered":"Feo ve Kurt"},"content":{"rendered":"<p>Kurtlar \u00e7ocuklar gibidir. D\u00fcnyaya uslu durmaya gelmezler.   Feo\u2019nun s\u0131ra d\u0131\u015f\u0131 bir hayat\u0131 vard\u0131. O ve annesi, kurt vah\u015file\u015ftiriyorlard\u0131. Kurt vah\u015file\u015ftiricileri, hayvan terbiyecilerinin tersidir. Evcille\u015ftirilmi\u015f kurtlara yeniden vah\u015fi olmay\u0131, avlanmay\u0131, d\u00f6v\u00fc\u015fmeyi, ulumay\u0131 \u00f6\u011fretirler. Ve insanlara g\u00fcvenmemeyi.   Kurtlardan ve kurtlar\u0131 sevenlerden nefret eden General Rakof\u2019un kul\u00fcbelerine geli\u015fiyle Feo ve annesinin hayat\u0131 alt\u00fcst olur. Feo, askerlerin g\u00f6t\u00fcrd\u00fc\u011f\u00fc annesini kurtarmak i\u00e7in kurtlar\u0131yla birlikte karla kapl\u0131 Rus ormanlar\u0131n\u0131 a\u015fmak zorundad\u0131r.   Kurtlar g\u00fc\u00e7l\u00fc ve korkutucu, ama koca bir orduya kafa tutmak i\u00e7in Feo\u2019ya daha fazlas\u0131 laz\u0131m. Rakof\u2019un zorbal\u0131\u011f\u0131na direnen di\u011fer insanlara g\u00fcvenmeyi \u00f6\u011frenmek, onlarla birlik olmak gibi\u2026 G\u00f6ky\u00fcz\u00fc \u00c7ocuklar\u0131 ile hepimizi b\u00fcy\u00fcleyen Katherine Rundell\u2019dan, neden kitaplar\u0131n okumaya, hayat\u0131nsa ya\u015famaya de\u011fer oldu\u011funu yeniden hat\u0131rlatan isyan dolu bir roman.   \u201cGelece\u011fin klasi\u011fi\u2026 Etkileyici ve benzersiz: Ka\u00e7\u0131rmay\u0131n.\u201d \u2014The Bookseller <\/p>\n","protected":false},"excerpt":{"rendered":"<p>Kurtlar \u00e7ocuklar gibidir. D\u00fcnyaya uslu durmaya gelmezler. Feo\u2019nun s\u0131ra d\u0131\u015f\u0131 bir hayat\u0131 vard\u0131. O ve annesi, kurt vah\u015file\u015ftiriyorlard\u0131. Kurt vah\u015file\u015ftiricileri, hayvan terbiyecilerinin tersidir. Evcille\u015ftirilmi\u015f kurtlara yeniden<span class=\"excerpt-hellip\"> [\u2026]<\/span><\/p>\n","protected":false},"featured_media":0,"template":"","meta":{"_monsterinsights_skip_tracking":false,"_monsterinsights_sitenote_active":false,"_monsterinsights_sitenote_note":"","_monsterinsights_sitenote_category":0},"product_brand":[],"product_cat":[12291,12711],"product_tag":[],"class_list":{"0":"post-741044","1":"product","2":"type-product","3":"status-publish","5":"product_cat-edebiyat","6":"product_cat-roman-oyku","7":"pa_cilt-ciltsiz","8":"pa_tur-kitap","9":"pa_yayinevi-domingo-yayinevi","10":"pa_yazar-katherine-rundell","12":"first","13":"instock","14":"sale","15":"shipping-taxable","16":"purchasable","17":"product-type-simple"},"_links":{"self":[{"href":"https:\/\/roveyayinevi.com.tr\/index.php\/wp-json\/wp\/v2\/product\/741044","targetHints":{"allow":["GET"]}}],"collection":[{"href":"https:\/\/roveyayinevi.com.tr\/index.php\/wp-json\/wp\/v2\/product"}],"about":[{"href":"https:\/\/roveyayinevi.com.tr\/index.php\/wp-json\/wp\/v2\/types\/product"}],"wp:attachment":[{"href":"https:\/\/roveyayinevi.com.tr\/index.php\/wp-json\/wp\/v2\/media?parent=741044"}],"wp:term":[{"taxonomy":"product_brand","embeddable":true,"href":"https:\/\/roveyayinevi.com.tr\/index.php\/wp-json\/wp\/v2\/product_brand?post=741044"},{"taxonomy":"product_cat","embeddable":true,"href":"https:\/\/roveyayinevi.com.tr\/index.php\/wp-json\/wp\/v2\/product_cat?post=741044"},{"taxonomy":"product_tag","embeddable":true,"href":"https:\/\/roveyayinevi.com.tr\/index.php\/wp-json\/wp\/v2\/product_tag?post=741044"}],"curies":[{"name":"wp","href":"https:\/\/api.w.org\/{rel}","templated":true}]}}