{"id":741039,"date":"2025-08-28T00:40:50","date_gmt":"2025-08-27T21:40:50","guid":{"rendered":"https:\/\/roveyayinevi.com.tr\/index.php\/urun\/nekre\/"},"modified":"2026-04-16T02:52:10","modified_gmt":"2026-04-15T23:52:10","slug":"nekre","status":"publish","type":"product","link":"https:\/\/roveyayinevi.com.tr\/index.php\/urun\/nekre\/","title":{"rendered":"Nekre"},"content":{"rendered":"<p>K\u00f6t\u00fcl\u00fck girdab\u0131 onlar\u0131n ba\u015f\u0131na olsun! Fetih Suresi 6. AyetKorkuyordu ve korkunun kokusu vard\u0131. Bedeninden istemsizce \u00e7\u0131kan g\u00f6zya\u015flar\u0131yla kar\u0131\u015fan terin, sa\u00e7lar\u0131n\u0131n bile \u0131slan\u0131p ensesinde hissetti\u011fi korkunun karmakar\u0131\u015f\u0131k kokusuydu. Ne yapaca\u011f\u0131n\u0131 bilememek kadar korkuyu hissettirecek ba\u015fka bir duygu yoktu o an i\u00e7in. Bast\u0131rmaya \u00e7al\u0131\u015ft\u0131 korkuyu duaya s\u0131\u011f\u0131narak.Bilir misiniz? Her evde \u0131\u015f\u0131k yanar. Ama baz\u0131 evlerde \u00f6yle \u015feyler ya\u015fan\u0131r ki\u2026 G\u00fcne\u015f do\u011fdu\u011fu an, karanl\u0131ktan korkar!<\/p>\n","protected":false},"excerpt":{"rendered":"<p>K\u00f6t\u00fcl\u00fck girdab\u0131 onlar\u0131n ba\u015f\u0131na olsun! Fetih Suresi 6. AyetKorkuyordu ve korkunun kokusu vard\u0131. Bedeninden istemsizce \u00e7\u0131kan g\u00f6zya\u015flar\u0131yla kar\u0131\u015fan terin, sa\u00e7lar\u0131n\u0131n bile \u0131slan\u0131p ensesinde hissetti\u011fi korkunun karmakar\u0131\u015f\u0131k<span class=\"excerpt-hellip\"> [\u2026]<\/span><\/p>\n","protected":false},"featured_media":0,"template":"","meta":{"_monsterinsights_skip_tracking":false,"_monsterinsights_sitenote_active":false,"_monsterinsights_sitenote_note":"","_monsterinsights_sitenote_category":0},"product_brand":[],"product_cat":[12291,17033],"product_tag":[],"class_list":{"0":"post-741039","1":"product","2":"type-product","3":"status-publish","5":"product_cat-edebiyat","6":"product_cat-korku-gerilim","7":"pa_cilt-ciltsiz","8":"pa_tur-kitap","9":"pa_yayinevi-vaveyla-yayincilik","10":"pa_yazar-cigdem-koroglu","12":"first","13":"instock","14":"sale","15":"shipping-taxable","16":"purchasable","17":"product-type-simple"},"_links":{"self":[{"href":"https:\/\/roveyayinevi.com.tr\/index.php\/wp-json\/wp\/v2\/product\/741039","targetHints":{"allow":["GET"]}}],"collection":[{"href":"https:\/\/roveyayinevi.com.tr\/index.php\/wp-json\/wp\/v2\/product"}],"about":[{"href":"https:\/\/roveyayinevi.com.tr\/index.php\/wp-json\/wp\/v2\/types\/product"}],"wp:attachment":[{"href":"https:\/\/roveyayinevi.com.tr\/index.php\/wp-json\/wp\/v2\/media?parent=741039"}],"wp:term":[{"taxonomy":"product_brand","embeddable":true,"href":"https:\/\/roveyayinevi.com.tr\/index.php\/wp-json\/wp\/v2\/product_brand?post=741039"},{"taxonomy":"product_cat","embeddable":true,"href":"https:\/\/roveyayinevi.com.tr\/index.php\/wp-json\/wp\/v2\/product_cat?post=741039"},{"taxonomy":"product_tag","embeddable":true,"href":"https:\/\/roveyayinevi.com.tr\/index.php\/wp-json\/wp\/v2\/product_tag?post=741039"}],"curies":[{"name":"wp","href":"https:\/\/api.w.org\/{rel}","templated":true}]}}