{"id":741038,"date":"2025-08-28T00:40:48","date_gmt":"2025-08-27T21:40:48","guid":{"rendered":"https:\/\/roveyayinevi.com.tr\/index.php\/urun\/gec-kalanlar\/"},"modified":"2026-04-16T02:52:10","modified_gmt":"2026-04-15T23:52:10","slug":"gec-kalanlar","status":"publish","type":"product","link":"https:\/\/roveyayinevi.com.tr\/index.php\/urun\/gec-kalanlar\/","title":{"rendered":"Ge\u00e7 Kalanlar"},"content":{"rendered":"<p>&#8220;D\u00fcnyan\u0131n b\u00fct\u00fcn g\u00fczelli\u011fi, karakterli bir kad\u0131n\u0131n a\u015fk\u0131nda gizlidir.&#8221;Nelere ge\u00e7 kalmad\u0131m ki? Elimden geldi\u011fince herkese zaman\u0131nda yeti\u015feyim derken kendime ge\u00e7 kald\u0131m. Kendim i\u00e7in kendi zaman\u0131ma\u2026 Gen\u00e7 ruhum bo\u011fu\u015ftu\u011fu kaderin i\u015fg\u00fczarl\u0131klar\u0131yla yoruldu. Dinlenmeye ge\u00e7 kald\u0131m. En \u00e7ok da her \u015feye ra\u011fmen eme\u011fimi g\u00f6rmezlikten gelebilecek kadar bencil insanlar\u0131n \u201cge\u00e7 kald\u0131n\u201d demelerine\u2026Kaderin vicdan\u0131 olmal\u0131yd\u0131,Ad\u0131na \u015fans demeliydim.Gelmeliydi bana,\u00d6z\u00fcr dilercesine.Bir kez olsun,Hakl\u0131s\u0131n dercesine.Ge\u00e7 kald\u0131m, biliyorum.<\/p>\n","protected":false},"excerpt":{"rendered":"<p>&#8220;D\u00fcnyan\u0131n b\u00fct\u00fcn g\u00fczelli\u011fi, karakterli bir kad\u0131n\u0131n a\u015fk\u0131nda gizlidir.&#8221;Nelere ge\u00e7 kalmad\u0131m ki? Elimden geldi\u011fince herkese zaman\u0131nda yeti\u015feyim derken kendime ge\u00e7 kald\u0131m. Kendim i\u00e7in kendi zaman\u0131ma\u2026 Gen\u00e7 ruhum<span class=\"excerpt-hellip\"> [\u2026]<\/span><\/p>\n","protected":false},"featured_media":0,"template":"","meta":{"_monsterinsights_skip_tracking":false,"_monsterinsights_sitenote_active":false,"_monsterinsights_sitenote_note":"","_monsterinsights_sitenote_category":0},"product_brand":[],"product_cat":[12291,12509],"product_tag":[],"class_list":{"0":"post-741038","1":"product","2":"type-product","3":"status-publish","5":"product_cat-edebiyat","6":"product_cat-siir","7":"pa_cilt-ciltsiz","8":"pa_tur-kitap","9":"pa_yayinevi-vaveyla-yayincilik","10":"pa_yazar-cigdem-koroglu","12":"first","13":"instock","14":"sale","15":"shipping-taxable","16":"purchasable","17":"product-type-simple"},"_links":{"self":[{"href":"https:\/\/roveyayinevi.com.tr\/index.php\/wp-json\/wp\/v2\/product\/741038","targetHints":{"allow":["GET"]}}],"collection":[{"href":"https:\/\/roveyayinevi.com.tr\/index.php\/wp-json\/wp\/v2\/product"}],"about":[{"href":"https:\/\/roveyayinevi.com.tr\/index.php\/wp-json\/wp\/v2\/types\/product"}],"wp:attachment":[{"href":"https:\/\/roveyayinevi.com.tr\/index.php\/wp-json\/wp\/v2\/media?parent=741038"}],"wp:term":[{"taxonomy":"product_brand","embeddable":true,"href":"https:\/\/roveyayinevi.com.tr\/index.php\/wp-json\/wp\/v2\/product_brand?post=741038"},{"taxonomy":"product_cat","embeddable":true,"href":"https:\/\/roveyayinevi.com.tr\/index.php\/wp-json\/wp\/v2\/product_cat?post=741038"},{"taxonomy":"product_tag","embeddable":true,"href":"https:\/\/roveyayinevi.com.tr\/index.php\/wp-json\/wp\/v2\/product_tag?post=741038"}],"curies":[{"name":"wp","href":"https:\/\/api.w.org\/{rel}","templated":true}]}}