{"id":741027,"date":"2025-08-28T00:40:04","date_gmt":"2025-08-27T21:40:04","guid":{"rendered":"https:\/\/roveyayinevi.com.tr\/index.php\/urun\/enerji-guvenligi-ve-dogal-gaz-piyasalari\/"},"modified":"2026-04-16T02:52:10","modified_gmt":"2026-04-15T23:52:10","slug":"enerji-guvenligi-ve-dogal-gaz-piyasalari","status":"publish","type":"product","link":"https:\/\/roveyayinevi.com.tr\/index.php\/urun\/enerji-guvenligi-ve-dogal-gaz-piyasalari\/","title":{"rendered":"Enerji G\u00fcvenli\u011fi ve Do\u011fal Gaz Piyasalar\u0131"},"content":{"rendered":"<p>Kuramsal yakla\u015f\u0131mdan gaz\u0131n ticareti ve fiyatland\u0131r\u0131lmas\u0131na, k\u00fcresel \u00f6l\u00e7ekten \u00fclkemiz \u00f6zeline, jeopolitikten boru hatlar\u0131 siyasetine kadar \u00e7ok geni\u015f bir yelpazeden do\u011fal gaz piyasalar\u0131n\u0131n geli\u015fimini s\u00fcr\u00fckleyici bir roman kalitesiyle aktaran \u201cDo\u011fal Gaz Piyasalar\u0131\u201d kitab\u0131, ge\u00e7ti\u011fimiz be\u015f y\u0131l i\u00e7erisinde piyasa dinamiklerinde ya\u015fanan de\u011fi\u015fiklikler nedeniyle bir g\u00fcncellemeyi zorunlu k\u0131lm\u0131\u015ft\u0131. Kaynak kitap olman\u0131n gere\u011fi de budur zaten. Kovid sonras\u0131 d\u00fcnya enerji g\u00f6r\u00fcn\u00fcm\u00fcndeki d\u00f6n\u00fc\u015f\u00fcm ve yenilenebilir enerji d\u00e2hil g\u00fcncel e\u011filimlere uzanan perspektiflerin de eklendi\u011fi bu g\u00fcncelle\u015ftirilmi\u015f ve geni\u015fletilmi\u015f bask\u0131yla kaliteye kalite kat\u0131lm\u0131\u015f oldu.   Dr. Sohbet Karbuz OME Hidrokarbonlar Direkt\u00f6r\u00fc <\/p>\n","protected":false},"excerpt":{"rendered":"<p>Kuramsal yakla\u015f\u0131mdan gaz\u0131n ticareti ve fiyatland\u0131r\u0131lmas\u0131na, k\u00fcresel \u00f6l\u00e7ekten \u00fclkemiz \u00f6zeline, jeopolitikten boru hatlar\u0131 siyasetine kadar \u00e7ok geni\u015f bir yelpazeden do\u011fal gaz piyasalar\u0131n\u0131n geli\u015fimini s\u00fcr\u00fckleyici bir roman<span class=\"excerpt-hellip\"> [\u2026]<\/span><\/p>\n","protected":false},"featured_media":0,"template":"","meta":{"_monsterinsights_skip_tracking":false,"_monsterinsights_sitenote_active":false,"_monsterinsights_sitenote_note":"","_monsterinsights_sitenote_category":0},"product_brand":[],"product_cat":[12365,12364],"product_tag":[],"class_list":{"0":"post-741027","1":"product","2":"type-product","3":"status-publish","5":"product_cat-diger-genel-konular","6":"product_cat-genel-konular","7":"pa_cilt-ciltsiz","8":"pa_tur-kitap","9":"pa_yayinevi-pankus-yayinlari","10":"pa_yazar-volkan-ozdemir","12":"first","13":"instock","14":"sale","15":"shipping-taxable","16":"purchasable","17":"product-type-simple"},"_links":{"self":[{"href":"https:\/\/roveyayinevi.com.tr\/index.php\/wp-json\/wp\/v2\/product\/741027","targetHints":{"allow":["GET"]}}],"collection":[{"href":"https:\/\/roveyayinevi.com.tr\/index.php\/wp-json\/wp\/v2\/product"}],"about":[{"href":"https:\/\/roveyayinevi.com.tr\/index.php\/wp-json\/wp\/v2\/types\/product"}],"wp:attachment":[{"href":"https:\/\/roveyayinevi.com.tr\/index.php\/wp-json\/wp\/v2\/media?parent=741027"}],"wp:term":[{"taxonomy":"product_brand","embeddable":true,"href":"https:\/\/roveyayinevi.com.tr\/index.php\/wp-json\/wp\/v2\/product_brand?post=741027"},{"taxonomy":"product_cat","embeddable":true,"href":"https:\/\/roveyayinevi.com.tr\/index.php\/wp-json\/wp\/v2\/product_cat?post=741027"},{"taxonomy":"product_tag","embeddable":true,"href":"https:\/\/roveyayinevi.com.tr\/index.php\/wp-json\/wp\/v2\/product_tag?post=741027"}],"curies":[{"name":"wp","href":"https:\/\/api.w.org\/{rel}","templated":true}]}}