{"id":741026,"date":"2025-08-28T00:40:03","date_gmt":"2025-08-27T21:40:03","guid":{"rendered":"https:\/\/roveyayinevi.com.tr\/index.php\/urun\/bu-topragin-dalkavuklari\/"},"modified":"2026-04-16T02:52:10","modified_gmt":"2026-04-15T23:52:10","slug":"bu-topragin-dalkavuklari","status":"publish","type":"product","link":"https:\/\/roveyayinevi.com.tr\/index.php\/urun\/bu-topragin-dalkavuklari\/","title":{"rendered":"Bu Topra\u011f\u0131n Dalkavuklar\u0131"},"content":{"rendered":"<p>\u00dclkemizin \u00fcst\u00fcne siyasetle i\u00e7 i\u00e7e mafya ve uyu\u015fturucu gemileri iddialar\u0131 bomba gibi d\u00fc\u015f\u00fcp medya-hukuk-siyasiler her zamanki gibi hi\u00e7bir \u015fey olmam\u0131s gibi sustu\u011funda, i\u015f yine Nihat Gen\u00e7\u2019e d\u00fc\u015ft\u00fc ve masal kahramanlar\u0131n\u0131 alayc\u0131 \u00fcslubuyla g\u00f6reve \u00e7a\u011f\u0131r\u0131p bu ak\u0131l almaz skandal ve rezaletleri e\u011flenceli, ne\u015feli diliyle y\u00fcz binlere okutmay\u0131 ba\u015fard\u0131! Sevgili Okuyucu; \u015fu an elinizde, yolsuzluklara ve suskunlu\u011fa kars\u0131 sava\u015f veren mizah\u0131m\u0131z\u0131n \u00e7ok cesur ve se\u00e7kin bir eserini tutmaktas\u0131n\u0131z!   Perde kurduk \u0131\u015f\u0131k yakt\u0131k g\u00f6steririz g\u00f6lge-hayal   Bu perde ger\u00e7e\u011fin aynas\u0131d\u0131r san\u0131lmaya martaval   Bu perde ba\u015fka perde Karag\u00f6z perdesi   Oynayan Karag\u00f6z\u2019d\u00fcr amma bu ibret perdesi <\/p>\n","protected":false},"excerpt":{"rendered":"<p>\u00dclkemizin \u00fcst\u00fcne siyasetle i\u00e7 i\u00e7e mafya ve uyu\u015fturucu gemileri iddialar\u0131 bomba gibi d\u00fc\u015f\u00fcp medya-hukuk-siyasiler her zamanki gibi hi\u00e7bir \u015fey olmam\u0131s gibi sustu\u011funda, i\u015f yine Nihat Gen\u00e7\u2019e<span class=\"excerpt-hellip\"> [\u2026]<\/span><\/p>\n","protected":false},"featured_media":0,"template":"","meta":{"_monsterinsights_skip_tracking":false,"_monsterinsights_sitenote_active":false,"_monsterinsights_sitenote_note":"","_monsterinsights_sitenote_category":0},"product_brand":[],"product_cat":[13072,12291],"product_tag":[],"class_list":{"0":"post-741026","1":"product","2":"type-product","3":"status-publish","5":"product_cat-arastirma-inceleme-referans","6":"product_cat-edebiyat","7":"pa_cilt-ciltsiz","8":"pa_tur-kitap","9":"pa_yayinevi-pankus-yayinlari","10":"pa_yazar-nihat-genc","12":"first","13":"instock","14":"sale","15":"shipping-taxable","16":"purchasable","17":"product-type-simple"},"_links":{"self":[{"href":"https:\/\/roveyayinevi.com.tr\/index.php\/wp-json\/wp\/v2\/product\/741026","targetHints":{"allow":["GET"]}}],"collection":[{"href":"https:\/\/roveyayinevi.com.tr\/index.php\/wp-json\/wp\/v2\/product"}],"about":[{"href":"https:\/\/roveyayinevi.com.tr\/index.php\/wp-json\/wp\/v2\/types\/product"}],"wp:attachment":[{"href":"https:\/\/roveyayinevi.com.tr\/index.php\/wp-json\/wp\/v2\/media?parent=741026"}],"wp:term":[{"taxonomy":"product_brand","embeddable":true,"href":"https:\/\/roveyayinevi.com.tr\/index.php\/wp-json\/wp\/v2\/product_brand?post=741026"},{"taxonomy":"product_cat","embeddable":true,"href":"https:\/\/roveyayinevi.com.tr\/index.php\/wp-json\/wp\/v2\/product_cat?post=741026"},{"taxonomy":"product_tag","embeddable":true,"href":"https:\/\/roveyayinevi.com.tr\/index.php\/wp-json\/wp\/v2\/product_tag?post=741026"}],"curies":[{"name":"wp","href":"https:\/\/api.w.org\/{rel}","templated":true}]}}