{"id":741024,"date":"2025-08-28T00:40:01","date_gmt":"2025-08-27T21:40:01","guid":{"rendered":"https:\/\/roveyayinevi.com.tr\/index.php\/urun\/anneligin-sonsuz-yolculugu\/"},"modified":"2026-04-16T02:52:10","modified_gmt":"2026-04-15T23:52:10","slug":"anneligin-sonsuz-yolculugu","status":"publish","type":"product","link":"https:\/\/roveyayinevi.com.tr\/index.php\/urun\/anneligin-sonsuz-yolculugu\/","title":{"rendered":"Anneli\u011fin Sonsuz Yolculu\u011fu"},"content":{"rendered":"<p>ANNEL\u0130\u011e\u0130N SONSUZ YOLCULU\u011eU   50 annenin hayat\u0131ndan, herkese rehberlik edecek deneyimler\u2026   21. y\u00fczy\u0131l\u0131n ba\u015f\u0131nda, hen\u00fcz ak\u0131ll\u0131 telefonlar\u0131n olmad\u0131\u011f\u0131, internet k\u00fclt\u00fcr\u00fcn\u00fcn bile yeni olu\u015ftu\u011fu bir d\u00f6nemdeyiz. Hamilelikle ilgili bilgilerimi payla\u015fmak i\u00e7in kurdu\u011fum gebelik.org sitesine gelen mesajlardan anlad\u0131\u011f\u0131m kadar\u0131yla hamilelerin ortak sorunlar\u0131, beklentileri, kayg\u0131lar\u0131 ve endi\u015feleri vard\u0131 ve do\u011fum sonras\u0131 da tecr\u00fcbeli birilerinin deste\u011fine ihtiya\u00e7 duyuyorlard\u0131.   \u201cOnlar\u0131 sanal ortamda nas\u0131l bulu\u015fturabilirim?\u201d sorusunun yan\u0131t\u0131 o ak\u015fam adeta bir mucize gibi bir e-mail reklam\u0131yla geldi: \u201cegroups.com ile sohbet gruplar\u0131 olu\u015fturun!\u201d (Sonradan yahoogroups\u2019a d\u00f6n\u00fc\u015fecekti.) \u0130nternette sohbet grubu kavram\u0131 yeni yeni olu\u015fmaya ba\u015flam\u0131\u015ft\u0131 o zamanlar ve bu iyi bir f\u0131rsatt\u0131.   Kuraca\u011f\u0131m grubun ad\u0131 da kafamda hemen \u015fekillendi ve \u201cAnneler Kul\u00fcb\u00fc\u201d hayata ge\u00e7ti. 100 ile ba\u015flayan \u00fcye say\u0131s\u0131 h\u0131zla, 200, 500, 5.000, 10.000\u2019li ki\u015fi say\u0131lar\u0131na ula\u015ft\u0131. Burada tan\u0131\u015fan anneler ger\u00e7ek hayatta da bulu\u015fmalar ger\u00e7ekle\u015ftirmeye ba\u015flad\u0131lar, hatta bir toplant\u0131ya ben de kat\u0131ld\u0131m. Bulu\u015fma resimlerini de gebelik.org sitesinde yay\u0131nl\u0131yorduk. Ayr\u0131ca kul\u00fcp \u00fcyeleri d\u00fczenli olarak hamilelik, do\u011fum ve bebek bak\u0131m\u0131yla ilgili yaz\u0131lar yazarlar ve bunlar sitede yay\u0131nlan\u0131rd\u0131.   Sonra kul\u00fcp kollara ayr\u0131ld\u0131, isim de\u011fi\u015ftirerek farkl\u0131 ortamlarda onlarca \u201cAnneler Kul\u00fcb\u00fc\u201d ortaya \u00e7\u0131kt\u0131.   Elinizdeki bu kitap ilk Anneler Kul\u00fcb\u00fc\u2019n\u00fcn 20 y\u0131ll\u0131k ruhunu ta\u015f\u0131yan ki\u015filerin yaz\u0131lar\u0131ndan olu\u015fuyor; ilk, ger\u00e7ek ve tek ANNELER KUL\u00dcB\u00dc. Kal\u0131c\u0131 dostluklar\u0131n kul\u00fcb\u00fcn\u00fcn yeni jenerasyon anne aday\u0131 ve annelere hediyesi&#8230;   Dr. Ka\u011fan Kocatepe <\/p>\n","protected":false},"excerpt":{"rendered":"<p>ANNEL\u0130\u011e\u0130N SONSUZ YOLCULU\u011eU 50 annenin hayat\u0131ndan, herkese rehberlik edecek deneyimler\u2026 21. y\u00fczy\u0131l\u0131n ba\u015f\u0131nda, hen\u00fcz ak\u0131ll\u0131 telefonlar\u0131n olmad\u0131\u011f\u0131, internet k\u00fclt\u00fcr\u00fcn\u00fcn bile yeni olu\u015ftu\u011fu bir d\u00f6nemdeyiz. Hamilelikle ilgili<span class=\"excerpt-hellip\"> [\u2026]<\/span><\/p>\n","protected":false},"featured_media":0,"template":"","meta":{"_monsterinsights_skip_tracking":false,"_monsterinsights_sitenote_active":false,"_monsterinsights_sitenote_note":"","_monsterinsights_sitenote_category":0},"product_brand":[],"product_cat":[12365,12364],"product_tag":[],"class_list":{"0":"post-741024","1":"product","2":"type-product","3":"status-publish","5":"product_cat-diger-genel-konular","6":"product_cat-genel-konular","7":"pa_cilt-ciltsiz","8":"pa_tur-kitap","9":"pa_yayinevi-hayykitap","10":"pa_yazar-kolektif","12":"first","13":"instock","14":"sale","15":"shipping-taxable","16":"purchasable","17":"product-type-simple"},"_links":{"self":[{"href":"https:\/\/roveyayinevi.com.tr\/index.php\/wp-json\/wp\/v2\/product\/741024","targetHints":{"allow":["GET"]}}],"collection":[{"href":"https:\/\/roveyayinevi.com.tr\/index.php\/wp-json\/wp\/v2\/product"}],"about":[{"href":"https:\/\/roveyayinevi.com.tr\/index.php\/wp-json\/wp\/v2\/types\/product"}],"wp:attachment":[{"href":"https:\/\/roveyayinevi.com.tr\/index.php\/wp-json\/wp\/v2\/media?parent=741024"}],"wp:term":[{"taxonomy":"product_brand","embeddable":true,"href":"https:\/\/roveyayinevi.com.tr\/index.php\/wp-json\/wp\/v2\/product_brand?post=741024"},{"taxonomy":"product_cat","embeddable":true,"href":"https:\/\/roveyayinevi.com.tr\/index.php\/wp-json\/wp\/v2\/product_cat?post=741024"},{"taxonomy":"product_tag","embeddable":true,"href":"https:\/\/roveyayinevi.com.tr\/index.php\/wp-json\/wp\/v2\/product_tag?post=741024"}],"curies":[{"name":"wp","href":"https:\/\/api.w.org\/{rel}","templated":true}]}}