{"id":741017,"date":"2025-08-28T00:39:52","date_gmt":"2025-08-27T21:39:52","guid":{"rendered":"https:\/\/roveyayinevi.com.tr\/index.php\/urun\/cocuklar-icin-sherlock-holmes-4\/"},"modified":"2026-04-16T02:52:10","modified_gmt":"2026-04-15T23:52:10","slug":"cocuklar-icin-sherlock-holmes-4","status":"publish","type":"product","link":"https:\/\/roveyayinevi.com.tr\/index.php\/urun\/cocuklar-icin-sherlock-holmes-4\/","title":{"rendered":"\u00c7ocuklar \u0130\u00e7in Sherlock Holmes"},"content":{"rendered":"<p>1800\u2019l\u00fc y\u0131llar\u0131n efsane dedektifi Sherlock Holmes\u2019un, insan zek\u00e2s\u0131n\u0131n ve alg\u0131s\u0131n\u0131n s\u0131n\u0131rlar\u0131n\u0131 zorlayan bir yetene\u011fe sahip oldu\u011funu bilmeyen yoktur. Ele ald\u0131\u011f\u0131 her bir davada bizi heyecan\u0131n, korkunun, merak\u0131n ve e\u011flencenin i\u00e7ine \u00e7eker. Bu kitapta da soluksuz maceralar sizleri bekliyor.   <\/p>\n","protected":false},"excerpt":{"rendered":"<p>1800\u2019l\u00fc y\u0131llar\u0131n efsane dedektifi Sherlock Holmes\u2019un, insan zek\u00e2s\u0131n\u0131n ve alg\u0131s\u0131n\u0131n s\u0131n\u0131rlar\u0131n\u0131 zorlayan bir yetene\u011fe sahip oldu\u011funu bilmeyen yoktur. Ele ald\u0131\u011f\u0131 her bir davada bizi heyecan\u0131n, korkunun,<span class=\"excerpt-hellip\"> [\u2026]<\/span><\/p>\n","protected":false},"featured_media":0,"template":"","meta":{"_monsterinsights_skip_tracking":false,"_monsterinsights_sitenote_active":false,"_monsterinsights_sitenote_note":"","_monsterinsights_sitenote_category":0},"product_brand":[],"product_cat":[12274,12284],"product_tag":[],"class_list":{"0":"post-741017","1":"product","2":"type-product","3":"status-publish","5":"product_cat-cocuk-ve-genclik-kitaplari","6":"product_cat-hikayeler","7":"pa_cilt-ciltsiz","8":"pa_tur-kitap","9":"pa_yayinevi-mirhan-kitap","10":"pa_yazar-sir-arthur-conan-doyle","12":"first","13":"instock","14":"sale","15":"shipping-taxable","16":"purchasable","17":"product-type-simple"},"_links":{"self":[{"href":"https:\/\/roveyayinevi.com.tr\/index.php\/wp-json\/wp\/v2\/product\/741017","targetHints":{"allow":["GET"]}}],"collection":[{"href":"https:\/\/roveyayinevi.com.tr\/index.php\/wp-json\/wp\/v2\/product"}],"about":[{"href":"https:\/\/roveyayinevi.com.tr\/index.php\/wp-json\/wp\/v2\/types\/product"}],"wp:attachment":[{"href":"https:\/\/roveyayinevi.com.tr\/index.php\/wp-json\/wp\/v2\/media?parent=741017"}],"wp:term":[{"taxonomy":"product_brand","embeddable":true,"href":"https:\/\/roveyayinevi.com.tr\/index.php\/wp-json\/wp\/v2\/product_brand?post=741017"},{"taxonomy":"product_cat","embeddable":true,"href":"https:\/\/roveyayinevi.com.tr\/index.php\/wp-json\/wp\/v2\/product_cat?post=741017"},{"taxonomy":"product_tag","embeddable":true,"href":"https:\/\/roveyayinevi.com.tr\/index.php\/wp-json\/wp\/v2\/product_tag?post=741017"}],"curies":[{"name":"wp","href":"https:\/\/api.w.org\/{rel}","templated":true}]}}