{"id":741013,"date":"2025-08-28T00:39:47","date_gmt":"2025-08-27T21:39:47","guid":{"rendered":"https:\/\/roveyayinevi.com.tr\/index.php\/urun\/ayinin-anlatacak-bir-hikayesi-var\/"},"modified":"2026-04-16T02:52:10","modified_gmt":"2026-04-15T23:52:10","slug":"ayinin-anlatacak-bir-hikayesi-var","status":"publish","type":"product","link":"https:\/\/roveyayinevi.com.tr\/index.php\/urun\/ayinin-anlatacak-bir-hikayesi-var\/","title":{"rendered":"Ay\u0131\u2019n\u0131n Anlatacak Bir Hikayesi Var"},"content":{"rendered":"<p>Bir hik\u00e2ye dinlemek ister misiniz? Ay\u0131\u2019n\u0131n anlatacak bir hik\u00e2yesi vard\u0131r. \u00d6nce arkada\u015f\u0131 Fare\u2019ye gider ama Fare\u2019nin onu dinleyecek vakti yoktur. Sonra arkada\u015f\u0131 \u00d6rdek\u2019i g\u00f6r\u00fcr, ne yaz\u0131k ki \u00d6rdek de g\u00f6\u00e7 etmeye haz\u0131rlan\u0131yordur. Hik\u00e2yesini bir de Kurba\u011fa dostuna anlatmay\u0131 dener ama o da uyuyacak s\u0131cak bir yer aramaktad\u0131r. \u00c7ok sevilen \u201cBek\u00e7i Amos\u2019un Hastaland\u0131\u011f\u0131 G\u00fcn\u201d kitab\u0131n\u0131n yazar ve ill\u00fcstrat\u00f6rleri Philip ve Erin Stead\u2019den dostluk ve sab\u0131r \u00fczerine sevimli bir hik\u00e2ye. <\/p>\n","protected":false},"excerpt":{"rendered":"<p>Bir hik\u00e2ye dinlemek ister misiniz? Ay\u0131\u2019n\u0131n anlatacak bir hik\u00e2yesi vard\u0131r. \u00d6nce arkada\u015f\u0131 Fare\u2019ye gider ama Fare\u2019nin onu dinleyecek vakti yoktur. Sonra arkada\u015f\u0131 \u00d6rdek\u2019i g\u00f6r\u00fcr, ne yaz\u0131k<span class=\"excerpt-hellip\"> [\u2026]<\/span><\/p>\n","protected":false},"featured_media":0,"template":"","meta":{"_monsterinsights_skip_tracking":false,"_monsterinsights_sitenote_active":false,"_monsterinsights_sitenote_note":"","_monsterinsights_sitenote_category":0},"product_brand":[],"product_cat":[12274,12284],"product_tag":[],"class_list":{"0":"post-741013","1":"product","2":"type-product","3":"status-publish","5":"product_cat-cocuk-ve-genclik-kitaplari","6":"product_cat-hikayeler","7":"pa_cilt-ciltsiz","8":"pa_tur-kitap","9":"pa_yayinevi-yapi-kredi-yayinlari","10":"pa_yazar-philip-c-stead","12":"first","13":"instock","14":"sale","15":"shipping-taxable","16":"purchasable","17":"product-type-simple"},"_links":{"self":[{"href":"https:\/\/roveyayinevi.com.tr\/index.php\/wp-json\/wp\/v2\/product\/741013","targetHints":{"allow":["GET"]}}],"collection":[{"href":"https:\/\/roveyayinevi.com.tr\/index.php\/wp-json\/wp\/v2\/product"}],"about":[{"href":"https:\/\/roveyayinevi.com.tr\/index.php\/wp-json\/wp\/v2\/types\/product"}],"wp:attachment":[{"href":"https:\/\/roveyayinevi.com.tr\/index.php\/wp-json\/wp\/v2\/media?parent=741013"}],"wp:term":[{"taxonomy":"product_brand","embeddable":true,"href":"https:\/\/roveyayinevi.com.tr\/index.php\/wp-json\/wp\/v2\/product_brand?post=741013"},{"taxonomy":"product_cat","embeddable":true,"href":"https:\/\/roveyayinevi.com.tr\/index.php\/wp-json\/wp\/v2\/product_cat?post=741013"},{"taxonomy":"product_tag","embeddable":true,"href":"https:\/\/roveyayinevi.com.tr\/index.php\/wp-json\/wp\/v2\/product_tag?post=741013"}],"curies":[{"name":"wp","href":"https:\/\/api.w.org\/{rel}","templated":true}]}}