{"id":741010,"date":"2025-08-28T00:39:43","date_gmt":"2025-08-27T21:39:43","guid":{"rendered":"https:\/\/roveyayinevi.com.tr\/index.php\/urun\/benim-guzel-vapurum\/"},"modified":"2026-04-16T02:52:10","modified_gmt":"2026-04-15T23:52:10","slug":"benim-guzel-vapurum","status":"publish","type":"product","link":"https:\/\/roveyayinevi.com.tr\/index.php\/urun\/benim-guzel-vapurum\/","title":{"rendered":"Benim G\u00fczel Vapurum"},"content":{"rendered":"<p>BEN\u0130M G\u00dcZEL VAPURUM Vapurlarla yar\u0131\u015fan yunuslar\u0131 merak ediyor musunuz? Peki vapur i\u00e7inde o kadar arabayla nas\u0131l y\u00fcz\u00fcyor biliyor musunuz? Yandan \u00e7arkl\u0131 bir ta\u015f\u0131t m\u0131 yoksa bir i\u00e7ecek mi dersiniz?   Bu sorular\u0131n yan\u0131t\u0131n\u0131 merak ediyorsan\u0131z, Filiz \u00d6zdem\u2019in yazd\u0131\u011f\u0131, Eren Caner Polat\u2019\u0131n resimleriyle e\u015flik etti\u011fi bu s\u0131ms\u0131cak dede torun hik\u00e2yesi tam size g\u00f6re!   <\/p>\n","protected":false},"excerpt":{"rendered":"<p>BEN\u0130M G\u00dcZEL VAPURUM Vapurlarla yar\u0131\u015fan yunuslar\u0131 merak ediyor musunuz? Peki vapur i\u00e7inde o kadar arabayla nas\u0131l y\u00fcz\u00fcyor biliyor musunuz? Yandan \u00e7arkl\u0131 bir ta\u015f\u0131t m\u0131 yoksa bir<span class=\"excerpt-hellip\"> [\u2026]<\/span><\/p>\n","protected":false},"featured_media":0,"template":"","meta":{"_monsterinsights_skip_tracking":false,"_monsterinsights_sitenote_active":false,"_monsterinsights_sitenote_note":"","_monsterinsights_sitenote_category":0},"product_brand":[],"product_cat":[12274,12284],"product_tag":[],"class_list":{"0":"post-741010","1":"product","2":"type-product","3":"status-publish","5":"product_cat-cocuk-ve-genclik-kitaplari","6":"product_cat-hikayeler","7":"pa_cilt-ciltsiz","8":"pa_tur-kitap","9":"pa_yayinevi-yapi-kredi-yayinlari","10":"pa_yazar-filiz-ozdem","12":"first","13":"instock","14":"sale","15":"shipping-taxable","16":"purchasable","17":"product-type-simple"},"_links":{"self":[{"href":"https:\/\/roveyayinevi.com.tr\/index.php\/wp-json\/wp\/v2\/product\/741010","targetHints":{"allow":["GET"]}}],"collection":[{"href":"https:\/\/roveyayinevi.com.tr\/index.php\/wp-json\/wp\/v2\/product"}],"about":[{"href":"https:\/\/roveyayinevi.com.tr\/index.php\/wp-json\/wp\/v2\/types\/product"}],"wp:attachment":[{"href":"https:\/\/roveyayinevi.com.tr\/index.php\/wp-json\/wp\/v2\/media?parent=741010"}],"wp:term":[{"taxonomy":"product_brand","embeddable":true,"href":"https:\/\/roveyayinevi.com.tr\/index.php\/wp-json\/wp\/v2\/product_brand?post=741010"},{"taxonomy":"product_cat","embeddable":true,"href":"https:\/\/roveyayinevi.com.tr\/index.php\/wp-json\/wp\/v2\/product_cat?post=741010"},{"taxonomy":"product_tag","embeddable":true,"href":"https:\/\/roveyayinevi.com.tr\/index.php\/wp-json\/wp\/v2\/product_tag?post=741010"}],"curies":[{"name":"wp","href":"https:\/\/api.w.org\/{rel}","templated":true}]}}