{"id":741009,"date":"2025-08-28T00:39:42","date_gmt":"2025-08-27T21:39:42","guid":{"rendered":"https:\/\/roveyayinevi.com.tr\/index.php\/urun\/kitap-lik-221-mayis-haziran-2022\/"},"modified":"2026-04-16T02:52:10","modified_gmt":"2026-04-15T23:52:10","slug":"kitap-lik-221-mayis-haziran-2022","status":"publish","type":"product","link":"https:\/\/roveyayinevi.com.tr\/index.php\/urun\/kitap-lik-221-mayis-haziran-2022\/","title":{"rendered":"Kitap-l\u0131k 221 &#8211; May\u0131s \u2013 Haziran 2022"},"content":{"rendered":"<p>Yap\u0131 Kredi Yay\u0131nlar\u0131 taraf\u0131ndan yay\u0131mlanmakta olan kitap-l\u0131k dergisinin 221. say\u0131s\u0131nda dosya konusu Nursel Duruel\u2019in \u00f6yk\u00fc kitab\u0131 Geyikler, Annem ve Almanya. Kitab\u0131n 40. y\u0131l\u0131nda yap\u0131lan YKY \u00f6zel bask\u0131s\u0131 dolay\u0131s\u0131yla haz\u0131rlanan dosya Berat Alanyal\u0131\u2019n\u0131n Nursel Duruel ile yapt\u0131\u011f\u0131 bir s\u00f6yle\u015fiyle a\u00e7\u0131l\u0131yor. \u0130brahim Y\u0131ld\u0131r\u0131m, H\u00fclya Soy\u015fekerci, M. Sad\u0131k Aslankara, M. Zaman Sa\u00e7l\u0131o\u011flu, Haydar Erg\u00fclen kitab\u0131 ve yazar\u0131 de\u011ferlendiren yaz\u0131lar\u0131yla dosyada yer al\u0131yor.   \u0130brahim Y\u0131ld\u0131r\u0131m ile D\u00fcnbat\u0131m\u0131 Defterleri roman\u0131, M. Kayahan \u00d6zg\u00fcl ile Bindik Bir Al\u00e2mete\u2026 kitab\u0131 \u00fcst\u00fcne s\u00f6yle\u015filerin bulundu\u011fu dergide Edip Cansever ar\u015fivinden \u00e7\u0131kan iki Cansever \u015fiiri de dikkat \u00e7ekiyor.   Nihat Ziyalan, Y\u00fcksel Pazarkaya, S\u00fcreyya Berfe, H\u00fcseyin Peker, Turgay Kant\u00fcrk, Muzaffer Kale, Enver Topalo\u011flu ve Ula\u015f Bager Aldemir \u015fiirleri; \u015eiir Erk\u00f6k Y\u0131lmaz, \u0130lhan Durusel, Zehra T\u0131r\u0131l, Kerem I\u015f\u0131k, G\u00f6khan Y\u0131lmaz, Ay\u015fen I\u015f\u0131k, Ferdi \u00c7etin, Adil \u0130zci, Engin \u00d6zkol ve Serdar Rifat \u00f6yk\u00fcleri; Mehmet Can Do\u011fan, Erendiz Atas\u00fc, Mukadder \u00d6zge\u00e7, Musa Yaz\u0131c\u0131, Or\u00e7un \u00dc\u00e7er, Ramis Dara, Burak \u00c7etinta\u015f yaz\u0131lar\u0131yla kitap-l\u0131k dergisinin 221. say\u0131s\u0131nda. kitap-l\u0131k 29 y\u0131ld\u0131r iyi edebiyat\u0131n adresi. <\/p>\n","protected":false},"excerpt":{"rendered":"<p>Yap\u0131 Kredi Yay\u0131nlar\u0131 taraf\u0131ndan yay\u0131mlanmakta olan kitap-l\u0131k dergisinin 221. say\u0131s\u0131nda dosya konusu Nursel Duruel\u2019in \u00f6yk\u00fc kitab\u0131 Geyikler, Annem ve Almanya. Kitab\u0131n 40. y\u0131l\u0131nda yap\u0131lan YKY \u00f6zel<span class=\"excerpt-hellip\"> [\u2026]<\/span><\/p>\n","protected":false},"featured_media":0,"template":"","meta":{"_monsterinsights_skip_tracking":false,"_monsterinsights_sitenote_active":false,"_monsterinsights_sitenote_note":"","_monsterinsights_sitenote_category":0},"product_brand":[],"product_cat":[30023,13527],"product_tag":[],"class_list":{"0":"post-741009","1":"product","2":"type-product","3":"status-publish","5":"product_cat-edebiyat-sureli-yayinlar","6":"product_cat-sureli-yayinlar","7":"pa_cilt-ciltsiz","8":"pa_tur-dergi","9":"pa_yayinevi-yapi-kredi-yayinlari-dergi","10":"pa_yazar-yapi-kredi-yayinlari-kolektif","12":"first","13":"instock","14":"sale","15":"shipping-taxable","16":"purchasable","17":"product-type-simple"},"_links":{"self":[{"href":"https:\/\/roveyayinevi.com.tr\/index.php\/wp-json\/wp\/v2\/product\/741009","targetHints":{"allow":["GET"]}}],"collection":[{"href":"https:\/\/roveyayinevi.com.tr\/index.php\/wp-json\/wp\/v2\/product"}],"about":[{"href":"https:\/\/roveyayinevi.com.tr\/index.php\/wp-json\/wp\/v2\/types\/product"}],"wp:attachment":[{"href":"https:\/\/roveyayinevi.com.tr\/index.php\/wp-json\/wp\/v2\/media?parent=741009"}],"wp:term":[{"taxonomy":"product_brand","embeddable":true,"href":"https:\/\/roveyayinevi.com.tr\/index.php\/wp-json\/wp\/v2\/product_brand?post=741009"},{"taxonomy":"product_cat","embeddable":true,"href":"https:\/\/roveyayinevi.com.tr\/index.php\/wp-json\/wp\/v2\/product_cat?post=741009"},{"taxonomy":"product_tag","embeddable":true,"href":"https:\/\/roveyayinevi.com.tr\/index.php\/wp-json\/wp\/v2\/product_tag?post=741009"}],"curies":[{"name":"wp","href":"https:\/\/api.w.org\/{rel}","templated":true}]}}